{"id":10566,"date":"2020-07-29T13:12:56","date_gmt":"2020-07-29T18:12:56","guid":{"rendered":"https:\/\/www.fiscaliadecuentas.gob.pa\/?page_id=10566"},"modified":"2024-08-30T09:24:33","modified_gmt":"2024-08-30T14:24:33","slug":"formulario-de-solicitud-de-informacion-2","status":"publish","type":"page","link":"https:\/\/www.fiscaliadecuentas.gob.pa\/?page_id=10566","title":{"rendered":"Formulario de Solicitud de Informaci\u00f3n"},"content":{"rendered":"\t\t<div data-elementor-type=\"wp-page\" data-elementor-id=\"10566\" class=\"elementor elementor-10566\" data-elementor-settings=\"[]\">\n\t\t\t\t\t\t<div class=\"elementor-inner\">\n\t\t\t\t\t\t\t<div class=\"elementor-section-wrap\">\n\t\t\t\t\t\t\t<section class=\"elementor-section elementor-top-section elementor-element elementor-element-068782f elementor-section-full_width elementor-section-height-default elementor-section-height-default\" data-id=\"068782f\" data-element_type=\"section\">\n\t\t\t\t\t\t<div class=\"elementor-container elementor-column-gap-no\">\n\t\t\t\t\t\t\t<div class=\"elementor-row\">\n\t\t\t\t\t<div class=\"elementor-column elementor-col-100 elementor-top-column elementor-element elementor-element-53549d4\" data-id=\"53549d4\" data-element_type=\"column\">\n\t\t\t<div class=\"elementor-column-wrap elementor-element-populated\">\n\t\t\t\t\t\t\t<div class=\"elementor-widget-wrap\">\n\t\t\t\t\t\t<div class=\"elementor-element elementor-element-50d4644 elementor-widget elementor-widget-shortcode\" data-id=\"50d4644\" data-element_type=\"widget\" data-widget_type=\"shortcode.default\">\n\t\t\t\t<div class=\"elementor-widget-container\">\n\t\t\t\t\t<div class=\"elementor-shortcode\">[layerslider id=\"8\"]<\/div>\n\t\t\t\t<\/div>\n\t\t\t\t<\/div>\n\t\t\t\t\t\t<\/div>\n\t\t\t\t\t<\/div>\n\t\t<\/div>\n\t\t\t\t\t\t\t\t<\/div>\n\t\t\t\t\t<\/div>\n\t\t<\/section>\n\t\t\t\t<section class=\"elementor-section elementor-top-section elementor-element elementor-element-bee8c3d elementor-section-full_width elementor-section-height-default elementor-section-height-default\" data-id=\"bee8c3d\" data-element_type=\"section\">\n\t\t\t\t\t\t<div class=\"elementor-container elementor-column-gap-default\">\n\t\t\t\t\t\t\t<div class=\"elementor-row\">\n\t\t\t\t\t<div class=\"elementor-column elementor-col-100 elementor-top-column elementor-element elementor-element-db98746\" data-id=\"db98746\" data-element_type=\"column\">\n\t\t\t<div class=\"elementor-column-wrap elementor-element-populated\">\n\t\t\t\t\t\t\t<div class=\"elementor-widget-wrap\">\n\t\t\t\t\t\t<div class=\"elementor-element elementor-element-64c12c0 elementor-widget elementor-widget-spacer\" data-id=\"64c12c0\" data-element_type=\"widget\" data-widget_type=\"spacer.default\">\n\t\t\t\t<div class=\"elementor-widget-container\">\n\t\t\t\t\t<div class=\"elementor-spacer\">\n\t\t\t<div class=\"elementor-spacer-inner\"><\/div>\n\t\t<\/div>\n\t\t\t\t<\/div>\n\t\t\t\t<\/div>\n\t\t\t\t\t\t<\/div>\n\t\t\t\t\t<\/div>\n\t\t<\/div>\n\t\t\t\t\t\t\t\t<\/div>\n\t\t\t\t\t<\/div>\n\t\t<\/section>\n\t\t\t\t<section class=\"elementor-section elementor-top-section elementor-element elementor-element-ea80efe elementor-section-boxed elementor-section-height-default elementor-section-height-default\" data-id=\"ea80efe\" data-element_type=\"section\">\n\t\t\t\t\t\t<div class=\"elementor-container elementor-column-gap-default\">\n\t\t\t\t\t\t\t<div class=\"elementor-row\">\n\t\t\t\t\t<div class=\"elementor-column elementor-col-100 elementor-top-column elementor-element elementor-element-fdd3cfb\" data-id=\"fdd3cfb\" data-element_type=\"column\">\n\t\t\t<div class=\"elementor-column-wrap elementor-element-populated\">\n\t\t\t\t\t\t\t<div class=\"elementor-widget-wrap\">\n\t\t\t\t\t\t<div class=\"elementor-element elementor-element-81bbd23 elementor-widget elementor-widget-heading\" data-id=\"81bbd23\" data-element_type=\"widget\" data-widget_type=\"heading.default\">\n\t\t\t\t<div class=\"elementor-widget-container\">\n\t\t\t<h2 class=\"elementor-heading-title elementor-size-default\">Formulario de Solicitud de Informaci\u00f3n<\/h2>\t\t<\/div>\n\t\t\t\t<\/div>\n\t\t\t\t\t\t<\/div>\n\t\t\t\t\t<\/div>\n\t\t<\/div>\n\t\t\t\t\t\t\t\t<\/div>\n\t\t\t\t\t<\/div>\n\t\t<\/section>\n\t\t\t\t<section class=\"elementor-section elementor-top-section elementor-element elementor-element-c939cd7 elementor-section-boxed elementor-section-height-default elementor-section-height-default\" data-id=\"c939cd7\" data-element_type=\"section\">\n\t\t\t\t\t\t<div class=\"elementor-container elementor-column-gap-default\">\n\t\t\t\t\t\t\t<div class=\"elementor-row\">\n\t\t\t\t\t<div class=\"elementor-column elementor-col-25 elementor-top-column elementor-element elementor-element-51854a3\" data-id=\"51854a3\" data-element_type=\"column\">\n\t\t\t<div class=\"elementor-column-wrap elementor-element-populated\">\n\t\t\t\t\t\t\t<div class=\"elementor-widget-wrap\">\n\t\t\t\t\t\t<div class=\"elementor-element elementor-element-7d6a449 elementor-widget elementor-widget-spacer\" data-id=\"7d6a449\" data-element_type=\"widget\" data-widget_type=\"spacer.default\">\n\t\t\t\t<div class=\"elementor-widget-container\">\n\t\t\t\t\t<div class=\"elementor-spacer\">\n\t\t\t<div class=\"elementor-spacer-inner\"><\/div>\n\t\t<\/div>\n\t\t\t\t<\/div>\n\t\t\t\t<\/div>\n\t\t\t\t<div class=\"elementor-element elementor-element-403379e elementor-widget elementor-widget-spacer\" data-id=\"403379e\" data-element_type=\"widget\" data-widget_type=\"spacer.default\">\n\t\t\t\t<div class=\"elementor-widget-container\">\n\t\t\t\t\t<div class=\"elementor-spacer\">\n\t\t\t<div class=\"elementor-spacer-inner\"><\/div>\n\t\t<\/div>\n\t\t\t\t<\/div>\n\t\t\t\t<\/div>\n\t\t\t\t<div class=\"elementor-element elementor-element-b9f53e4 elementor-widget elementor-widget-heading\" data-id=\"b9f53e4\" data-element_type=\"widget\" data-widget_type=\"heading.default\">\n\t\t\t\t<div class=\"elementor-widget-container\">\n\t\t\t<h6 class=\"elementor-heading-title elementor-size-default\">Documentos de Referencia<\/h6>\t\t<\/div>\n\t\t\t\t<\/div>\n\t\t\t\t<div class=\"elementor-element elementor-element-f2669a4 elementor-icon-list--layout-traditional elementor-list-item-link-full_width elementor-widget elementor-widget-icon-list\" data-id=\"f2669a4\" data-element_type=\"widget\" data-widget_type=\"icon-list.default\">\n\t\t\t\t<div class=\"elementor-widget-container\">\n\t\t\t\t\t<ul class=\"elementor-icon-list-items\">\n\t\t\t\t\t\t\t<li class=\"elementor-icon-list-item\">\n\t\t\t\t\t\t\t\t\t\t\t<a href=\"https:\/\/www.fiscaliadecuentas.gob.pa\/wp-content\/uploads\/2020\/07\/Ley_6_de_2002_-_Gaceta_24476_2002.pdf\" target=\"_blank\" rel=\"nofollow\">\n\n\t\t\t\t\t\t\t\t\t\t\t\t<span class=\"elementor-icon-list-icon\">\n\t\t\t\t\t\t\t<i aria-hidden=\"true\" class=\"fas fa-file-pdf\"><\/i>\t\t\t\t\t\t<\/span>\n\t\t\t\t\t\t\t\t\t\t<span class=\"elementor-icon-list-text\">Ley 6 de 2002 - Gaceta 24476<\/span>\n\t\t\t\t\t\t\t\t\t\t\t<\/a>\n\t\t\t\t\t\t\t\t\t<\/li>\n\t\t\t\t\t\t\t\t<li class=\"elementor-icon-list-item\">\n\t\t\t\t\t\t\t\t\t\t\t<a href=\"https:\/\/www.fiscaliadecuentas.gob.pa\/wp-content\/uploads\/2020\/07\/Ley_33_de_2013_-_Gaceta_27275-A_2013.pdf\" target=\"_blank\" rel=\"nofollow\">\n\n\t\t\t\t\t\t\t\t\t\t\t\t<span class=\"elementor-icon-list-icon\">\n\t\t\t\t\t\t\t<i aria-hidden=\"true\" class=\"fas fa-file-pdf\"><\/i>\t\t\t\t\t\t<\/span>\n\t\t\t\t\t\t\t\t\t\t<span class=\"elementor-icon-list-text\">Ley 33 del 2013 - Gaceta 27275-A<\/span>\n\t\t\t\t\t\t\t\t\t\t\t<\/a>\n\t\t\t\t\t\t\t\t\t<\/li>\n\t\t\t\t\t\t\t\t<li class=\"elementor-icon-list-item\">\n\t\t\t\t\t\t\t\t\t\t\t<a href=\"https:\/\/www.fiscaliadecuentas.gob.pa\/wp-content\/uploads\/2020\/07\/Resoluci\u00f3n-55-de-2011-de-la-AIG-Gaceta-26749-A_2011.pdf\" target=\"_blank\" rel=\"nofollow\">\n\n\t\t\t\t\t\t\t\t\t\t\t\t<span class=\"elementor-icon-list-icon\">\n\t\t\t\t\t\t\t<i aria-hidden=\"true\" class=\"fas fa-file-pdf\"><\/i>\t\t\t\t\t\t<\/span>\n\t\t\t\t\t\t\t\t\t\t<span class=\"elementor-icon-list-text\">Resoluci\u00f3n 55 de 2011 de la AIG - Gaceta 26749-A_2011<\/span>\n\t\t\t\t\t\t\t\t\t\t\t<\/a>\n\t\t\t\t\t\t\t\t\t<\/li>\n\t\t\t\t\t\t\t\t<li class=\"elementor-icon-list-item\">\n\t\t\t\t\t\t\t\t\t\t\t<a href=\"https:\/\/www.fiscaliadecuentas.gob.pa\/wp-content\/uploads\/2020\/08\/Diagrama_de_flujo.pdf\" target=\"_blank\" rel=\"nofollow\">\n\n\t\t\t\t\t\t\t\t\t\t\t\t<span class=\"elementor-icon-list-icon\">\n\t\t\t\t\t\t\t<i aria-hidden=\"true\" class=\"fas fa-file-pdf\"><\/i>\t\t\t\t\t\t<\/span>\n\t\t\t\t\t\t\t\t\t\t<span class=\"elementor-icon-list-text\">Flujo para ciudadano<\/span>\n\t\t\t\t\t\t\t\t\t\t\t<\/a>\n\t\t\t\t\t\t\t\t\t<\/li>\n\t\t\t\t\t\t\t\t<li class=\"elementor-icon-list-item\">\n\t\t\t\t\t\t\t\t\t\t\t<a href=\"https:\/\/www.fiscaliadecuentas.gob.pa\/wp-content\/uploads\/2020\/08\/FORMULARIO_PARA_SOLICITUD_DE_INFORMACI\u00d3N_v1.1.pdf\" target=\"_blank\" rel=\"nofollow\">\n\n\t\t\t\t\t\t\t\t\t\t\t\t<span class=\"elementor-icon-list-icon\">\n\t\t\t\t\t\t\t<i aria-hidden=\"true\" class=\"fas fa-file-pdf\"><\/i>\t\t\t\t\t\t<\/span>\n\t\t\t\t\t\t\t\t\t\t<span class=\"elementor-icon-list-text\">FORMULARIO PARA SOLICITUD DE INFORMACI\u00d3N<\/span>\n\t\t\t\t\t\t\t\t\t\t\t<\/a>\n\t\t\t\t\t\t\t\t\t<\/li>\n\t\t\t\t\t\t\t\t<li class=\"elementor-icon-list-item\">\n\t\t\t\t\t\t\t\t\t\t\t<a href=\"https:\/\/www.fiscaliadecuentas.gob.pa\/wp-content\/uploads\/2020\/08\/Ley-81-de-2019-entra-a-regir-el-29-de-marzo-de-2021.pdf\" target=\"_blank\" rel=\"nofollow\">\n\n\t\t\t\t\t\t\t\t\t\t\t\t<span class=\"elementor-icon-list-icon\">\n\t\t\t\t\t\t\t<i aria-hidden=\"true\" class=\"fas fa-file-pdf\"><\/i>\t\t\t\t\t\t<\/span>\n\t\t\t\t\t\t\t\t\t\t<span class=\"elementor-icon-list-text\">Ley 81 de 2019 entra a regir el 29 de marzo de 2021<\/span>\n\t\t\t\t\t\t\t\t\t\t\t<\/a>\n\t\t\t\t\t\t\t\t\t<\/li>\n\t\t\t\t\t\t<\/ul>\n\t\t\t\t<\/div>\n\t\t\t\t<\/div>\n\t\t\t\t\t\t<\/div>\n\t\t\t\t\t<\/div>\n\t\t<\/div>\n\t\t\t\t<div class=\"elementor-column elementor-col-50 elementor-top-column elementor-element elementor-element-b72d345\" data-id=\"b72d345\" data-element_type=\"column\">\n\t\t\t<div class=\"elementor-column-wrap elementor-element-populated\">\n\t\t\t\t\t\t\t<div class=\"elementor-widget-wrap\">\n\t\t\t\t\t\t<div class=\"elementor-element elementor-element-ac45c65 elementor-widget elementor-widget-shortcode\" data-id=\"ac45c65\" data-element_type=\"widget\" data-widget_type=\"shortcode.default\">\n\t\t\t\t<div class=\"elementor-widget-container\">\n\t\t\t\t\t<div class=\"elementor-shortcode\">[caldera_form id=\"CF5f21ad144f7f1\"]<\/div>\n\t\t\t\t<\/div>\n\t\t\t\t<\/div>\n\t\t\t\t<div class=\"elementor-element elementor-element-4252e20 elementor-widget elementor-widget-text-editor\" data-id=\"4252e20\" data-element_type=\"widget\" data-widget_type=\"text-editor.default\">\n\t\t\t\t<div class=\"elementor-widget-container\">\n\t\t\t\t\t\t\t\t<div class=\"elementor-text-editor elementor-clearfix\">\n\t\t\t\t<p><strong style=\"vertical-aligment: center;\">Adem\u00e1s, podr\u00e1 usted solicitar la informaci\u00f3n directamente en la Fiscal\u00eda General de Cuentas, completando el siguiente formulario para la <a href=\"https:\/\/www.fiscaliadecuentas.gob.pa\/wp-content\/uploads\/2020\/08\/FORMULARIO_PARA_SOLICITUD_DE_INFORMACI\u00d3N_v1.1.pdf\" target=\"_blank\" rel=\"noopener\">solicitud de informaci\u00f3n.<\/a><\/strong><\/p>\t\t\t\t\t<\/div>\n\t\t\t\t\t\t<\/div>\n\t\t\t\t<\/div>\n\t\t\t\t\t\t<\/div>\n\t\t\t\t\t<\/div>\n\t\t<\/div>\n\t\t\t\t<div class=\"elementor-column elementor-col-25 elementor-top-column elementor-element elementor-element-6c5b2d1\" data-id=\"6c5b2d1\" data-element_type=\"column\">\n\t\t\t<div class=\"elementor-column-wrap elementor-element-populated\">\n\t\t\t\t\t\t\t<div class=\"elementor-widget-wrap\">\n\t\t\t\t\t\t<div class=\"elementor-element elementor-element-cb9df56 elementor-widget elementor-widget-wp-widget-search\" data-id=\"cb9df56\" data-element_type=\"widget\" data-widget_type=\"wp-widget-search.default\">\n\t\t\t\t<div class=\"elementor-widget-container\">\n\t\t\t<h5>Buscar<\/h5>\n<search>\n\t<form action=\"https:\/\/www.fiscaliadecuentas.gob.pa\/\" id=\"searchform\" method=\"get\" class=\"av_disable_ajax_search\">\n\t\t<div>\n<span class='av_searchform_search avia-svg-icon avia-font-svg_entypo-fontello' data-av_svg_icon='search' data-av_iconset='svg_entypo-fontello'><svg version=\"1.1\" xmlns=\"http:\/\/www.w3.org\/2000\/svg\" width=\"25\" height=\"32\" viewBox=\"0 0 25 32\" preserveAspectRatio=\"xMidYMid meet\" aria-labelledby='av-svg-title-1' aria-describedby='av-svg-desc-1' role=\"graphics-symbol\" aria-hidden=\"true\">\n<title id='av-svg-title-1'>Search<\/title>\n<desc id='av-svg-desc-1'>Search<\/desc>\n<path d=\"M24.704 24.704q0.96 1.088 0.192 1.984l-1.472 1.472q-1.152 1.024-2.176 0l-6.080-6.080q-2.368 1.344-4.992 1.344-4.096 0-7.136-3.040t-3.040-7.136 2.88-7.008 6.976-2.912 7.168 3.040 3.072 7.136q0 2.816-1.472 5.184zM3.008 13.248q0 2.816 2.176 4.992t4.992 2.176 4.832-2.016 2.016-4.896q0-2.816-2.176-4.96t-4.992-2.144-4.832 2.016-2.016 4.832z\"><\/path>\n<\/svg><\/span>\t\t\t<input type=\"submit\" value=\"\" id=\"searchsubmit\" class=\"button\" title=\"Click to start search\" \/>\n\t\t\t<input type=\"search\" id=\"s\" name=\"s\" value=\"\" aria-label='Buscar' placeholder='Buscar' required \/>\n\t\t<\/div>\n\t<\/form>\n<\/search>\n\t\t<\/div>\n\t\t\t\t<\/div>\n\t\t\t\t<div class=\"elementor-element elementor-element-3ed0ad6 elementor-widget elementor-widget-wp-widget-newsbox\" data-id=\"3ed0ad6\" data-element_type=\"widget\" data-widget_type=\"wp-widget-newsbox.default\">\n\t\t\t\t<div class=\"elementor-widget-container\">\n\t\t\t<h5>Lo m\u00e1s reciente<\/h5><ul class=\"news-wrap image_size_widget\"><li class=\"news-content post-format-standard\"><div class=\"news-link\"><a class='news-thumb ' title=\"Read: Realizan jornada de actualizaci\u00f3n formativa en la Jurisdicci\u00f3n de Cuentas\" href=\"https:\/\/www.fiscaliadecuentas.gob.pa\/?p=40777\"><img decoding=\"async\" loading=\"lazy\" width=\"36\" height=\"36\" src=\"https:\/\/www.fiscaliadecuentas.gob.pa\/wp-content\/uploads\/2026\/04\/WhatsApp-Image-2026-04-29-at-3.05.59-PM-1-36x36.jpeg\" class=\"wp-image-40778 avia-img-lazy-loading-40778 attachment-widget size-widget wp-post-image\" alt=\"\" srcset=\"https:\/\/www.fiscaliadecuentas.gob.pa\/wp-content\/uploads\/2026\/04\/WhatsApp-Image-2026-04-29-at-3.05.59-PM-1-36x36.jpeg 36w, https:\/\/www.fiscaliadecuentas.gob.pa\/wp-content\/uploads\/2026\/04\/WhatsApp-Image-2026-04-29-at-3.05.59-PM-1-80x80.jpeg 80w, https:\/\/www.fiscaliadecuentas.gob.pa\/wp-content\/uploads\/2026\/04\/WhatsApp-Image-2026-04-29-at-3.05.59-PM-1-180x180.jpeg 180w\" sizes=\"auto, (max-width: 36px) 100vw, 36px\" \/><\/a><div class=\"news-headline\"><a class='news-title' title=\"Read: Realizan jornada de actualizaci\u00f3n formativa en la Jurisdicci\u00f3n de Cuentas\" href=\"https:\/\/www.fiscaliadecuentas.gob.pa\/?p=40777\">Realizan jornada de actualizaci\u00f3n formativa en la Jurisdicci\u00f3n de Cuentas<\/a><\/div><\/div><\/li><li class=\"news-content post-format-standard\"><div class=\"news-link\"><a class='news-thumb ' title=\"Read: Funcionarios de la Fiscal\u00eda General de Cuentas se capacitan en materia de prevenci\u00f3n\" href=\"https:\/\/www.fiscaliadecuentas.gob.pa\/?p=40771\"><img decoding=\"async\" loading=\"lazy\" width=\"36\" height=\"36\" src=\"https:\/\/www.fiscaliadecuentas.gob.pa\/wp-content\/uploads\/2026\/04\/WhatsApp-Image-2026-04-28-at-12.06.15-PM-36x36.jpeg\" class=\"wp-image-40772 avia-img-lazy-loading-40772 attachment-widget size-widget wp-post-image\" alt=\"\" srcset=\"https:\/\/www.fiscaliadecuentas.gob.pa\/wp-content\/uploads\/2026\/04\/WhatsApp-Image-2026-04-28-at-12.06.15-PM-36x36.jpeg 36w, https:\/\/www.fiscaliadecuentas.gob.pa\/wp-content\/uploads\/2026\/04\/WhatsApp-Image-2026-04-28-at-12.06.15-PM-80x80.jpeg 80w, https:\/\/www.fiscaliadecuentas.gob.pa\/wp-content\/uploads\/2026\/04\/WhatsApp-Image-2026-04-28-at-12.06.15-PM-180x180.jpeg 180w\" sizes=\"auto, (max-width: 36px) 100vw, 36px\" \/><\/a><div class=\"news-headline\"><a class='news-title' title=\"Read: Funcionarios de la Fiscal\u00eda General de Cuentas se capacitan en materia de prevenci\u00f3n\" href=\"https:\/\/www.fiscaliadecuentas.gob.pa\/?p=40771\">Funcionarios de la Fiscal\u00eda General de Cuentas se capacitan en materia de prevenci\u00f3n<\/a><\/div><\/div><\/li><li class=\"news-content post-format-standard\"><div class=\"news-link\"><a class='news-thumb ' title=\"Read: Desarrollan conversatorio sobre las vivencias del autismo\" href=\"https:\/\/www.fiscaliadecuentas.gob.pa\/?p=40764\"><img decoding=\"async\" loading=\"lazy\" width=\"36\" height=\"36\" src=\"https:\/\/www.fiscaliadecuentas.gob.pa\/wp-content\/uploads\/2026\/04\/WhatsApp-Image-2026-04-24-at-10.28.08-AM-1-36x36.jpeg\" class=\"wp-image-40765 avia-img-lazy-loading-40765 attachment-widget size-widget wp-post-image\" alt=\"\" srcset=\"https:\/\/www.fiscaliadecuentas.gob.pa\/wp-content\/uploads\/2026\/04\/WhatsApp-Image-2026-04-24-at-10.28.08-AM-1-36x36.jpeg 36w, https:\/\/www.fiscaliadecuentas.gob.pa\/wp-content\/uploads\/2026\/04\/WhatsApp-Image-2026-04-24-at-10.28.08-AM-1-80x80.jpeg 80w, https:\/\/www.fiscaliadecuentas.gob.pa\/wp-content\/uploads\/2026\/04\/WhatsApp-Image-2026-04-24-at-10.28.08-AM-1-180x180.jpeg 180w\" sizes=\"auto, (max-width: 36px) 100vw, 36px\" \/><\/a><div class=\"news-headline\"><a class='news-title' title=\"Read: Desarrollan conversatorio sobre las vivencias del autismo\" href=\"https:\/\/www.fiscaliadecuentas.gob.pa\/?p=40764\">Desarrollan conversatorio sobre las vivencias del autismo<\/a><\/div><\/div><\/li><\/ul>\t\t<\/div>\n\t\t\t\t<\/div>\n\t\t\t\t<div class=\"elementor-element elementor-element-2bf146a elementor-widget elementor-widget-wp-widget-archives\" data-id=\"2bf146a\" data-element_type=\"widget\" data-widget_type=\"wp-widget-archives.default\">\n\t\t\t\t<div class=\"elementor-widget-container\">\n\t\t\t<h5>Archivos<\/h5>\t\t<label class=\"screen-reader-text\" for=\"archives-dropdown-REPLACE_TO_ID\">Archivos<\/label>\n\t\t<select id=\"archives-dropdown-REPLACE_TO_ID\" name=\"archive-dropdown\">\n\t\t\t\n\t\t\t<option value=\"\">Elegir el mes<\/option>\n\t\t\t\t<option value='https:\/\/www.fiscaliadecuentas.gob.pa\/?m=202604'> abril 2026 &nbsp;(5)<\/option>\n\t<option value='https:\/\/www.fiscaliadecuentas.gob.pa\/?m=202603'> marzo 2026 &nbsp;(5)<\/option>\n\t<option value='https:\/\/www.fiscaliadecuentas.gob.pa\/?m=202601'> enero 2026 &nbsp;(3)<\/option>\n\t<option value='https:\/\/www.fiscaliadecuentas.gob.pa\/?m=202512'> diciembre 2025 &nbsp;(3)<\/option>\n\t<option value='https:\/\/www.fiscaliadecuentas.gob.pa\/?m=202511'> noviembre 2025 &nbsp;(3)<\/option>\n\t<option value='https:\/\/www.fiscaliadecuentas.gob.pa\/?m=202510'> octubre 2025 &nbsp;(6)<\/option>\n\t<option value='https:\/\/www.fiscaliadecuentas.gob.pa\/?m=202509'> septiembre 2025 &nbsp;(6)<\/option>\n\t<option value='https:\/\/www.fiscaliadecuentas.gob.pa\/?m=202508'> agosto 2025 &nbsp;(7)<\/option>\n\t<option value='https:\/\/www.fiscaliadecuentas.gob.pa\/?m=202507'> julio 2025 &nbsp;(5)<\/option>\n\t<option value='https:\/\/www.fiscaliadecuentas.gob.pa\/?m=202506'> junio 2025 &nbsp;(1)<\/option>\n\t<option value='https:\/\/www.fiscaliadecuentas.gob.pa\/?m=202505'> mayo 2025 &nbsp;(5)<\/option>\n\t<option value='https:\/\/www.fiscaliadecuentas.gob.pa\/?m=202504'> abril 2025 &nbsp;(4)<\/option>\n\t<option value='https:\/\/www.fiscaliadecuentas.gob.pa\/?m=202503'> marzo 2025 &nbsp;(1)<\/option>\n\t<option value='https:\/\/www.fiscaliadecuentas.gob.pa\/?m=202502'> febrero 2025 &nbsp;(7)<\/option>\n\t<option value='https:\/\/www.fiscaliadecuentas.gob.pa\/?m=202501'> enero 2025 &nbsp;(11)<\/option>\n\t<option value='https:\/\/www.fiscaliadecuentas.gob.pa\/?m=202412'> diciembre 2024 &nbsp;(2)<\/option>\n\t<option value='https:\/\/www.fiscaliadecuentas.gob.pa\/?m=202411'> noviembre 2024 &nbsp;(5)<\/option>\n\t<option value='https:\/\/www.fiscaliadecuentas.gob.pa\/?m=202410'> octubre 2024 &nbsp;(11)<\/option>\n\t<option value='https:\/\/www.fiscaliadecuentas.gob.pa\/?m=202409'> septiembre 2024 &nbsp;(5)<\/option>\n\t<option value='https:\/\/www.fiscaliadecuentas.gob.pa\/?m=202408'> agosto 2024 &nbsp;(10)<\/option>\n\n\t\t<\/select>\n\n\t\t\t<script type=\"text\/javascript\">\n\/* <![CDATA[ *\/\n\n(function() {\n\tvar dropdown = document.getElementById( \"archives-dropdown-REPLACE_TO_ID\" );\n\tfunction onSelectChange() {\n\t\tif ( dropdown.options[ dropdown.selectedIndex ].value !== '' ) {\n\t\t\tdocument.location.href = this.options[ this.selectedIndex ].value;\n\t\t}\n\t}\n\tdropdown.onchange = onSelectChange;\n})();\n\n\/* ]]> *\/\n<\/script>\n\t\t<\/div>\n\t\t\t\t<\/div>\n\t\t\t\t<div class=\"elementor-element elementor-element-93f2ee7 elementor-widget elementor-widget-wp-widget-categories\" data-id=\"93f2ee7\" data-element_type=\"widget\" data-widget_type=\"wp-widget-categories.default\">\n\t\t\t\t<div class=\"elementor-widget-container\">\n\t\t\t<h5>Categor\u00edas<\/h5>\n\t\t\t<ul>\n\t\t\t\t\t<li class=\"cat-item cat-item-3\"><a href=\"https:\/\/www.fiscaliadecuentas.gob.pa\/?cat=3\">Actividades<\/a>\n<\/li>\n\t<li class=\"cat-item cat-item-1\"><a href=\"https:\/\/www.fiscaliadecuentas.gob.pa\/?cat=1\">Noticias<\/a>\n<\/li>\n\t<li class=\"cat-item cat-item-4\"><a href=\"https:\/\/www.fiscaliadecuentas.gob.pa\/?cat=4\">Publicaciones<\/a>\n<\/li>\n\t<li class=\"cat-item cat-item-6\"><a href=\"https:\/\/www.fiscaliadecuentas.gob.pa\/?cat=6\">Videos<\/a>\n<\/li>\n\t\t\t<\/ul>\n\n\t\t\t\t\t<\/div>\n\t\t\t\t<\/div>\n\t\t\t\t\t\t<\/div>\n\t\t\t\t\t<\/div>\n\t\t<\/div>\n\t\t\t\t\t\t\t\t<\/div>\n\t\t\t\t\t<\/div>\n\t\t<\/section>\n\t\t\t\t<section class=\"elementor-section elementor-top-section elementor-element elementor-element-b69d102 elementor-section-boxed elementor-section-height-default elementor-section-height-default\" data-id=\"b69d102\" data-element_type=\"section\">\n\t\t\t\t\t\t<div class=\"elementor-container elementor-column-gap-default\">\n\t\t\t\t\t\t\t<div class=\"elementor-row\">\n\t\t\t\t\t<div class=\"elementor-column elementor-col-100 elementor-top-column elementor-element elementor-element-78035eb\" data-id=\"78035eb\" data-element_type=\"column\">\n\t\t\t<div class=\"elementor-column-wrap elementor-element-populated\">\n\t\t\t\t\t\t\t<div class=\"elementor-widget-wrap\">\n\t\t\t\t\t\t<div class=\"elementor-element elementor-element-1d78335 elementor-widget elementor-widget-spacer\" data-id=\"1d78335\" data-element_type=\"widget\" data-widget_type=\"spacer.default\">\n\t\t\t\t<div class=\"elementor-widget-container\">\n\t\t\t\t\t<div class=\"elementor-spacer\">\n\t\t\t<div class=\"elementor-spacer-inner\"><\/div>\n\t\t<\/div>\n\t\t\t\t<\/div>\n\t\t\t\t<\/div>\n\t\t\t\t\t\t<\/div>\n\t\t\t\t\t<\/div>\n\t\t<\/div>\n\t\t\t\t\t\t\t\t<\/div>\n\t\t\t\t\t<\/div>\n\t\t<\/section>\n\t\t\t\t<section class=\"elementor-section elementor-top-section elementor-element elementor-element-f7ae427 elementor-section-boxed elementor-section-height-default elementor-section-height-default\" data-id=\"f7ae427\" data-element_type=\"section\">\n\t\t\t\t\t\t<div class=\"elementor-container elementor-column-gap-default\">\n\t\t\t\t\t\t\t<div class=\"elementor-row\">\n\t\t\t\t\t<div class=\"elementor-column elementor-col-50 elementor-top-column elementor-element elementor-element-792421e\" data-id=\"792421e\" data-element_type=\"column\">\n\t\t\t<div class=\"elementor-column-wrap elementor-element-populated\">\n\t\t\t\t\t\t\t<div class=\"elementor-widget-wrap\">\n\t\t\t\t\t\t<div class=\"elementor-element elementor-element-c8a0563 elementor-widget elementor-widget-html\" data-id=\"c8a0563\" data-element_type=\"widget\" data-widget_type=\"html.default\">\n\t\t\t\t<div class=\"elementor-widget-container\">\n\t\t\t<h3>Cont\u00e1ctenos<\/h3>\r\n<p><strong><i class=\"fa fa-map-marker\" style=\"font-size:15px;\"><\/i> Direcci\u00f3n:<\/strong> V\u00eda Espa\u00f1a, Avenida Samuel Lewis, Corregimiento de Bella Vista, Edificio N.\u00b0 8, a un costado de la Notar\u00eda Tercera de Panam\u00e1.<\/p>\r\n<p><strong><i class=\"fa fa-phone-square\" style=\"font-size:15px\"><\/i> Central Telef\u00f3nica:<\/strong>\r\n  (507)506-2000<\/p>\r\n<strong><i class=\"fa fa-envelope\" style=\"font-size:15px\"><\/i> Correo:<\/strong><a href=\"mailto:info@fiscaliadecuentas.gob.pa\"> info@fiscaliadecuentas.gob.pa<\/a>\t\t<\/div>\n\t\t\t\t<\/div>\n\t\t\t\t\t\t<\/div>\n\t\t\t\t\t<\/div>\n\t\t<\/div>\n\t\t\t\t<div class=\"elementor-column elementor-col-50 elementor-top-column elementor-element elementor-element-cde2c08\" data-id=\"cde2c08\" data-element_type=\"column\">\n\t\t\t<div class=\"elementor-column-wrap\">\n\t\t\t\t\t\t\t<div class=\"elementor-widget-wrap\">\n\t\t\t\t\t\t\t\t<\/div>\n\t\t\t\t\t<\/div>\n\t\t<\/div>\n\t\t\t\t\t\t\t\t<\/div>\n\t\t\t\t\t<\/div>\n\t\t<\/section>\n\t\t\t\t\t\t<\/div>\n\t\t\t\t\t\t<\/div>\n\t\t\t\t\t<\/div>\n\t\t","protected":false},"excerpt":{"rendered":"<p>[layerslider id=\u00bb8&#8243;] Formulario de Solicitud de Informaci\u00f3n Documentos de Referencia Ley 6 de 2002 &#8211; Gaceta 24476 Ley 33 del 2013 &#8211; Gaceta 27275-A Resoluci\u00f3n 55 de 2011 de la [&hellip;]<\/p>\n","protected":false},"author":9,"featured_media":0,"parent":0,"menu_order":0,"comment_status":"closed","ping_status":"closed","template":"elementor_header_footer","meta":{"_EventAllDay":false,"_EventTimezone":"","_EventStartDate":"","_EventEndDate":"","_EventStartDateUTC":"","_EventEndDateUTC":"","_EventShowMap":false,"_EventShowMapLink":false,"_EventURL":"","_EventCost":"","_EventCostDescription":"","_EventCurrencySymbol":"","_EventCurrencyCode":"","_EventCurrencyPosition":"","_EventDateTimeSeparator":"","_EventTimeRangeSeparator":"","_EventOrganizerID":[],"_EventVenueID":[],"_OrganizerEmail":"","_OrganizerPhone":"","_OrganizerWebsite":"","_VenueAddress":"","_VenueCity":"","_VenueCountry":"","_VenueProvince":"","_VenueState":"","_VenueZip":"","_VenuePhone":"","_VenueURL":"","_VenueStateProvince":"","_VenueLat":"","_VenueLng":"","_VenueShowMap":false,"_VenueShowMapLink":false,"footnotes":""},"class_list":["post-10566","page","type-page","status-publish","hentry"],"_links":{"self":[{"href":"https:\/\/www.fiscaliadecuentas.gob.pa\/index.php?rest_route=\/wp\/v2\/pages\/10566","targetHints":{"allow":["GET"]}}],"collection":[{"href":"https:\/\/www.fiscaliadecuentas.gob.pa\/index.php?rest_route=\/wp\/v2\/pages"}],"about":[{"href":"https:\/\/www.fiscaliadecuentas.gob.pa\/index.php?rest_route=\/wp\/v2\/types\/page"}],"author":[{"embeddable":true,"href":"https:\/\/www.fiscaliadecuentas.gob.pa\/index.php?rest_route=\/wp\/v2\/users\/9"}],"replies":[{"embeddable":true,"href":"https:\/\/www.fiscaliadecuentas.gob.pa\/index.php?rest_route=%2Fwp%2Fv2%2Fcomments&post=10566"}],"version-history":[{"count":93,"href":"https:\/\/www.fiscaliadecuentas.gob.pa\/index.php?rest_route=\/wp\/v2\/pages\/10566\/revisions"}],"predecessor-version":[{"id":37813,"href":"https:\/\/www.fiscaliadecuentas.gob.pa\/index.php?rest_route=\/wp\/v2\/pages\/10566\/revisions\/37813"}],"wp:attachment":[{"href":"https:\/\/www.fiscaliadecuentas.gob.pa\/index.php?rest_route=%2Fwp%2Fv2%2Fmedia&parent=10566"}],"curies":[{"name":"wp","href":"https:\/\/api.w.org\/{rel}","templated":true}]}}