{"id":14172,"date":"2021-03-15T08:48:57","date_gmt":"2021-03-15T13:48:57","guid":{"rendered":"https:\/\/www.fiscaliadecuentas.gob.pa\/?page_id=14172"},"modified":"2023-12-06T11:59:34","modified_gmt":"2023-12-06T16:59:34","slug":"revista-el-erario","status":"publish","type":"page","link":"https:\/\/www.fiscaliadecuentas.gob.pa\/?page_id=14172","title":{"rendered":"Revista El Erario"},"content":{"rendered":"\t\t<div data-elementor-type=\"wp-page\" data-elementor-id=\"14172\" class=\"elementor elementor-14172\" data-elementor-settings=\"[]\">\n\t\t\t\t\t\t<div class=\"elementor-inner\">\n\t\t\t\t\t\t\t<div class=\"elementor-section-wrap\">\n\t\t\t\t\t\t\t<section class=\"elementor-section elementor-top-section elementor-element elementor-element-3cb67eae elementor-section-full_width elementor-section-height-default elementor-section-height-default\" data-id=\"3cb67eae\" data-element_type=\"section\">\n\t\t\t\t\t\t<div class=\"elementor-container elementor-column-gap-default\">\n\t\t\t\t\t\t\t<div class=\"elementor-row\">\n\t\t\t\t\t<div class=\"elementor-column elementor-col-100 elementor-top-column elementor-element elementor-element-ec0af65\" data-id=\"ec0af65\" data-element_type=\"column\">\n\t\t\t<div class=\"elementor-column-wrap elementor-element-populated\">\n\t\t\t\t\t\t\t<div class=\"elementor-widget-wrap\">\n\t\t\t\t\t\t<section class=\"elementor-section elementor-inner-section elementor-element elementor-element-cc61042 elementor-section-boxed elementor-section-height-default elementor-section-height-default\" data-id=\"cc61042\" data-element_type=\"section\">\n\t\t\t\t\t\t<div class=\"elementor-container elementor-column-gap-default\">\n\t\t\t\t\t\t\t<div class=\"elementor-row\">\n\t\t\t\t\t<div class=\"elementor-column elementor-col-50 elementor-inner-column elementor-element elementor-element-6497f75\" data-id=\"6497f75\" data-element_type=\"column\">\n\t\t\t<div class=\"elementor-column-wrap elementor-element-populated\">\n\t\t\t\t\t\t\t<div class=\"elementor-widget-wrap\">\n\t\t\t\t\t\t<div class=\"elementor-element elementor-element-6622403 elementor-widget elementor-widget-image\" data-id=\"6622403\" data-element_type=\"widget\" data-widget_type=\"image.default\">\n\t\t\t\t<div class=\"elementor-widget-container\">\n\t\t\t\t\t\t\t\t<div class=\"elementor-image\">\n\t\t\t\t\t\t\t\t\t<figure class=\"wp-caption\">\n\t\t\t\t\t\t\t\t\t\t\t<a href=\"https:\/\/www.fiscaliadecuentas.gob.pa\/?3d-flip-book=revista-el-erario-6\" target=\"_blank\" rel=\"nofollow\">\n\t\t\t\t\t\t\t<img loading=\"lazy\" decoding=\"async\" width=\"801\" height=\"1030\" src=\"https:\/\/www.fiscaliadecuentas.gob.pa\/wp-content\/uploads\/2023\/12\/REVISTA-23-11-2023_Mesa-de-trabajo-1-801x1030.png\" class=\"attachment-large size-large\" alt=\"\" srcset=\"https:\/\/www.fiscaliadecuentas.gob.pa\/wp-content\/uploads\/2023\/12\/REVISTA-23-11-2023_Mesa-de-trabajo-1-801x1030.png 801w, https:\/\/www.fiscaliadecuentas.gob.pa\/wp-content\/uploads\/2023\/12\/REVISTA-23-11-2023_Mesa-de-trabajo-1-233x300.png 233w, https:\/\/www.fiscaliadecuentas.gob.pa\/wp-content\/uploads\/2023\/12\/REVISTA-23-11-2023_Mesa-de-trabajo-1-768x987.png 768w, https:\/\/www.fiscaliadecuentas.gob.pa\/wp-content\/uploads\/2023\/12\/REVISTA-23-11-2023_Mesa-de-trabajo-1-1195x1536.png 1195w, https:\/\/www.fiscaliadecuentas.gob.pa\/wp-content\/uploads\/2023\/12\/REVISTA-23-11-2023_Mesa-de-trabajo-1-1593x2048.png 1593w, https:\/\/www.fiscaliadecuentas.gob.pa\/wp-content\/uploads\/2023\/12\/REVISTA-23-11-2023_Mesa-de-trabajo-1-500x643.png 500w, https:\/\/www.fiscaliadecuentas.gob.pa\/wp-content\/uploads\/2023\/12\/REVISTA-23-11-2023_Mesa-de-trabajo-1-800x1029.png 800w, https:\/\/www.fiscaliadecuentas.gob.pa\/wp-content\/uploads\/2023\/12\/REVISTA-23-11-2023_Mesa-de-trabajo-1-1280x1646.png 1280w, https:\/\/www.fiscaliadecuentas.gob.pa\/wp-content\/uploads\/2023\/12\/REVISTA-23-11-2023_Mesa-de-trabajo-1-1920x2469.png 1920w, https:\/\/www.fiscaliadecuentas.gob.pa\/wp-content\/uploads\/2023\/12\/REVISTA-23-11-2023_Mesa-de-trabajo-1-1167x1500.png 1167w, https:\/\/www.fiscaliadecuentas.gob.pa\/wp-content\/uploads\/2023\/12\/REVISTA-23-11-2023_Mesa-de-trabajo-1-548x705.png 548w\" sizes=\"auto, (max-width: 801px) 100vw, 801px\" \/>\t\t\t\t\t\t\t\t<\/a>\n\t\t\t\t\t\t\t\t\t\t\t<figcaption class=\"widget-image-caption wp-caption-text\"><\/figcaption>\n\t\t\t\t\t\t\t\t\t\t<\/figure>\n\t\t\t\t\t\t\t\t<\/div>\n\t\t\t\t\t\t<\/div>\n\t\t\t\t<\/div>\n\t\t\t\t<div class=\"elementor-element elementor-element-967062e elementor-widget elementor-widget-image\" data-id=\"967062e\" data-element_type=\"widget\" data-widget_type=\"image.default\">\n\t\t\t\t<div class=\"elementor-widget-container\">\n\t\t\t\t\t\t\t\t<div class=\"elementor-image\">\n\t\t\t\t\t\t\t\t\t<figure class=\"wp-caption\">\n\t\t\t\t\t\t\t\t\t\t\t<a href=\"https:\/\/www.fiscaliadecuentas.gob.pa\/?3d-flip-book=22216\" target=\"_blank\" rel=\"nofollow\">\n\t\t\t\t\t\t\t<img loading=\"lazy\" decoding=\"async\" width=\"797\" height=\"1030\" src=\"https:\/\/www.fiscaliadecuentas.gob.pa\/wp-content\/uploads\/2022\/03\/El-Erario-4-Portada-797x1030.png\" class=\"attachment-large size-large\" alt=\"\" srcset=\"https:\/\/www.fiscaliadecuentas.gob.pa\/wp-content\/uploads\/2022\/03\/El-Erario-4-Portada-797x1030.png 797w, https:\/\/www.fiscaliadecuentas.gob.pa\/wp-content\/uploads\/2022\/03\/El-Erario-4-Portada-232x300.png 232w, https:\/\/www.fiscaliadecuentas.gob.pa\/wp-content\/uploads\/2022\/03\/El-Erario-4-Portada-768x993.png 768w, https:\/\/www.fiscaliadecuentas.gob.pa\/wp-content\/uploads\/2022\/03\/El-Erario-4-Portada-545x705.png 545w, https:\/\/www.fiscaliadecuentas.gob.pa\/wp-content\/uploads\/2022\/03\/El-Erario-4-Portada.png 816w\" sizes=\"auto, (max-width: 797px) 100vw, 797px\" \/>\t\t\t\t\t\t\t\t<\/a>\n\t\t\t\t\t\t\t\t\t\t\t<figcaption class=\"widget-image-caption wp-caption-text\"><\/figcaption>\n\t\t\t\t\t\t\t\t\t\t<\/figure>\n\t\t\t\t\t\t\t\t<\/div>\n\t\t\t\t\t\t<\/div>\n\t\t\t\t<\/div>\n\t\t\t\t<div class=\"elementor-element elementor-element-f4d86dd elementor-widget elementor-widget-image\" data-id=\"f4d86dd\" data-element_type=\"widget\" data-widget_type=\"image.default\">\n\t\t\t\t<div class=\"elementor-widget-container\">\n\t\t\t\t\t\t\t\t<div class=\"elementor-image\">\n\t\t\t\t\t\t\t\t\t<figure class=\"wp-caption\">\n\t\t\t\t\t\t\t\t\t\t\t<a href=\"https:\/\/www.fiscaliadecuentas.gob.pa\/?3d-flip-book=revista-el-erario-2-v2\" target=\"_blank\" rel=\"nofollow\">\n\t\t\t\t\t\t\t<img loading=\"lazy\" decoding=\"async\" width=\"796\" height=\"1030\" src=\"https:\/\/www.fiscaliadecuentas.gob.pa\/wp-content\/uploads\/2021\/06\/REVISTA-EL-ERARIO-2-v2-796x1030.png\" class=\"attachment-large size-large\" alt=\"\" srcset=\"https:\/\/www.fiscaliadecuentas.gob.pa\/wp-content\/uploads\/2021\/06\/REVISTA-EL-ERARIO-2-v2-796x1030.png 796w, https:\/\/www.fiscaliadecuentas.gob.pa\/wp-content\/uploads\/2021\/06\/REVISTA-EL-ERARIO-2-v2-232x300.png 232w, https:\/\/www.fiscaliadecuentas.gob.pa\/wp-content\/uploads\/2021\/06\/REVISTA-EL-ERARIO-2-v2-768x994.png 768w, https:\/\/www.fiscaliadecuentas.gob.pa\/wp-content\/uploads\/2021\/06\/REVISTA-EL-ERARIO-2-v2-545x705.png 545w, https:\/\/www.fiscaliadecuentas.gob.pa\/wp-content\/uploads\/2021\/06\/REVISTA-EL-ERARIO-2-v2-450x582.png 450w, https:\/\/www.fiscaliadecuentas.gob.pa\/wp-content\/uploads\/2021\/06\/REVISTA-EL-ERARIO-2-v2.png 850w\" sizes=\"auto, (max-width: 796px) 100vw, 796px\" \/>\t\t\t\t\t\t\t\t<\/a>\n\t\t\t\t\t\t\t\t\t\t\t<figcaption class=\"widget-image-caption wp-caption-text\"><\/figcaption>\n\t\t\t\t\t\t\t\t\t\t<\/figure>\n\t\t\t\t\t\t\t\t<\/div>\n\t\t\t\t\t\t<\/div>\n\t\t\t\t<\/div>\n\t\t\t\t\t\t<\/div>\n\t\t\t\t\t<\/div>\n\t\t<\/div>\n\t\t\t\t<div class=\"elementor-column elementor-col-50 elementor-inner-column elementor-element elementor-element-ba5df62\" data-id=\"ba5df62\" data-element_type=\"column\">\n\t\t\t<div class=\"elementor-column-wrap elementor-element-populated\">\n\t\t\t\t\t\t\t<div class=\"elementor-widget-wrap\">\n\t\t\t\t\t\t<div class=\"elementor-element elementor-element-7124955 elementor-widget elementor-widget-image\" data-id=\"7124955\" data-element_type=\"widget\" data-widget_type=\"image.default\">\n\t\t\t\t<div class=\"elementor-widget-container\">\n\t\t\t\t\t\t\t\t<div class=\"elementor-image\">\n\t\t\t\t\t\t\t\t\t<figure class=\"wp-caption\">\n\t\t\t\t\t\t\t\t\t\t\t<a href=\"https:\/\/www.fiscaliadecuentas.gob.pa\/?3d-flip-book=revista-el-erario-5\" target=\"_blank\" rel=\"nofollow\">\n\t\t\t\t\t\t\t<img loading=\"lazy\" decoding=\"async\" width=\"796\" height=\"1030\" src=\"https:\/\/www.fiscaliadecuentas.gob.pa\/wp-content\/uploads\/2023\/01\/Portada_El_Erario_V_Edicion-796x1030.png\" class=\"attachment-large size-large\" alt=\"\" srcset=\"https:\/\/www.fiscaliadecuentas.gob.pa\/wp-content\/uploads\/2023\/01\/Portada_El_Erario_V_Edicion-796x1030.png 796w, https:\/\/www.fiscaliadecuentas.gob.pa\/wp-content\/uploads\/2023\/01\/Portada_El_Erario_V_Edicion-232x300.png 232w, https:\/\/www.fiscaliadecuentas.gob.pa\/wp-content\/uploads\/2023\/01\/Portada_El_Erario_V_Edicion-768x994.png 768w, https:\/\/www.fiscaliadecuentas.gob.pa\/wp-content\/uploads\/2023\/01\/Portada_El_Erario_V_Edicion-545x705.png 545w, https:\/\/www.fiscaliadecuentas.gob.pa\/wp-content\/uploads\/2023\/01\/Portada_El_Erario_V_Edicion.png 850w\" sizes=\"auto, (max-width: 796px) 100vw, 796px\" \/>\t\t\t\t\t\t\t\t<\/a>\n\t\t\t\t\t\t\t\t\t\t\t<figcaption class=\"widget-image-caption wp-caption-text\"><\/figcaption>\n\t\t\t\t\t\t\t\t\t\t<\/figure>\n\t\t\t\t\t\t\t\t<\/div>\n\t\t\t\t\t\t<\/div>\n\t\t\t\t<\/div>\n\t\t\t\t<div class=\"elementor-element elementor-element-e23e040 elementor-widget elementor-widget-image\" data-id=\"e23e040\" data-element_type=\"widget\" data-widget_type=\"image.default\">\n\t\t\t\t<div class=\"elementor-widget-container\">\n\t\t\t\t\t\t\t\t<div class=\"elementor-image\">\n\t\t\t\t\t\t\t\t\t<figure class=\"wp-caption\">\n\t\t\t\t\t\t\t\t\t\t\t<a href=\"https:\/\/www.fiscaliadecuentas.gob.pa\/?3d-flip-book=revista-el-erario-3\" target=\"_blank\" rel=\"nofollow\">\n\t\t\t\t\t\t\t<img loading=\"lazy\" decoding=\"async\" width=\"796\" height=\"1030\" src=\"https:\/\/www.fiscaliadecuentas.gob.pa\/wp-content\/uploads\/2021\/09\/El-Erario-Tercera-Edicion-796x1030.png\" class=\"attachment-large size-large\" alt=\"\" srcset=\"https:\/\/www.fiscaliadecuentas.gob.pa\/wp-content\/uploads\/2021\/09\/El-Erario-Tercera-Edicion-796x1030.png 796w, https:\/\/www.fiscaliadecuentas.gob.pa\/wp-content\/uploads\/2021\/09\/El-Erario-Tercera-Edicion-232x300.png 232w, https:\/\/www.fiscaliadecuentas.gob.pa\/wp-content\/uploads\/2021\/09\/El-Erario-Tercera-Edicion-768x994.png 768w, https:\/\/www.fiscaliadecuentas.gob.pa\/wp-content\/uploads\/2021\/09\/El-Erario-Tercera-Edicion-545x705.png 545w, https:\/\/www.fiscaliadecuentas.gob.pa\/wp-content\/uploads\/2021\/09\/El-Erario-Tercera-Edicion.png 850w\" sizes=\"auto, (max-width: 796px) 100vw, 796px\" \/>\t\t\t\t\t\t\t\t<\/a>\n\t\t\t\t\t\t\t\t\t\t\t<figcaption class=\"widget-image-caption wp-caption-text\"><\/figcaption>\n\t\t\t\t\t\t\t\t\t\t<\/figure>\n\t\t\t\t\t\t\t\t<\/div>\n\t\t\t\t\t\t<\/div>\n\t\t\t\t<\/div>\n\t\t\t\t<div class=\"elementor-element elementor-element-19d5820 elementor-widget elementor-widget-image\" data-id=\"19d5820\" data-element_type=\"widget\" data-widget_type=\"image.default\">\n\t\t\t\t<div class=\"elementor-widget-container\">\n\t\t\t\t\t\t\t\t<div class=\"elementor-image\">\n\t\t\t\t\t\t\t\t\t<figure class=\"wp-caption\">\n\t\t\t\t\t\t\t\t\t\t\t<a href=\"https:\/\/www.fiscaliadecuentas.gob.pa\/?3d-flip-book=revista-el-erario\" target=\"_blank\" rel=\"nofollow\">\n\t\t\t\t\t\t\t<img loading=\"lazy\" decoding=\"async\" width=\"614\" height=\"778\" src=\"https:\/\/www.fiscaliadecuentas.gob.pa\/wp-content\/uploads\/2021\/03\/PORTADAE2101.png\" class=\"attachment-large size-large\" alt=\"\" srcset=\"https:\/\/www.fiscaliadecuentas.gob.pa\/wp-content\/uploads\/2021\/03\/PORTADAE2101.png 614w, https:\/\/www.fiscaliadecuentas.gob.pa\/wp-content\/uploads\/2021\/03\/PORTADAE2101-237x300.png 237w, https:\/\/www.fiscaliadecuentas.gob.pa\/wp-content\/uploads\/2021\/03\/PORTADAE2101-556x705.png 556w, https:\/\/www.fiscaliadecuentas.gob.pa\/wp-content\/uploads\/2021\/03\/PORTADAE2101-450x570.png 450w\" sizes=\"auto, (max-width: 614px) 100vw, 614px\" \/>\t\t\t\t\t\t\t\t<\/a>\n\t\t\t\t\t\t\t\t\t\t\t<figcaption class=\"widget-image-caption wp-caption-text\"><\/figcaption>\n\t\t\t\t\t\t\t\t\t\t<\/figure>\n\t\t\t\t\t\t\t\t<\/div>\n\t\t\t\t\t\t<\/div>\n\t\t\t\t<\/div>\n\t\t\t\t\t\t<\/div>\n\t\t\t\t\t<\/div>\n\t\t<\/div>\n\t\t\t\t\t\t\t\t<\/div>\n\t\t\t\t\t<\/div>\n\t\t<\/section>\n\t\t\t\t<div class=\"elementor-element elementor-element-173fde46 elementor-widget elementor-widget-shortcode\" data-id=\"173fde46\" data-element_type=\"widget\" data-widget_type=\"shortcode.default\">\n\t\t\t\t<div class=\"elementor-widget-container\">\n\t\t\t\t\t<div class=\"elementor-shortcode\">[layerslider id=\"4\"]<\/div>\n\t\t\t\t<\/div>\n\t\t\t\t<\/div>\n\t\t\t\t\t\t<\/div>\n\t\t\t\t\t<\/div>\n\t\t<\/div>\n\t\t\t\t\t\t\t\t<\/div>\n\t\t\t\t\t<\/div>\n\t\t<\/section>\n\t\t\t\t<section class=\"elementor-section elementor-top-section elementor-element elementor-element-ff7137b elementor-section-boxed elementor-section-height-default elementor-section-height-default\" data-id=\"ff7137b\" data-element_type=\"section\">\n\t\t\t\t\t\t<div class=\"elementor-container elementor-column-gap-default\">\n\t\t\t\t\t\t\t<div class=\"elementor-row\">\n\t\t\t\t\t<div class=\"elementor-column elementor-col-100 elementor-top-column elementor-element elementor-element-6a247a2\" data-id=\"6a247a2\" data-element_type=\"column\">\n\t\t\t<div class=\"elementor-column-wrap elementor-element-populated\">\n\t\t\t\t\t\t\t<div class=\"elementor-widget-wrap\">\n\t\t\t\t\t\t<div class=\"elementor-element elementor-element-486f143 elementor-widget elementor-widget-heading\" data-id=\"486f143\" data-element_type=\"widget\" data-widget_type=\"heading.default\">\n\t\t\t\t<div class=\"elementor-widget-container\">\n\t\t\t<h2 class=\"elementor-heading-title elementor-size-default\">Revista El Erario<\/h2>\t\t<\/div>\n\t\t\t\t<\/div>\n\t\t\t\t\t\t<\/div>\n\t\t\t\t\t<\/div>\n\t\t<\/div>\n\t\t\t\t\t\t\t\t<\/div>\n\t\t\t\t\t<\/div>\n\t\t<\/section>\n\t\t\t\t<section class=\"elementor-section elementor-top-section elementor-element elementor-element-aeb02b7 elementor-section-boxed elementor-section-height-default elementor-section-height-default\" data-id=\"aeb02b7\" data-element_type=\"section\">\n\t\t\t\t\t\t<div class=\"elementor-container elementor-column-gap-default\">\n\t\t\t\t\t\t\t<div class=\"elementor-row\">\n\t\t\t\t\t<div class=\"elementor-column elementor-col-100 elementor-top-column elementor-element elementor-element-740e9e6\" data-id=\"740e9e6\" data-element_type=\"column\">\n\t\t\t<div class=\"elementor-column-wrap elementor-element-populated\">\n\t\t\t\t\t\t\t<div class=\"elementor-widget-wrap\">\n\t\t\t\t\t\t<div class=\"elementor-element elementor-element-2c3fc86 elementor-widget elementor-widget-spacer\" data-id=\"2c3fc86\" data-element_type=\"widget\" data-widget_type=\"spacer.default\">\n\t\t\t\t<div class=\"elementor-widget-container\">\n\t\t\t\t\t<div class=\"elementor-spacer\">\n\t\t\t<div class=\"elementor-spacer-inner\"><\/div>\n\t\t<\/div>\n\t\t\t\t<\/div>\n\t\t\t\t<\/div>\n\t\t\t\t\t\t<\/div>\n\t\t\t\t\t<\/div>\n\t\t<\/div>\n\t\t\t\t\t\t\t\t<\/div>\n\t\t\t\t\t<\/div>\n\t\t<\/section>\n\t\t\t\t<section class=\"elementor-section elementor-top-section elementor-element elementor-element-43180812 elementor-section-boxed elementor-section-height-default elementor-section-height-default\" data-id=\"43180812\" data-element_type=\"section\">\n\t\t\t\t\t\t<div class=\"elementor-container elementor-column-gap-default\">\n\t\t\t\t\t\t\t<div class=\"elementor-row\">\n\t\t\t\t\t<div class=\"elementor-column elementor-col-50 elementor-top-column elementor-element elementor-element-cf001cb\" data-id=\"cf001cb\" data-element_type=\"column\">\n\t\t\t<div class=\"elementor-column-wrap elementor-element-populated\">\n\t\t\t\t\t\t\t<div class=\"elementor-widget-wrap\">\n\t\t\t\t\t\t<div class=\"elementor-element elementor-element-5324462d elementor-widget elementor-widget-html\" data-id=\"5324462d\" data-element_type=\"widget\" data-widget_type=\"html.default\">\n\t\t\t\t<div class=\"elementor-widget-container\">\n\t\t\t<h3>Cont\u00e1ctenos<\/h3>\r\n<p><strong><i class=\"fa fa-map-marker\" style=\"font-size:15px;\"><\/i> Direcci\u00f3n:<\/strong>V\u00eda Espa\u00f1a, Avenida Samuel Lewis, Corregimiento de Bella Vista, Edificio N.\u00b0 8, a un costado de la Notar\u00eda Duod\u00e9cima de Panam\u00e1.<\/p>\r\n<p><strong><i class=\"fa fa-phone-square\" style=\"font-size:15px\"><\/i> Central Telef\u00f3nica:<\/strong>\r\n  (507)506-2000<\/p>\r\n<strong><i class=\"fa fa-envelope\" style=\"font-size:15px\"><\/i> Correo:<\/strong><a href=\"mailto:info@fiscaliadecuentas.gob.pa\"> info@fiscaliadecuentas.gob.pa<\/a>\t\t<\/div>\n\t\t\t\t<\/div>\n\t\t\t\t\t\t<\/div>\n\t\t\t\t\t<\/div>\n\t\t<\/div>\n\t\t\t\t<div class=\"elementor-column elementor-col-50 elementor-top-column elementor-element elementor-element-af743a8\" data-id=\"af743a8\" data-element_type=\"column\">\n\t\t\t<div class=\"elementor-column-wrap\">\n\t\t\t\t\t\t\t<div class=\"elementor-widget-wrap\">\n\t\t\t\t\t\t\t\t<\/div>\n\t\t\t\t\t<\/div>\n\t\t<\/div>\n\t\t\t\t\t\t\t\t<\/div>\n\t\t\t\t\t<\/div>\n\t\t<\/section>\n\t\t\t\t\t\t<\/div>\n\t\t\t\t\t\t<\/div>\n\t\t\t\t\t<\/div>\n\t\t","protected":false},"excerpt":{"rendered":"<p>[layerslider id=\u00bb4&#8243;] Revista El Erario Cont\u00e1ctenos Direcci\u00f3n:V\u00eda Espa\u00f1a, Avenida Samuel Lewis, Corregimiento de Bella Vista, Edificio N.\u00b0 8, a un costado de la Notar\u00eda Duod\u00e9cima de Panam\u00e1. Central Telef\u00f3nica: (507)506-2000 [&hellip;]<\/p>\n","protected":false},"author":9,"featured_media":0,"parent":0,"menu_order":0,"comment_status":"closed","ping_status":"closed","template":"elementor_header_footer","meta":{"_EventAllDay":false,"_EventTimezone":"","_EventStartDate":"","_EventEndDate":"","_EventStartDateUTC":"","_EventEndDateUTC":"","_EventShowMap":false,"_EventShowMapLink":false,"_EventURL":"","_EventCost":"","_EventCostDescription":"","_EventCurrencySymbol":"","_EventCurrencyCode":"","_EventCurrencyPosition":"","_EventDateTimeSeparator":"","_EventTimeRangeSeparator":"","_EventOrganizerID":[],"_EventVenueID":[],"_OrganizerEmail":"","_OrganizerPhone":"","_OrganizerWebsite":"","_VenueAddress":"","_VenueCity":"","_VenueCountry":"","_VenueProvince":"","_VenueState":"","_VenueZip":"","_VenuePhone":"","_VenueURL":"","_VenueStateProvince":"","_VenueLat":"","_VenueLng":"","_VenueShowMap":false,"_VenueShowMapLink":false,"footnotes":""},"class_list":["post-14172","page","type-page","status-publish","hentry"],"_links":{"self":[{"href":"https:\/\/www.fiscaliadecuentas.gob.pa\/index.php?rest_route=\/wp\/v2\/pages\/14172","targetHints":{"allow":["GET"]}}],"collection":[{"href":"https:\/\/www.fiscaliadecuentas.gob.pa\/index.php?rest_route=\/wp\/v2\/pages"}],"about":[{"href":"https:\/\/www.fiscaliadecuentas.gob.pa\/index.php?rest_route=\/wp\/v2\/types\/page"}],"author":[{"embeddable":true,"href":"https:\/\/www.fiscaliadecuentas.gob.pa\/index.php?rest_route=\/wp\/v2\/users\/9"}],"replies":[{"embeddable":true,"href":"https:\/\/www.fiscaliadecuentas.gob.pa\/index.php?rest_route=%2Fwp%2Fv2%2Fcomments&post=14172"}],"version-history":[{"count":50,"href":"https:\/\/www.fiscaliadecuentas.gob.pa\/index.php?rest_route=\/wp\/v2\/pages\/14172\/revisions"}],"predecessor-version":[{"id":34362,"href":"https:\/\/www.fiscaliadecuentas.gob.pa\/index.php?rest_route=\/wp\/v2\/pages\/14172\/revisions\/34362"}],"wp:attachment":[{"href":"https:\/\/www.fiscaliadecuentas.gob.pa\/index.php?rest_route=%2Fwp%2Fv2%2Fmedia&parent=14172"}],"curies":[{"name":"wp","href":"https:\/\/api.w.org\/{rel}","templated":true}]}}