{"id":1420,"date":"2015-12-15T10:23:00","date_gmt":"2015-12-15T15:23:00","guid":{"rendered":"http:\/\/www.fiscaliadecuentas.gob.pa\/?page_id=1420"},"modified":"2020-08-12T08:20:08","modified_gmt":"2020-08-12T13:20:08","slug":"descripcion-de-formularios","status":"publish","type":"page","link":"https:\/\/www.fiscaliadecuentas.gob.pa\/?page_id=1420","title":{"rendered":"Descripci\u00f3n de Formularios"},"content":{"rendered":"\n<p><span style=\"color: #000000; font-family: \"Open Sans\"; font-size: 18px;\"><strong>Formularios disponibles en esta p\u00e1gina Web para presentar tr\u00e1mites de:<\/strong><\/span><\/p>\n<ol>\n<li><span style=\"color: #000000; font-family: \"Open Sans\"; font-size: 16px;\"><a href=\"https:\/\/www.fiscaliadecuentas.gob.pa\/?page_id=10566\" rel=\"nofollow noopener noreferrer\" onclick=\"this.target='_blank'\">Formulario de Solicitud de Informaci\u00f3n.<\/a><\/span><\/li>\n<li><span style=\"color: #000000; font-family: \"Open Sans\"; font-size: 16px;\"><a href=\"https:\/\/www.fiscaliadecuentas.gob.pa\/?page_id=914\" rel=\"nofollow noopener noreferrer\" onclick=\"this.target='_blank'\">Formulario de Comunicaci\u00f3n o Quejas.<\/a><\/span><\/li>\n<li><span style=\"color: #000000; font-family: \"Open Sans\"; font-size: 16px;\"><a href=\"https:\/\/www.fiscaliadecuentas.gob.pa\/?page_id=325\" rel=\"nofollow noopener noreferrer\" onclick=\"this.target='_blank'\">Sugerencias.<\/a><\/span><\/li>\n<li><span style=\"color: #000000; font-family: \"Open Sans\"; font-size: 16px;\"><a href=\"https:\/\/www.fiscaliadecuentas.gob.pa\/?page_id=320\" rel=\"nofollow noopener noreferrer\" onclick=\"this.target='_blank'\">Vacantes.<\/a><\/span><\/li>\n<\/ol>\n<p><span style=\"color: #000000; font-family: \"Open Sans\"; font-size: 16px;\">Para acceder a ellos dir\u00edjase<\/span><span style=\"color: #000000; font-family: \"Open Sans\"; font-size: 16px;\"> a la secci\u00f3n de <a href=\"#\" rel=\"nofollow noopener noreferrer\" onclick=\"this.target='_blank'\">tr\u00e1mites<\/a> o <a href=\"https:\/\/www.fiscaliadecuentas.gob.pa\/?page_id=320\" rel=\"nofollow noopener noreferrer\" onclick=\"this.target='_blank'\">vacantes<\/a>.<\/span><\/p>\n","protected":false},"excerpt":{"rendered":"<p>Formularios disponibles en esta p\u00e1gina Web para presentar tr\u00e1mites de: Formulario de Solicitud de Informaci\u00f3n. Formulario de Comunicaci\u00f3n o Quejas. Sugerencias. Vacantes. Para acceder a ellos dir\u00edjase a la secci\u00f3n [&hellip;]<\/p>\n","protected":false},"author":6,"featured_media":0,"parent":10417,"menu_order":0,"comment_status":"closed","ping_status":"closed","template":"","meta":{"_EventAllDay":false,"_EventTimezone":"","_EventStartDate":"","_EventEndDate":"","_EventStartDateUTC":"","_EventEndDateUTC":"","_EventShowMap":false,"_EventShowMapLink":false,"_EventURL":"","_EventCost":"","_EventCostDescription":"","_EventCurrencySymbol":"","_EventCurrencyCode":"","_EventCurrencyPosition":"","_EventDateTimeSeparator":"","_EventTimeRangeSeparator":"","_EventOrganizerID":[],"_EventVenueID":[],"_OrganizerEmail":"","_OrganizerPhone":"","_OrganizerWebsite":"","_VenueAddress":"","_VenueCity":"","_VenueCountry":"","_VenueProvince":"","_VenueState":"","_VenueZip":"","_VenuePhone":"","_VenueURL":"","_VenueStateProvince":"","_VenueLat":"","_VenueLng":"","_VenueShowMap":false,"_VenueShowMapLink":false,"footnotes":""},"class_list":["post-1420","page","type-page","status-publish","hentry"],"_links":{"self":[{"href":"https:\/\/www.fiscaliadecuentas.gob.pa\/index.php?rest_route=\/wp\/v2\/pages\/1420","targetHints":{"allow":["GET"]}}],"collection":[{"href":"https:\/\/www.fiscaliadecuentas.gob.pa\/index.php?rest_route=\/wp\/v2\/pages"}],"about":[{"href":"https:\/\/www.fiscaliadecuentas.gob.pa\/index.php?rest_route=\/wp\/v2\/types\/page"}],"author":[{"embeddable":true,"href":"https:\/\/www.fiscaliadecuentas.gob.pa\/index.php?rest_route=\/wp\/v2\/users\/6"}],"replies":[{"embeddable":true,"href":"https:\/\/www.fiscaliadecuentas.gob.pa\/index.php?rest_route=%2Fwp%2Fv2%2Fcomments&post=1420"}],"version-history":[{"count":13,"href":"https:\/\/www.fiscaliadecuentas.gob.pa\/index.php?rest_route=\/wp\/v2\/pages\/1420\/revisions"}],"predecessor-version":[{"id":10955,"href":"https:\/\/www.fiscaliadecuentas.gob.pa\/index.php?rest_route=\/wp\/v2\/pages\/1420\/revisions\/10955"}],"up":[{"embeddable":true,"href":"https:\/\/www.fiscaliadecuentas.gob.pa\/index.php?rest_route=\/wp\/v2\/pages\/10417"}],"wp:attachment":[{"href":"https:\/\/www.fiscaliadecuentas.gob.pa\/index.php?rest_route=%2Fwp%2Fv2%2Fmedia&parent=1420"}],"curies":[{"name":"wp","href":"https:\/\/api.w.org\/{rel}","templated":true}]}}