{"id":26542,"date":"2022-11-07T17:00:38","date_gmt":"2022-11-07T22:00:38","guid":{"rendered":"https:\/\/www.fiscaliadecuentas.gob.pa\/?page_id=26542"},"modified":"2022-11-08T11:49:53","modified_gmt":"2022-11-08T16:49:53","slug":"plan-estrategico-2020-2025-2","status":"publish","type":"page","link":"https:\/\/www.fiscaliadecuentas.gob.pa\/?page_id=26542","title":{"rendered":"Plan Estrat\u00e9gico 2020-2025"},"content":{"rendered":"<div id='layer_slider_1'  class='avia-layerslider main_color avia-shadow  avia-builder-el-0  el_before_av_textblock  avia-builder-el-first  container_wrap sidebar_right'  style='height: 301px; max-width: 1310px; margin: 0 auto;'  ><\/div><div id='after_layer_slider_1'  class='main_color av_default_container_wrap container_wrap sidebar_right'  ><div class='container av-section-cont-open' ><div class='template-page content  av-content-small alpha units'><div class='post-entry post-entry-type-page post-entry-26542'><div class='entry-content-wrapper clearfix'>\n<section  class='av_textblock_section av-la7bvjvz-9e16fa57fc0d15194da24c01f553b523 '   itemscope=\"itemscope\" itemtype=\"https:\/\/schema.org\/CreativeWork\" ><div class='avia_textblock'  itemprop=\"text\" ><h1 style=\"color: #7a7a7a; font-size: 38px; text-align: center; font-style: Sans-serif; text-shadow: 0px 0px 10px rgba(0, 0, 0, 0.3);\"><strong>Plan Estrat\u00e9gico<\/strong><\/h1>\n<\/div><\/section>\n\n<style type=\"text\/css\" data-created_by=\"avia_inline_auto\" id=\"style-css-av-deo4oxa-6270dcc9ad3cde165a734827f74d26f5\">\n#top .hr.hr-invisible.av-deo4oxa-6270dcc9ad3cde165a734827f74d26f5{\nheight:50px;\n}\n<\/style>\n<div  class='hr av-deo4oxa-6270dcc9ad3cde165a734827f74d26f5 hr-invisible  avia-builder-el-2  el_after_av_textblock  el_before_av_one_half '><span class='hr-inner '><span class=\"hr-inner-style\"><\/span><\/span><\/div>\n<div  class='flex_column av-da68xji-ea2f2130e5af152c39a03bd225db37e4 av_one_half  avia-builder-el-3  el_after_av_hr  el_before_av_one_half  first flex_column_div  '     ><div  class='avia-icon-list-container av-la8aa7m5-eac529401a74ba62f57223fd2c0afb0b  avia-builder-el-4  avia-builder-el-no-sibling '><ul class='avia-icon-list avia_animate_when_almost_visible avia-icon-list-left av-iconlist-big av-la8aa7m5-eac529401a74ba62f57223fd2c0afb0b avia-iconlist-animate'>\n<li><a href='https:\/\/www.fiscaliadecuentas.gob.pa\/wp-content\/uploads\/2020\/07\/Resoluci%C3%B3n-047-20-y-Plan-Estrat%C3%A9gico-Gaceta-29063-A.pdf' title='RESOLUCI\u00d3N FGC N.\u00b0 047-20 de 30 junio de 2020'  target=\"_blank\"  rel=\"noopener noreferrer\" class='iconlist_icon av-la8aa5ou-d2c202d47f69e836d07cfa64b531f080 avia-font-fontawesome avia-iconfont avia-font-fontawesome'><span class='av-icon-char' data-av_icon='\uf1c1' data-av_iconfont='fontawesome' aria-hidden=\"true\"><\/span><\/a><article class=\"article-icon-entry \"  itemscope=\"itemscope\" itemtype=\"https:\/\/schema.org\/CreativeWork\" ><div class=\"iconlist_content_wrap\"><header class=\"entry-content-header\" aria-label=\"Icon: &lt;a href=&#039;https:\/\/www.fiscaliadecuentas.gob.pa\/wp-content\/uploads\/2020\/07\/Resoluci%C3%B3n-047-20-y-Plan-Estrat%C3%A9gico-Gaceta-29063-A.pdf&#039; title=&#039;RESOLUCI\u00d3N FGC N.\u00b0 047-20 de 30 junio de 2020&#039; target=&quot;_blank&quot;  rel=&quot;noopener noreferrer&quot;&gt;RESOLUCI\u00d3N FGC N.\u00b0 047-20 de 30 junio de 2020&lt;\/a&gt;\"><h4 class='av_iconlist_title iconlist_title  '  itemprop=\"headline\" ><a href='https:\/\/www.fiscaliadecuentas.gob.pa\/wp-content\/uploads\/2020\/07\/Resoluci%C3%B3n-047-20-y-Plan-Estrat%C3%A9gico-Gaceta-29063-A.pdf' title='RESOLUCI\u00d3N FGC N.\u00b0 047-20 de 30 junio de 2020' target=\"_blank\"  rel=\"noopener noreferrer\">RESOLUCI\u00d3N FGC N.\u00b0 047-20 de 30 junio de 2020<\/a><\/h4><\/header><div class='iconlist_content '  itemprop=\"text\" ><p style=\"text-align: justify;\">Por la cual se aprueba el nuevo y actualizado Plan Estrat\u00e9gico 2020-2025 y se modifican los art\u00edculos 1 y 2 del Texto \u00danico del Reglamento Interno de la Fiscal\u00eda General de Cuentas.<\/p>\n<\/div><\/div><footer class=\"entry-footer\"><\/footer><\/article><div class=\"iconlist-timeline\"><\/div><\/li>\n<\/ul><\/div><\/div>\n<div  class='flex_column av-v121ny-bc2376ab84b6505c5c606311728ecdf8 av_one_half  avia-builder-el-5  el_after_av_one_half  el_before_av_hr  flex_column_div  '     ><div  class='avia-icon-list-container av-la8fyrb3-1124dcf3f24cefb868085a4e8ba1299f  avia-builder-el-6  avia-builder-el-no-sibling '><ul class='avia-icon-list avia_animate_when_almost_visible avia-icon-list-left av-iconlist-big av-la8fyrb3-1124dcf3f24cefb868085a4e8ba1299f avia-iconlist-animate'>\n<li><a href='https:\/\/www.fiscaliadecuentas.gob.pa\/wp-content\/uploads\/2022\/11\/Resolucion-FGC-055-DE-2022-PEI.pdf' title='RESOLUCI\u00d3N FGC N.\u00b0 055-22 de 21 octubre de 2022'  target=\"_blank\"  rel=\"noopener noreferrer\" class='iconlist_icon av-la8ftraj-e834473ec0a48bb3a9305bf7018ec551 avia-font-fontawesome avia-iconfont avia-font-fontawesome'><span class='av-icon-char' data-av_icon='\uf1c1' data-av_iconfont='fontawesome' aria-hidden=\"true\"><\/span><\/a><article class=\"article-icon-entry \"  itemscope=\"itemscope\" itemtype=\"https:\/\/schema.org\/CreativeWork\" ><div class=\"iconlist_content_wrap\"><header class=\"entry-content-header\" aria-label=\"Icon: &lt;a href=&#039;https:\/\/www.fiscaliadecuentas.gob.pa\/wp-content\/uploads\/2022\/11\/Resolucion-FGC-055-DE-2022-PEI.pdf&#039; title=&#039;RESOLUCI\u00d3N FGC N.\u00b0 055-22 de 21 octubre de 2022&#039; target=&quot;_blank&quot;  rel=&quot;noopener noreferrer&quot;&gt;RESOLUCI\u00d3N FGC N.\u00b0 055-22 de 21 octubre de 2022&lt;\/a&gt;\"><h4 class='av_iconlist_title iconlist_title  '  itemprop=\"headline\" ><a href='https:\/\/www.fiscaliadecuentas.gob.pa\/wp-content\/uploads\/2022\/11\/Resolucion-FGC-055-DE-2022-PEI.pdf' title='RESOLUCI\u00d3N FGC N.\u00b0 055-22 de 21 octubre de 2022' target=\"_blank\"  rel=\"noopener noreferrer\">RESOLUCI\u00d3N FGC N.\u00b0 055-22 de 21 octubre de 2022<\/a><\/h4><\/header><div class='iconlist_content '  itemprop=\"text\" ><p style=\"text-align: justify;\">Por la cual se aprueba la actualizaci\u00f3n de los objetivos estrat\u00e9gicos del Plan Estrat\u00e9gico 2020-2025 de la Fiscal\u00eda General de Cuentas.<\/p>\n<\/div><\/div><footer class=\"entry-footer\"><\/footer><\/article><div class=\"iconlist-timeline\"><\/div><\/li>\n<\/ul><\/div><\/div>\n\n<style type=\"text\/css\" data-created_by=\"avia_inline_auto\" id=\"style-css-av-8kz18ku-01faa610ad13b0dc2a882485fde0b8ce\">\n#top .hr.hr-invisible.av-8kz18ku-01faa610ad13b0dc2a882485fde0b8ce{\nheight:50px;\n}\n<\/style>\n<div  class='hr av-8kz18ku-01faa610ad13b0dc2a882485fde0b8ce hr-invisible  avia-builder-el-7  el_after_av_one_half  avia-builder-el-last '><span class='hr-inner '><span class=\"hr-inner-style\"><\/span><\/span><\/div>\n","protected":false},"excerpt":{"rendered":"","protected":false},"author":9,"featured_media":0,"parent":7730,"menu_order":0,"comment_status":"closed","ping_status":"closed","template":"","meta":{"_EventAllDay":false,"_EventTimezone":"","_EventStartDate":"","_EventEndDate":"","_EventStartDateUTC":"","_EventEndDateUTC":"","_EventShowMap":false,"_EventShowMapLink":false,"_EventURL":"","_EventCost":"","_EventCostDescription":"","_EventCurrencySymbol":"","_EventCurrencyCode":"","_EventCurrencyPosition":"","_EventDateTimeSeparator":"","_EventTimeRangeSeparator":"","_EventOrganizerID":[],"_EventVenueID":[],"_OrganizerEmail":"","_OrganizerPhone":"","_OrganizerWebsite":"","_VenueAddress":"","_VenueCity":"","_VenueCountry":"","_VenueProvince":"","_VenueState":"","_VenueZip":"","_VenuePhone":"","_VenueURL":"","_VenueStateProvince":"","_VenueLat":"","_VenueLng":"","_VenueShowMap":false,"_VenueShowMapLink":false,"footnotes":""},"class_list":["post-26542","page","type-page","status-publish","hentry"],"_links":{"self":[{"href":"https:\/\/www.fiscaliadecuentas.gob.pa\/index.php?rest_route=\/wp\/v2\/pages\/26542","targetHints":{"allow":["GET"]}}],"collection":[{"href":"https:\/\/www.fiscaliadecuentas.gob.pa\/index.php?rest_route=\/wp\/v2\/pages"}],"about":[{"href":"https:\/\/www.fiscaliadecuentas.gob.pa\/index.php?rest_route=\/wp\/v2\/types\/page"}],"author":[{"embeddable":true,"href":"https:\/\/www.fiscaliadecuentas.gob.pa\/index.php?rest_route=\/wp\/v2\/users\/9"}],"replies":[{"embeddable":true,"href":"https:\/\/www.fiscaliadecuentas.gob.pa\/index.php?rest_route=%2Fwp%2Fv2%2Fcomments&post=26542"}],"version-history":[{"count":5,"href":"https:\/\/www.fiscaliadecuentas.gob.pa\/index.php?rest_route=\/wp\/v2\/pages\/26542\/revisions"}],"predecessor-version":[{"id":26612,"href":"https:\/\/www.fiscaliadecuentas.gob.pa\/index.php?rest_route=\/wp\/v2\/pages\/26542\/revisions\/26612"}],"up":[{"embeddable":true,"href":"https:\/\/www.fiscaliadecuentas.gob.pa\/index.php?rest_route=\/wp\/v2\/pages\/7730"}],"wp:attachment":[{"href":"https:\/\/www.fiscaliadecuentas.gob.pa\/index.php?rest_route=%2Fwp%2Fv2%2Fmedia&parent=26542"}],"curies":[{"name":"wp","href":"https:\/\/api.w.org\/{rel}","templated":true}]}}