{"id":28582,"date":"2021-02-04T08:05:58","date_gmt":"2021-02-04T13:05:58","guid":{"rendered":"https:\/\/www.fiscaliadecuentas.gob.pa\/?page_id=28582"},"modified":"2024-05-22T10:16:09","modified_gmt":"2024-05-22T15:16:09","slug":"resoluciones-de-la-fgc-2020-2-2-3","status":"publish","type":"page","link":"https:\/\/www.fiscaliadecuentas.gob.pa\/?page_id=28582","title":{"rendered":"Resoluciones de la FGC &#8211; 2023"},"content":{"rendered":"<div id='layer_slider_1'  class='avia-layerslider main_color avia-shadow  avia-builder-el-0  el_before_av_textblock  avia-builder-el-first  container_wrap sidebar_right'  style='height: 301px; max-width: 1310px; margin: 0 auto;'  ><\/div><div id='after_layer_slider_1'  class='main_color av_default_container_wrap container_wrap sidebar_right'  ><div class='container av-section-cont-open' ><div class='template-page content  av-content-small alpha units'><div class='post-entry post-entry-type-page post-entry-28582'><div class='entry-content-wrapper clearfix'>\n<section  class='av_textblock_section av-l7ruzviv-ae4da04de4b450e6a9d77e74ad6a9000 '   itemscope=\"itemscope\" itemtype=\"https:\/\/schema.org\/CreativeWork\" ><div class='avia_textblock'  itemprop=\"text\" ><h2 style=\"color: #7a7a7a; font-size: 38px; text-align: center; font-style: Sans-serif; text-shadow: 0px 0px 10px rgba(0, 0, 0, 0.3);\"><strong>Resoluciones de la FGC &#8211; 2023<\/strong><\/h2>\n<\/div><\/section>\n\n<style type=\"text\/css\" data-created_by=\"avia_inline_auto\" id=\"style-css-av-32oqfl0-af5b8aee02d1dd677661e206923ebf00\">\n#top .hr.hr-invisible.av-32oqfl0-af5b8aee02d1dd677661e206923ebf00{\nheight:50px;\n}\n<\/style>\n<div  class='hr av-32oqfl0-af5b8aee02d1dd677661e206923ebf00 hr-invisible  avia-builder-el-2  el_after_av_textblock  el_before_av_one_half '><span class='hr-inner '><span class=\"hr-inner-style\"><\/span><\/span><\/div>\n<div  class='flex_column av-9vr004-732744b1f7832252c7412bd71edce401 av_one_half  avia-builder-el-3  el_after_av_hr  el_before_av_one_half  first flex_column_div  '     ><div  class='avia-icon-list-container av-lwhyv4vx-3b7602204870b2445c682e16ac294c34  avia-builder-el-4  avia-builder-el-no-sibling '><ul class='avia-icon-list avia_animate_when_almost_visible avia-icon-list-left av-iconlist-big av-lwhyv4vx-3b7602204870b2445c682e16ac294c34 avia-iconlist-animate'>\n<li><a href='https:\/\/www.fiscaliadecuentas.gob.pa\/wp-content\/uploads\/2023\/03\/Resolucion-006-23-06febrero2023.pdf' title='RESOLUCI\u00d3N N.\u00ba FGC 006-23 DE 6 DE FEBRERO DE 2023'  target=\"_blank\"  rel=\"noopener noreferrer\" class='iconlist_icon av-lwhyv3eg-df5e89ad677966521a93d5dac9b1e3a4 avia-font-fontawesome avia-iconfont avia-font-fontawesome'><span class='av-icon-char' data-av_icon='\uf1c1' data-av_iconfont='fontawesome' aria-hidden=\"true\"><\/span><\/a><article class=\"article-icon-entry \"  itemscope=\"itemscope\" itemtype=\"https:\/\/schema.org\/CreativeWork\" ><div class=\"iconlist_content_wrap\"><header class=\"entry-content-header\" aria-label=\"Icon: &lt;a href=&#039;https:\/\/www.fiscaliadecuentas.gob.pa\/wp-content\/uploads\/2023\/03\/Resolucion-006-23-06febrero2023.pdf&#039; title=&#039;RESOLUCI\u00d3N N.\u00ba FGC 006-23 DE 6 DE FEBRERO DE 2023&#039; target=&quot;_blank&quot;  rel=&quot;noopener noreferrer&quot;&gt;RESOLUCI\u00d3N N.\u00ba FGC 006-23 DE 6 DE FEBRERO DE 2023&lt;\/a&gt;\"><h4 class='av_iconlist_title iconlist_title  '  itemprop=\"headline\" ><a href='https:\/\/www.fiscaliadecuentas.gob.pa\/wp-content\/uploads\/2023\/03\/Resolucion-006-23-06febrero2023.pdf' title='RESOLUCI\u00d3N N.\u00ba FGC 006-23 DE 6 DE FEBRERO DE 2023' target=\"_blank\"  rel=\"noopener noreferrer\">RESOLUCI\u00d3N N.\u00ba FGC 006-23 DE 6 DE FEBRERO DE 2023<\/a><\/h4><\/header><div class='iconlist_content '  itemprop=\"text\" ><p style=\"text-align: justify;\">Por la cual se adopta el Manual de Procedimientos para la Gesti\u00f3n Integral de Residuos S\u00f3lidos de la Fiscal\u00eda General de Cuentas.<\/p>\n<\/div><\/div><footer class=\"entry-footer\"><\/footer><\/article><div class=\"iconlist-timeline\"><\/div><\/li>\n<li><a href='https:\/\/www.fiscaliadecuentas.gob.pa\/wp-content\/uploads\/2023\/08\/RESOLUCION-FGC-041-2023-POR-LA-CUAL-SE-ESTABLECE-EL-COMITE-DE-GESTION-DE-CALIDAD-DE-LA-FGC.pdf' title='RESOLUCI\u00d3N FGC-41-2023 DE 26 DE JULIO DE 2023'  target=\"_blank\"  rel=\"noopener noreferrer\" class='iconlist_icon av-av_iconlist_item-6740b426e9354e1f6ca73c666ab5e948 avia-font-fontawesome avia-iconfont avia-font-fontawesome'><span class='av-icon-char' data-av_icon='\uf1c1' data-av_iconfont='fontawesome' aria-hidden=\"true\"><\/span><\/a><article class=\"article-icon-entry \"  itemscope=\"itemscope\" itemtype=\"https:\/\/schema.org\/CreativeWork\" ><div class=\"iconlist_content_wrap\"><header class=\"entry-content-header\" aria-label=\"Icon: &lt;a href=&#039;https:\/\/www.fiscaliadecuentas.gob.pa\/wp-content\/uploads\/2023\/08\/RESOLUCION-FGC-041-2023-POR-LA-CUAL-SE-ESTABLECE-EL-COMITE-DE-GESTION-DE-CALIDAD-DE-LA-FGC.pdf&#039; title=&#039;RESOLUCI\u00d3N FGC-41-2023 DE 26 DE JULIO DE 2023&#039; target=&quot;_blank&quot;  rel=&quot;noopener noreferrer&quot;&gt;RESOLUCI\u00d3N FGC-41-2023 DE 26 DE JULIO DE 2023&lt;\/a&gt;\"><h4 class='av_iconlist_title iconlist_title  '  itemprop=\"headline\" ><a href='https:\/\/www.fiscaliadecuentas.gob.pa\/wp-content\/uploads\/2023\/08\/RESOLUCION-FGC-041-2023-POR-LA-CUAL-SE-ESTABLECE-EL-COMITE-DE-GESTION-DE-CALIDAD-DE-LA-FGC.pdf' title='RESOLUCI\u00d3N FGC-41-2023 DE 26 DE JULIO DE 2023' target=\"_blank\"  rel=\"noopener noreferrer\">RESOLUCI\u00d3N FGC-41-2023 DE 26 DE JULIO DE 2023<\/a><\/h4><\/header><div class='iconlist_content '  itemprop=\"text\" ><p style=\"text-align: justify;\">Por la cual se establece el Comit\u00e9 de Gesti\u00f3n de Calidad de la Fiscal\u00eda General de Cuentas para la implementaci\u00f3n del Sistema ISO 9001:2015 y se reglamenta su r\u00e9gimen interno.<\/p>\n<\/div><\/div><footer class=\"entry-footer\"><\/footer><\/article><div class=\"iconlist-timeline\"><\/div><\/li>\n<\/ul><\/div><\/div><div  class='flex_column av-24w5a1w-3eed7f70af3858af38cf9ed5cb23b212 av_one_half  avia-builder-el-5  el_after_av_one_half  el_before_av_hr  flex_column_div  '     ><div  class='avia-icon-list-container av-lqfgowja-3a303e267aca3228d997f7fee0030425  avia-builder-el-6  avia-builder-el-no-sibling '><ul class='avia-icon-list avia_animate_when_almost_visible avia-icon-list-left av-iconlist-big av-lqfgowja-3a303e267aca3228d997f7fee0030425 avia-iconlist-animate'>\n<li><a href='https:\/\/www.fiscaliadecuentas.gob.pa\/wp-content\/uploads\/2023\/06\/RESOLUCION-FGC-033-2023-GACETA-OFICIAL-DIGITAL29797.pdf' title='Resoluci\u00f3n FGC-033-2023 de 22 de mayo de 2023'  target=\"_blank\"  rel=\"noopener noreferrer\" class='iconlist_icon av-2s7v5y-3b65ada681a036f01a7a8b9a2d4690d2 avia-font-fontawesome avia-iconfont avia-font-fontawesome'><span class='av-icon-char' data-av_icon='\uf1c1' data-av_iconfont='fontawesome' aria-hidden=\"true\"><\/span><\/a><article class=\"article-icon-entry \"  itemscope=\"itemscope\" itemtype=\"https:\/\/schema.org\/CreativeWork\" ><div class=\"iconlist_content_wrap\"><header class=\"entry-content-header\" aria-label=\"Icon: &lt;a href=&#039;https:\/\/www.fiscaliadecuentas.gob.pa\/wp-content\/uploads\/2023\/06\/RESOLUCION-FGC-033-2023-GACETA-OFICIAL-DIGITAL29797.pdf&#039; title=&#039;Resoluci\u00f3n FGC-033-2023 de 22 de mayo de 2023&#039; target=&quot;_blank&quot;  rel=&quot;noopener noreferrer&quot;&gt;Resoluci\u00f3n FGC-033-2023 de 22 de mayo de 2023&lt;\/a&gt;\"><h4 class='av_iconlist_title iconlist_title  '  itemprop=\"headline\" ><a href='https:\/\/www.fiscaliadecuentas.gob.pa\/wp-content\/uploads\/2023\/06\/RESOLUCION-FGC-033-2023-GACETA-OFICIAL-DIGITAL29797.pdf' title='Resoluci\u00f3n FGC-033-2023 de 22 de mayo de 2023' target=\"_blank\"  rel=\"noopener noreferrer\">Resoluci\u00f3n FGC-033-2023 de 22 de mayo de 2023<\/a><\/h4><\/header><div class='iconlist_content '  itemprop=\"text\" ><p style=\"text-align: justify;\">Que comunica la implementaci\u00f3n del gestor documental y el uso de la firma electr\u00f3nica en la fiscal\u00eda general de cuentas.<\/p>\n<\/div><\/div><footer class=\"entry-footer\"><\/footer><\/article><div class=\"iconlist-timeline\"><\/div><\/li>\n<li><a href='https:\/\/www.fiscaliadecuentas.gob.pa\/wp-content\/uploads\/2023\/12\/RESOLUCION-FGC-69-2023.pdf' title='RESOLUCI\u00d3N FGC-69-2023, de 7 de diciembre de 2023'  target=\"_blank\"  rel=\"noopener noreferrer\" class='iconlist_icon av-lqfgoswk-e340e5cbb8185b948ea28adff03a3666 avia-font-fontawesome avia-iconfont avia-font-fontawesome'><span class='av-icon-char' data-av_icon='\uf1c1' data-av_iconfont='fontawesome' aria-hidden=\"true\"><\/span><\/a><article class=\"article-icon-entry \"  itemscope=\"itemscope\" itemtype=\"https:\/\/schema.org\/CreativeWork\" ><div class=\"iconlist_content_wrap\"><header class=\"entry-content-header\" aria-label=\"Icon: &lt;a href=&#039;https:\/\/www.fiscaliadecuentas.gob.pa\/wp-content\/uploads\/2023\/12\/RESOLUCION-FGC-69-2023.pdf&#039; title=&#039;RESOLUCI\u00d3N FGC-69-2023, de 7 de diciembre de 2023&#039; target=&quot;_blank&quot;  rel=&quot;noopener noreferrer&quot;&gt;RESOLUCI\u00d3N FGC-69-2023, de 7 de diciembre de 2023&lt;\/a&gt;\"><h4 class='av_iconlist_title iconlist_title  '  itemprop=\"headline\" ><a href='https:\/\/www.fiscaliadecuentas.gob.pa\/wp-content\/uploads\/2023\/12\/RESOLUCION-FGC-69-2023.pdf' title='RESOLUCI\u00d3N FGC-69-2023, de 7 de diciembre de 2023' target=\"_blank\"  rel=\"noopener noreferrer\">RESOLUCI\u00d3N FGC-69-2023, de 7 de diciembre de 2023<\/a><\/h4><\/header><div class='iconlist_content '  itemprop=\"text\" ><p style=\"text-align: justify;\">Por lo cual se crea el Comit\u00e9 de Auditor\u00eda de la Fiscal\u00eda General de Cuentas.<\/p>\n<\/div><\/div><footer class=\"entry-footer\"><\/footer><\/article><div class=\"iconlist-timeline\"><\/div><\/li>\n<\/ul><\/div><\/div><\/p>\n\n<style type=\"text\/css\" data-created_by=\"avia_inline_auto\" id=\"style-css-av-1twkvqc-6b03c9a415765b90257c2b3379c2cc2e\">\n#top .hr.hr-invisible.av-1twkvqc-6b03c9a415765b90257c2b3379c2cc2e{\nheight:50px;\n}\n<\/style>\n<div  class='hr av-1twkvqc-6b03c9a415765b90257c2b3379c2cc2e hr-invisible  avia-builder-el-7  el_after_av_one_half  el_before_av_hr '><span class='hr-inner '><span class=\"hr-inner-style\"><\/span><\/span><\/div>\n\n<style type=\"text\/css\" data-created_by=\"avia_inline_auto\" id=\"style-css-av-10e2pk4-2208e9f3289bb4fc7104552ee1ac4586\">\n#top .hr.hr-invisible.av-10e2pk4-2208e9f3289bb4fc7104552ee1ac4586{\nheight:50px;\n}\n<\/style>\n<div  class='hr av-10e2pk4-2208e9f3289bb4fc7104552ee1ac4586 hr-invisible  avia-builder-el-8  el_after_av_hr  el_before_av_one_half '><span class='hr-inner '><span class=\"hr-inner-style\"><\/span><\/span><\/div>\n<div  class='flex_column av-2c0ric-277466e66dd75175d14c7153d647c202 av_one_half  avia-builder-el-9  el_after_av_hr  avia-builder-el-last  first flex_column_div  '     ><\/div>\n","protected":false},"excerpt":{"rendered":"","protected":false},"author":5,"featured_media":0,"parent":0,"menu_order":0,"comment_status":"closed","ping_status":"closed","template":"","meta":{"_EventAllDay":false,"_EventTimezone":"","_EventStartDate":"","_EventEndDate":"","_EventStartDateUTC":"","_EventEndDateUTC":"","_EventShowMap":false,"_EventShowMapLink":false,"_EventURL":"","_EventCost":"","_EventCostDescription":"","_EventCurrencySymbol":"","_EventCurrencyCode":"","_EventCurrencyPosition":"","_EventDateTimeSeparator":"","_EventTimeRangeSeparator":"","_EventOrganizerID":[],"_EventVenueID":[],"_OrganizerEmail":"","_OrganizerPhone":"","_OrganizerWebsite":"","_VenueAddress":"","_VenueCity":"","_VenueCountry":"","_VenueProvince":"","_VenueState":"","_VenueZip":"","_VenuePhone":"","_VenueURL":"","_VenueStateProvince":"","_VenueLat":"","_VenueLng":"","_VenueShowMap":false,"_VenueShowMapLink":false,"footnotes":""},"class_list":["post-28582","page","type-page","status-publish","hentry"],"_links":{"self":[{"href":"https:\/\/www.fiscaliadecuentas.gob.pa\/index.php?rest_route=\/wp\/v2\/pages\/28582","targetHints":{"allow":["GET"]}}],"collection":[{"href":"https:\/\/www.fiscaliadecuentas.gob.pa\/index.php?rest_route=\/wp\/v2\/pages"}],"about":[{"href":"https:\/\/www.fiscaliadecuentas.gob.pa\/index.php?rest_route=\/wp\/v2\/types\/page"}],"author":[{"embeddable":true,"href":"https:\/\/www.fiscaliadecuentas.gob.pa\/index.php?rest_route=\/wp\/v2\/users\/5"}],"replies":[{"embeddable":true,"href":"https:\/\/www.fiscaliadecuentas.gob.pa\/index.php?rest_route=%2Fwp%2Fv2%2Fcomments&post=28582"}],"version-history":[{"count":11,"href":"https:\/\/www.fiscaliadecuentas.gob.pa\/index.php?rest_route=\/wp\/v2\/pages\/28582\/revisions"}],"predecessor-version":[{"id":36525,"href":"https:\/\/www.fiscaliadecuentas.gob.pa\/index.php?rest_route=\/wp\/v2\/pages\/28582\/revisions\/36525"}],"wp:attachment":[{"href":"https:\/\/www.fiscaliadecuentas.gob.pa\/index.php?rest_route=%2Fwp%2Fv2%2Fmedia&parent=28582"}],"curies":[{"name":"wp","href":"https:\/\/api.w.org\/{rel}","templated":true}]}}