{"id":29292,"date":"2023-04-18T09:26:04","date_gmt":"2023-04-18T14:26:04","guid":{"rendered":"https:\/\/www.fiscaliadecuentas.gob.pa\/?page_id=29292"},"modified":"2023-05-05T08:24:47","modified_gmt":"2023-05-05T13:24:47","slug":"leyes-2","status":"publish","type":"page","link":"https:\/\/www.fiscaliadecuentas.gob.pa\/?page_id=29292","title":{"rendered":"FGC_APP-Leyes"},"content":{"rendered":"<p><\/div><\/div><\/div><!-- close content main div --><\/div><\/div><div id='layer_slider_1'  class='avia-layerslider main_color avia-shadow  container_wrap sidebar_right'  style='height: 301px; max-width: 1310px; margin: 0 auto;'  ><\/div><br \/>\n<section  class='av_textblock_section av-lb2b6o03-b983938cf5ec9c35e6949960564f00a2 '   itemscope=\"itemscope\" itemtype=\"https:\/\/schema.org\/CreativeWork\" ><div class='avia_textblock'  itemprop=\"text\" ><h1 style=\"color: #7a7a7a; font-size: 38px; text-align: center; font-style: Sans-serif; text-shadow: 0px 0px 10px rgba(0, 0, 0, 0.3);\"><strong>Leyes<\/strong><\/h1>\n<\/div><\/section><br \/>\n\n<style type=\"text\/css\" data-created_by=\"avia_inline_auto\" id=\"style-css-av-av_hr-c212a6610ca2a1554649fe7cde83d8bf\">\n#top .hr.hr-invisible.av-av_hr-c212a6610ca2a1554649fe7cde83d8bf{\nheight:50px;\n}\n<\/style>\n<div  class='hr av-av_hr-c212a6610ca2a1554649fe7cde83d8bf hr-invisible  avia-builder-el-1  el_after_av_textblock  el_before_av_one_half '><span class='hr-inner '><span class=\"hr-inner-style\"><\/span><\/span><\/div><br \/>\n<div  class='flex_column av-av_one_half-e35d4d7392d344ede5b92e9eb6686da9 av_one_half  avia-builder-el-2  el_after_av_hr  el_before_av_one_half  first flex_column_div  '     ><div  class='avia-icon-list-container av-lb2dtsqz-708f2b91b3124511362590fb8269965e  avia-builder-el-3  avia-builder-el-no-sibling '><ul class='avia-icon-list avia_animate_when_almost_visible avia-icon-list-left av-iconlist-big av-lb2dtsqz-708f2b91b3124511362590fb8269965e avia-iconlist-animate'>\n<li><a href='https:\/\/www.fiscaliadecuentas.gob.pa\/wp-content\/uploads\/2021\/11\/LEY-67-DE-2008-ACTUALIZADA-AL-2020-FGC-Secretaria-General.pdf' title='Ley 67 de 2008'  target=\"_blank\"  rel=\"noopener noreferrer\" class='iconlist_icon av-av_iconlist_item-6897a4590a5207f6d3e8c3f71bced776 avia-font-fontawesome avia-iconfont avia-font-fontawesome'><span class='av-icon-char' data-av_icon='\uf1c1' data-av_iconfont='fontawesome' aria-hidden=\"true\"><\/span><\/a><article class=\"article-icon-entry \"  itemscope=\"itemscope\" itemtype=\"https:\/\/schema.org\/CreativeWork\" ><div class=\"iconlist_content_wrap\"><header class=\"entry-content-header\" aria-label=\"Icon: &lt;a href=&#039;https:\/\/www.fiscaliadecuentas.gob.pa\/wp-content\/uploads\/2021\/11\/LEY-67-DE-2008-ACTUALIZADA-AL-2020-FGC-Secretaria-General.pdf&#039; title=&#039;Ley 67 de 2008&#039; target=&quot;_blank&quot;  rel=&quot;noopener noreferrer&quot;&gt;Ley 67 de 2008&lt;\/a&gt;\"><h4 class='av_iconlist_title iconlist_title  '  itemprop=\"headline\" ><a href='https:\/\/www.fiscaliadecuentas.gob.pa\/wp-content\/uploads\/2021\/11\/LEY-67-DE-2008-ACTUALIZADA-AL-2020-FGC-Secretaria-General.pdf' title='Ley 67 de 2008' target=\"_blank\"  rel=\"noopener noreferrer\">Ley 67 de 2008<\/a><\/h4><\/header><div class='iconlist_content '  itemprop=\"text\" ><p style=\"text-align: justify;\">\nLey que Desarrolla la Jurisdicci\u00f3n de Cuentas.<br \/>\nContiene las modificaciones y adiciones introducidas por las leyes:<br \/>\nN. \u00ba 30 de 16 de junio de 2010, N. \u00ba 66 de 26 de octubre de 2010,<br \/>\nN. \u00ba 65 de 9 de agosto de 2011,<br \/>\nN. \u00ba 81 de 22 de octubre de 2013 y N. \u00ba 24 de 28 de octubre de 2014.<\/p>\n<\/div><\/div><footer class=\"entry-footer\"><\/footer><\/article><div class=\"iconlist-timeline\"><\/div><\/li>\n<li><a href='https:\/\/www.fiscaliadecuentas.gob.pa\/wp-content\/uploads\/2020\/06\/ley-32-de-8-de-noviembre-de-1984-versi\u00f3n-revisada.pdf' title='Ley 32 de 8 de noviembre de 1984'  target=\"_blank\"  rel=\"noopener noreferrer\" class='iconlist_icon av-lb2dtrb0-1fe822ded242c20f922c2be77c2dde08 avia-font-fontawesome avia-iconfont avia-font-fontawesome'><span class='av-icon-char' data-av_icon='\uf1c1' data-av_iconfont='fontawesome' aria-hidden=\"true\"><\/span><\/a><article class=\"article-icon-entry \"  itemscope=\"itemscope\" itemtype=\"https:\/\/schema.org\/CreativeWork\" ><div class=\"iconlist_content_wrap\"><header class=\"entry-content-header\" aria-label=\"Icon: &lt;a href=&#039;https:\/\/www.fiscaliadecuentas.gob.pa\/wp-content\/uploads\/2020\/06\/ley-32-de-8-de-noviembre-de-1984-versi\u00f3n-revisada.pdf&#039; title=&#039;Ley 32 de 8 de noviembre de 1984&#039; target=&quot;_blank&quot;  rel=&quot;noopener noreferrer&quot;&gt;Ley 32 de 8 de noviembre de 1984&lt;\/a&gt;\"><h4 class='av_iconlist_title iconlist_title  '  itemprop=\"headline\" ><a href='https:\/\/www.fiscaliadecuentas.gob.pa\/wp-content\/uploads\/2020\/06\/ley-32-de-8-de-noviembre-de-1984-versi\u00f3n-revisada.pdf' title='Ley 32 de 8 de noviembre de 1984' target=\"_blank\"  rel=\"noopener noreferrer\">Ley 32 de 8 de noviembre de 1984<\/a><\/h4><\/header><div class='iconlist_content '  itemprop=\"text\" ><p style=\"text-align: justify;\">Por la cual se adopta la Ley Org\u00e1nica de la Contralor\u00eda General de la<br \/>\nRep\u00fablica<\/p>\n<\/div><\/div><footer class=\"entry-footer\"><\/footer><\/article><div class=\"iconlist-timeline\"><\/div><\/li>\n<li><a href='https:\/\/www.fiscaliadecuentas.gob.pa\/?page_id=8000' title='Contrataciones P\u00fablicas'  target=\"_blank\"  rel=\"noopener noreferrer\" class='iconlist_icon av-av_iconlist_item-dc7fcb5c6d2d13f45290d4233364294a avia-font-fontawesome avia-iconfont avia-font-fontawesome'><span class='av-icon-char' data-av_icon='\uf1c1' data-av_iconfont='fontawesome' aria-hidden=\"true\"><\/span><\/a><article class=\"article-icon-entry \"  itemscope=\"itemscope\" itemtype=\"https:\/\/schema.org\/CreativeWork\" ><div class=\"iconlist_content_wrap\"><header class=\"entry-content-header\" aria-label=\"Icon: &lt;a href=&#039;https:\/\/www.fiscaliadecuentas.gob.pa\/?page_id=8000&#039; title=&#039;Contrataciones P\u00fablicas&#039; target=&quot;_blank&quot;  rel=&quot;noopener noreferrer&quot;&gt;Contrataciones P\u00fablicas&lt;\/a&gt;\"><h4 class='av_iconlist_title iconlist_title  '  itemprop=\"headline\" ><a href='https:\/\/www.fiscaliadecuentas.gob.pa\/?page_id=8000' title='Contrataciones P\u00fablicas' target=\"_blank\"  rel=\"noopener noreferrer\">Contrataciones P\u00fablicas<\/a><\/h4><\/header><div class='iconlist_content '  itemprop=\"text\" ><p style=\"text-align: justify;\">Contiene:<br \/>\nDecreto Ejecutivo No. 439 de 10 de septiembre de 2020 que reglamenta la Ley 22 de 2006, que regula la contrataci\u00f3n p\u00fablica<br \/>\nResoluci\u00f3n No. 285-2021, por la cual se aprueba el C\u00f3digo de \u00c9tica en la Contrataci\u00f3n P\u00fablica.<br \/>\nTexto \u00danico de la Ley 22 de 27 de junio de 2006<\/p>\n<\/div><\/div><footer class=\"entry-footer\"><\/footer><\/article><div class=\"iconlist-timeline\"><\/div><\/li>\n<\/ul><\/div><\/div><div  class='flex_column av-av_one_half-42d37b427ea0fe62155da7ff29a9dab8 av_one_half  avia-builder-el-4  el_after_av_one_half  el_before_av_one_half  flex_column_div  '     ><div  class='avia-icon-list-container av-lb2dsqo7-9e243e0a54fcee8d965be393e29f88c5  avia-builder-el-5  avia-builder-el-no-sibling '><ul class='avia-icon-list avia_animate_when_almost_visible avia-icon-list-left av-iconlist-big av-lb2dsqo7-9e243e0a54fcee8d965be393e29f88c5 avia-iconlist-animate'>\n<li><a href='https:\/\/www.fiscaliadecuentas.gob.pa\/?page_id=8083' title='Responsabilidad Social Fiscal'  target=\"_blank\"  rel=\"noopener noreferrer\" class='iconlist_icon av-av_iconlist_item-01bf22052c942070148f369b7925a89b avia-font-fontawesome avia-iconfont avia-font-fontawesome'><span class='av-icon-char' data-av_icon='\uf1c1' data-av_iconfont='fontawesome' aria-hidden=\"true\"><\/span><\/a><article class=\"article-icon-entry \"  itemscope=\"itemscope\" itemtype=\"https:\/\/schema.org\/CreativeWork\" ><div class=\"iconlist_content_wrap\"><header class=\"entry-content-header\" aria-label=\"Icon: &lt;a href=&#039;https:\/\/www.fiscaliadecuentas.gob.pa\/?page_id=8083&#039; title=&#039;Responsabilidad Social Fiscal&#039; target=&quot;_blank&quot;  rel=&quot;noopener noreferrer&quot;&gt;Responsabilidad Social Fiscal&lt;\/a&gt;\"><h4 class='av_iconlist_title iconlist_title  '  itemprop=\"headline\" ><a href='https:\/\/www.fiscaliadecuentas.gob.pa\/?page_id=8083' title='Responsabilidad Social Fiscal' target=\"_blank\"  rel=\"noopener noreferrer\">Responsabilidad Social Fiscal<\/a><\/h4><\/header><div class='iconlist_content '  itemprop=\"text\" ><p style=\"text-align: justify;\">Contiene:<br \/>\nDecreto Ejecutivo N\u00b052 de 3 de junio 2020, se deroga el Decreto Ejecutivo N\u00b050, que reglamenta ley de Responsabilidad Social Fiscal &#8211; Gaceta 28788-B<br \/>\nLey 32 de 26 de junio 2009, que modifica ley 34 de Responsabilidad Social Fiscal &#8211; Gaceta 26312<br \/>\nLey 34 de 5 de junio 2008, Responsabilidad Social Fiscal &#8211; Gaceta 26056<\/p>\n<\/div><\/div><footer class=\"entry-footer\"><\/footer><\/article><div class=\"iconlist-timeline\"><\/div><\/li>\n<li><a href='https:\/\/www.fiscaliadecuentas.gob.pa\/wp-content\/uploads\/2021\/11\/88359.pdf' title='Ley 254 de 11 de noviembre de 2021'  target=\"_blank\"  rel=\"noopener noreferrer\" class='iconlist_icon av-av_iconlist_item-7fe5122dc45b3812b9392062274c411f avia-font-fontawesome avia-iconfont avia-font-fontawesome'><span class='av-icon-char' data-av_icon='\uf1c1' data-av_iconfont='fontawesome' aria-hidden=\"true\"><\/span><\/a><article class=\"article-icon-entry \"  itemscope=\"itemscope\" itemtype=\"https:\/\/schema.org\/CreativeWork\" ><div class=\"iconlist_content_wrap\"><header class=\"entry-content-header\" aria-label=\"Icon: &lt;a href=&#039;https:\/\/www.fiscaliadecuentas.gob.pa\/wp-content\/uploads\/2021\/11\/88359.pdf&#039; title=&#039;Ley 254 de 11 de noviembre de 2021&#039; target=&quot;_blank&quot;  rel=&quot;noopener noreferrer&quot;&gt;Ley 254 de 11 de noviembre de 2021&lt;\/a&gt;\"><h4 class='av_iconlist_title iconlist_title  '  itemprop=\"headline\" ><a href='https:\/\/www.fiscaliadecuentas.gob.pa\/wp-content\/uploads\/2021\/11\/88359.pdf' title='Ley 254 de 11 de noviembre de 2021' target=\"_blank\"  rel=\"noopener noreferrer\">Ley 254 de 11 de noviembre de 2021<\/a><\/h4><\/header><div class='iconlist_content '  itemprop=\"text\" ><p style=\"text-align: justify;\">Que introduce a la legislaci\u00f3n en materia de transparencia fiscal internacional y de prevenci\u00f3n de blanqueo de capitales, el financiamiento del terrorismo y el financiamiento de la proliferaci\u00f3n de armas de destrucci\u00f3n masiva<\/p>\n<\/div><\/div><footer class=\"entry-footer\"><\/footer><\/article><div class=\"iconlist-timeline\"><\/div><\/li>\n<li><a href='https:\/\/www.fiscaliadecuentas.gob.pa\/wp-content\/uploads\/2022\/11\/Ley-336-de-14-de-noviembre-de-2022.pdf' title='Ley 336 de 14 de noviembre de 2022'  target=\"_blank\"  rel=\"noopener noreferrer\" class='iconlist_icon av-lb2dspq9-92c3fb6bc894bd21c8c703f834110383 avia-font-fontawesome avia-iconfont avia-font-fontawesome'><span class='av-icon-char' data-av_icon='\uf1c1' data-av_iconfont='fontawesome' aria-hidden=\"true\"><\/span><\/a><article class=\"article-icon-entry \"  itemscope=\"itemscope\" itemtype=\"https:\/\/schema.org\/CreativeWork\" ><div class=\"iconlist_content_wrap\"><header class=\"entry-content-header\" aria-label=\"Icon: &lt;a href=&#039;https:\/\/www.fiscaliadecuentas.gob.pa\/wp-content\/uploads\/2022\/11\/Ley-336-de-14-de-noviembre-de-2022.pdf&#039; title=&#039;Ley 336 de 14 de noviembre de 2022&#039; target=&quot;_blank&quot;  rel=&quot;noopener noreferrer&quot;&gt;Ley 336 de 14 de noviembre de 2022&lt;\/a&gt;\"><h4 class='av_iconlist_title iconlist_title  '  itemprop=\"headline\" ><a href='https:\/\/www.fiscaliadecuentas.gob.pa\/wp-content\/uploads\/2022\/11\/Ley-336-de-14-de-noviembre-de-2022.pdf' title='Ley 336 de 14 de noviembre de 2022' target=\"_blank\"  rel=\"noopener noreferrer\">Ley 336 de 14 de noviembre de 2022<\/a><\/h4><\/header><div class='iconlist_content '  itemprop=\"text\" ><p style=\"text-align: justify;\">Que dicta el Presupuesto General del Estado para la vigencia fiscal 2023<\/p>\n<\/div><\/div><footer class=\"entry-footer\"><\/footer><\/article><div class=\"iconlist-timeline\"><\/div><\/li>\n<\/ul><\/div><\/div>\n<style type=\"text\/css\" data-created_by=\"avia_inline_auto\" id=\"style-css-av-av_hr-c212a6610ca2a1554649fe7cde83d8bf\">\n#top .hr.hr-invisible.av-av_hr-c212a6610ca2a1554649fe7cde83d8bf{\nheight:50px;\n}\n<\/style>\n<div  class='hr av-av_hr-c212a6610ca2a1554649fe7cde83d8bf hr-invisible'><span class='hr-inner '><span class=\"hr-inner-style\"><\/span><\/span><\/div><br \/>\n<div  class='flex_column av-av_one_half-e35d4d7392d344ede5b92e9eb6686da9 av_one_half  avia-builder-el-6  el_after_av_one_half  el_before_av_one_half  first flex_column_div  column-top-margin'     ><div  class='avia-icon-list-container av-lb2dwdz4-9e6781b59e5fabe931d98163a1c38d25  avia-builder-el-7  avia-builder-el-no-sibling '><ul class='avia-icon-list avia_animate_when_almost_visible avia-icon-list-left av-iconlist-big av-lb2dwdz4-9e6781b59e5fabe931d98163a1c38d25 avia-iconlist-animate'>\n<li><a href='https:\/\/www.fiscaliadecuentas.gob.pa\/wp-content\/uploads\/2022\/09\/Ley38-de-31-de-julio-de-2000.pdf' title='Ley 38 de 31 de julio de 2000'  target=\"_blank\"  rel=\"noopener noreferrer\" class='iconlist_icon av-lb2dwcz8-e84389946abf28dc033da16666202f35 avia-font-fontawesome avia-iconfont avia-font-fontawesome'><span class='av-icon-char' data-av_icon='\uf1c1' data-av_iconfont='fontawesome' aria-hidden=\"true\"><\/span><\/a><article class=\"article-icon-entry \"  itemscope=\"itemscope\" itemtype=\"https:\/\/schema.org\/CreativeWork\" ><div class=\"iconlist_content_wrap\"><header class=\"entry-content-header\" aria-label=\"Icon: &lt;a href=&#039;https:\/\/www.fiscaliadecuentas.gob.pa\/wp-content\/uploads\/2022\/09\/Ley38-de-31-de-julio-de-2000.pdf&#039; title=&#039;Ley 38 de 31 de julio de 2000&#039; target=&quot;_blank&quot;  rel=&quot;noopener noreferrer&quot;&gt;Ley 38 de 31 de julio de 2000&lt;\/a&gt;\"><h4 class='av_iconlist_title iconlist_title  '  itemprop=\"headline\" ><a href='https:\/\/www.fiscaliadecuentas.gob.pa\/wp-content\/uploads\/2022\/09\/Ley38-de-31-de-julio-de-2000.pdf' title='Ley 38 de 31 de julio de 2000' target=\"_blank\"  rel=\"noopener noreferrer\">Ley 38 de 31 de julio de 2000<\/a><\/h4><\/header><div class='iconlist_content '  itemprop=\"text\" ><p style=\"text-align: justify;\">Ley que aprueba el Estatuto Org\u00e1nico de la Procuradur\u00eda de la Administraci\u00f3n<\/p>\n<\/div><\/div><footer class=\"entry-footer\"><\/footer><\/article><div class=\"iconlist-timeline\"><\/div><\/li>\n<\/ul><\/div><\/div>\n<style type=\"text\/css\" data-created_by=\"avia_inline_auto\" id=\"style-css-av-av_hr-c212a6610ca2a1554649fe7cde83d8bf\">\n#top .hr.hr-invisible.av-av_hr-c212a6610ca2a1554649fe7cde83d8bf{\nheight:50px;\n}\n<\/style>\n<div  class='hr av-av_hr-c212a6610ca2a1554649fe7cde83d8bf hr-invisible'><span class='hr-inner '><span class=\"hr-inner-style\"><\/span><\/span><\/div><br \/>\n<div  class='flex_column av-av_one_half-e35d4d7392d344ede5b92e9eb6686da9 av_one_half  avia-builder-el-8  el_after_av_one_half  avia-builder-el-last  first flex_column_div  column-top-margin'     ><\/div><\/p>\n","protected":false},"excerpt":{"rendered":"","protected":false},"author":22,"featured_media":0,"parent":7730,"menu_order":0,"comment_status":"closed","ping_status":"closed","template":"","meta":{"_EventAllDay":false,"_EventTimezone":"","_EventStartDate":"","_EventEndDate":"","_EventStartDateUTC":"","_EventEndDateUTC":"","_EventShowMap":false,"_EventShowMapLink":false,"_EventURL":"","_EventCost":"","_EventCostDescription":"","_EventCurrencySymbol":"","_EventCurrencyCode":"","_EventCurrencyPosition":"","_EventDateTimeSeparator":"","_EventTimeRangeSeparator":"","_EventOrganizerID":[],"_EventVenueID":[],"_OrganizerEmail":"","_OrganizerPhone":"","_OrganizerWebsite":"","_VenueAddress":"","_VenueCity":"","_VenueCountry":"","_VenueProvince":"","_VenueState":"","_VenueZip":"","_VenuePhone":"","_VenueURL":"","_VenueStateProvince":"","_VenueLat":"","_VenueLng":"","_VenueShowMap":false,"_VenueShowMapLink":false,"footnotes":""},"class_list":["post-29292","page","type-page","status-publish","hentry"],"_links":{"self":[{"href":"https:\/\/www.fiscaliadecuentas.gob.pa\/index.php?rest_route=\/wp\/v2\/pages\/29292","targetHints":{"allow":["GET"]}}],"collection":[{"href":"https:\/\/www.fiscaliadecuentas.gob.pa\/index.php?rest_route=\/wp\/v2\/pages"}],"about":[{"href":"https:\/\/www.fiscaliadecuentas.gob.pa\/index.php?rest_route=\/wp\/v2\/types\/page"}],"author":[{"embeddable":true,"href":"https:\/\/www.fiscaliadecuentas.gob.pa\/index.php?rest_route=\/wp\/v2\/users\/22"}],"replies":[{"embeddable":true,"href":"https:\/\/www.fiscaliadecuentas.gob.pa\/index.php?rest_route=%2Fwp%2Fv2%2Fcomments&post=29292"}],"version-history":[{"count":2,"href":"https:\/\/www.fiscaliadecuentas.gob.pa\/index.php?rest_route=\/wp\/v2\/pages\/29292\/revisions"}],"predecessor-version":[{"id":29437,"href":"https:\/\/www.fiscaliadecuentas.gob.pa\/index.php?rest_route=\/wp\/v2\/pages\/29292\/revisions\/29437"}],"up":[{"embeddable":true,"href":"https:\/\/www.fiscaliadecuentas.gob.pa\/index.php?rest_route=\/wp\/v2\/pages\/7730"}],"wp:attachment":[{"href":"https:\/\/www.fiscaliadecuentas.gob.pa\/index.php?rest_route=%2Fwp%2Fv2%2Fmedia&parent=29292"}],"curies":[{"name":"wp","href":"https:\/\/api.w.org\/{rel}","templated":true}]}}