{"id":317,"date":"2015-09-19T13:20:41","date_gmt":"2015-09-19T13:20:41","guid":{"rendered":"http:\/\/www.fiscaliadecuentas.gob.pa\/?page_id=317"},"modified":"2021-07-05T09:45:21","modified_gmt":"2021-07-05T14:45:21","slug":"preguntas-frecuentes","status":"publish","type":"page","link":"https:\/\/www.fiscaliadecuentas.gob.pa\/?page_id=317","title":{"rendered":"Preguntas Frecuentes"},"content":{"rendered":"\n<style type=\"text\/css\" data-created_by=\"avia_inline_auto\" id=\"style-css-av-av_one_full-53b0b300fb3685750664fb085c5ad19d\">\n.flex_column.av-av_one_full-53b0b300fb3685750664fb085c5ad19d{\nborder-radius:0px 0px 0px 0px;\npadding:0px 0px 0px 0px;\n}\n<\/style>\n<div  class='flex_column av-av_one_full-53b0b300fb3685750664fb085c5ad19d av_one_full  avia-builder-el-0  el_before_av_textblock  avia-builder-el-first  first flex_column_div av-zero-column-padding  '     ><style type=\"text\/css\" data-created_by=\"avia_inline_auto\" id=\"style-css-av-kqqpbyea-c7e04403fab4488f096bba6d427eca94\">\n#top .av-special-heading.av-kqqpbyea-c7e04403fab4488f096bba6d427eca94{\npadding-bottom:0;\ncolor:#ffffff;\n}\nbody .av-special-heading.av-kqqpbyea-c7e04403fab4488f096bba6d427eca94 .av-special-heading-tag .heading-char{\nfont-size:25px;\n}\n.av-special-heading.av-kqqpbyea-c7e04403fab4488f096bba6d427eca94 .special-heading-inner-border{\nborder-color:#ffffff;\n}\n.av-special-heading.av-kqqpbyea-c7e04403fab4488f096bba6d427eca94 .av-subheading{\nfont-size:15px;\n}\n<\/style>\n<div  class='av-special-heading av-kqqpbyea-c7e04403fab4488f096bba6d427eca94 av-special-heading-h2 custom-color-heading blockquote classic-quote  avia-builder-el-1  avia-builder-el-no-sibling '><h2 class='av-special-heading-tag '  itemprop=\"headline\"  >FISCAL\u00cdA GENERAL DE CUENTAS<\/h2><div class='av_custom_color av-subheading av-subheading_below'><p>PREGUNTAS FRECUENTES<\/p>\n<\/div><div class=\"special-heading-border\"><div class=\"special-heading-inner-border\"><\/div><\/div><\/div><\/div><section  class='av_textblock_section av-kqqo20fi-42a12d49f71ded869391c45bd603c919 '   itemscope=\"itemscope\" itemtype=\"https:\/\/schema.org\/CreativeWork\" ><div class='avia_textblock'  itemprop=\"text\" ><ol start=\"1\">\n<li><strong>\u00bfCu\u00e1l es la ley mediante la cual se desarrolla la Jurisdicci\u00f3n de Cuentas y crea la Fiscal\u00eda General de Cuentas?<\/strong><\/li>\n<\/ol>\n<p style=\"padding-left: 40px; text-align: justify;\"><strong>R.<\/strong> Ley 67 de 14 de noviembre de 2008.<\/p>\n<ol start=\"2\">\n<li><strong>\u00bfQu\u00e9 es la Fiscal\u00eda General de Cuentas?<\/strong><\/li>\n<\/ol>\n<p style=\"padding-left: 40px; text-align: justify;\"><strong>R.<\/strong> Es una agencia de instrucci\u00f3n independiente en lo funcional, administrativo y presupuestario, coadyuvante del Tribunal de Cuentas, la que ejercer\u00e1 sus funciones en todo el territorio de la Rep\u00fablica y tendr\u00e1 su sede en la ciudad de Panam\u00e1.<\/p>\n<ol start=\"3\">\n<li><strong>\u00bfCu\u00e1les son las causas que pueden ser juzgadas por la Jurisdicci\u00f3n de Cuentas?<\/strong><\/li>\n<\/ol>\n<p style=\"padding-left: 40px; text-align: justify;\"><strong>R.<\/strong> Los reparos formulados por la Contralor\u00eda General de la Rep\u00fablica a los agentes y empleados de manejo.<\/p>\n<ol start=\"4\">\n<li><strong>Acorde a lo dispuesto en la Ley 67 de 2008, un empleado de manejo es:<\/strong><\/li>\n<\/ol>\n<p style=\"padding-left: 40px; text-align: justify;\"><strong>R.<\/strong> Todo servidor p\u00fablico que reciba, recaude, maneje, administre, invierta, custodie, cuide, controle, apruebe, autorice, pague o fiscalice fondos o bienes p\u00fablicos.<\/p>\n<ol start=\"5\">\n<li><strong>Acorde a lo dispuesto en la Ley 67 de 2008, un agente de manejo es:<\/strong><\/li>\n<\/ol>\n<p style=\"padding-left: 40px; text-align: justify;\"><strong>R.<\/strong> Toda persona natural o jur\u00eddica que reciba, recaude, maneje, administre, invierta, custodie, cuide, controle, apruebe, autorice o pague por cualquier causa fondos o bienes p\u00fablicos.<\/p>\n<ol start=\"6\">\n<li>\u00bf<strong>Cu\u00e1l es el t\u00e9rmino de prescripci\u00f3n de la acci\u00f3n de cuentas?<\/strong><\/li>\n<\/ol>\n<p style=\"padding-left: 40px; text-align: justify;\"><strong>R.<\/strong> La acci\u00f3n de cuentas prescribe en un plazo de diez (10) a\u00f1os, que comienza a contarse desde el momento en que ocurren los hechos que constituyen la lesi\u00f3n patrimonial en contra del Estado.<\/p>\n<ol start=\"7\">\n<li><strong>\u00bfQu\u00e9 derecho tiene la persona mencionada como vinculada a una lesi\u00f3n patrimonial, seg\u00fan la Ley 67 de 2008?<\/strong><\/li>\n<\/ol>\n<p style=\"padding-left: 40px; text-align: justify;\"><strong>R.<\/strong> La persona que sea mencionada como vinculada a una lesi\u00f3n patrimonial tiene el derecho de defenderse y de ser o\u00edda desde el inicio de las investigaciones.<\/p>\n<ol start=\"8\">\n<li><strong>\u00bfQu\u00e9 t\u00e9rmino le establece la Ley a la Fiscal\u00eda General de Cuentas para llevar a cabo la investigaci\u00f3n patrimonial?<\/strong><\/li>\n<\/ol>\n<p style=\"padding-left: 40px; text-align: justify;\"><strong>R.<\/strong> La Fiscal\u00eda General de Cuentas tiene un t\u00e9rmino de cuatro (4) meses, contado a partir de la fecha del inicio de la investigaci\u00f3n, o de seis (6) meses si hay varios involucrados.<\/p>\n<ol start=\"9\">\n<li><strong>\u00bfA qui\u00e9n compete otorgar un t\u00e9rmino adicional (pr\u00f3rroga) para continuar la investigaci\u00f3n patrimonial, y cu\u00e1nto tiempo se concede?<\/strong><\/li>\n<\/ol>\n<p style=\"padding-left: 40px; text-align: justify;\"><strong>R.<\/strong> Compete al Tribunal de Cuentas decidir sobre la necesidad de autorizar un t\u00e9rmino adicional, no mayor de dos (2) meses, para que sea culminada la investigaci\u00f3n.<\/p>\n<ol start=\"10\">\n<li><strong>\u00bfHasta qu\u00e9 momento procesal puede interponerse la excepci\u00f3n de prescripci\u00f3n de la acci\u00f3n de cuentas y ante qui\u00e9n debe presentarse?<\/strong><\/li>\n<\/ol>\n<p style=\"padding-left: 40px; text-align: justify;\"><strong>R.<\/strong> La prescripci\u00f3n de la acci\u00f3n de cuentas puede promoverse como excepci\u00f3n ante el Tribunal de Cuentas en cualquier momento. Es de previo y especial pronunciamiento.<\/p>\n<ol start=\"11\">\n<li><strong>\u00bfLa Fiscal\u00eda General de Cuentas puede solicitar informaci\u00f3n bancaria a entidades p\u00fablicas y privadas incluyendo informaci\u00f3n sobre cuentas cifradas?<\/strong><\/li>\n<\/ol>\n<p style=\"padding-left: 40px; text-align: justify;\"><strong>R.<\/strong> S\u00ed. La Fiscal\u00eda General de Cuentas est\u00e1 facultada por el art\u00edculo 43 de la Ley 67 de 2008 para solicitar informaci\u00f3n a las entidades bancarias p\u00fablicas y privadas incluyendo cuentas cifradas<\/p>\n<ol start=\"12\">\n<li><strong>\u00bfPuede la Fiscal\u00eda General de Cuentas adoptar medidas para evitar la desaparici\u00f3n o destrucci\u00f3n de evidencias y otros elementos materiales relacionados a la investigaci\u00f3n de afectaci\u00f3n patrimonial?<\/strong><\/li>\n<\/ol>\n<p style=\"padding-left: 40px; text-align: justify;\"><strong>R.<\/strong> La Fiscal\u00eda General de Cuentas a fin de evitar la p\u00e9rdida, destrucci\u00f3n de elementos materiales o evidencias puede adoptar medidas razonables para proteger y aislar el lugar donde se investiga la posible lesi\u00f3n patrimonial.<\/p>\n<ol start=\"13\">\n<li><strong>\u00bfEst\u00e1 facultada la Fiscal\u00eda General de Cuentas para celebrar acuerdos con la persona investigada?<\/strong><\/li>\n<\/ol>\n<p style=\"padding-left: 40px; text-align: justify;\"><strong>R.<\/strong> La Fiscal\u00eda si est\u00e1 facultada por el art\u00edculo 49 de la Ley 67 de 2008 para llegar a un acuerdo con la persona investigada siempre y cuando esta restituya el monto de la lesi\u00f3n patrimonial.\u00a0 El acuerdo deber\u00e1 ser aprobado por el Tribunal de Cuentas, con lo cual quedar\u00e1 cerrado el proceso.<\/p>\n<ol start=\"14\">\n<li><strong>\u00bfEn qu\u00e9 etapa procesal pueden las personas investigadas advertir fallos o vicios de la investigaci\u00f3n patrimonial u oponerse y objetar la Vista Fiscal?<\/strong><\/li>\n<\/ol>\n<p style=\"padding-left: 40px; text-align: justify;\"><strong>R. <\/strong>Las personas investigadas pueden presentar memorial, por medio de abogado, advirtiendo las fallas o los vicios de la investigaci\u00f3n, oponi\u00e9ndose a los fundamentos f\u00e1cticos o jur\u00eddicos u objetando las conclusiones de dicha Vista Fiscal, en la fase intermedia cuando la Fiscal\u00eda de Cuentas remite el expediente y la Vista Fiscal al Tribunal de Cuentas.<\/p>\n<ol start=\"15\">\n<li><strong>\u00bfCu\u00e1les son los tipos de responsabilidad?<\/strong><\/li>\n<\/ol>\n<p style=\"padding-left: 40px; text-align: justify;\"><strong>R.<\/strong> Se establecen los siguientes tipos de responsabilidad patrimonial:<\/p>\n<ol>\n<li style=\"list-style-type: none;\">\n<ol>\n<li style=\"list-style-type: none;\">\n<ol>\n<li style=\"text-align: justify;\"><strong><em>Responsabilidad directa:<\/em> <\/strong>Es la que recae sobre la persona que reciba, recaude, maneje, administre, cuide, custodie, controle, distribuya, invierta, apruebe, autorice, pague o fiscalice fondos o bienes p\u00fablicos por raz\u00f3n de sus acciones u omisiones.<\/li>\n<\/ol>\n<\/li>\n<\/ol>\n<\/li>\n<\/ol>\n<ol>\n<li style=\"list-style-type: none;\">\n<ol>\n<li style=\"list-style-type: none;\">\n<ol start=\"2\">\n<li style=\"text-align: justify;\"><strong><em>Responsabilidad principal:<\/em> <\/strong>Es la que obliga, en primer lugar, a la persona que reciba, recaude, maneje, administre, cuide, custodie, controle, distribuya, invierta, apruebe, autorice, pague o fiscalice fondos o bienes p\u00fablicos a resarcir la lesi\u00f3n patrimonial causada al Estado.<\/li>\n<\/ol>\n<\/li>\n<\/ol>\n<\/li>\n<\/ol>\n<ol>\n<li style=\"list-style-type: none;\">\n<ol>\n<li style=\"list-style-type: none;\">\n<ol start=\"3\">\n<li style=\"text-align: justify;\"><strong><em>Responsabilidad solidaria:<\/em><\/strong> Es aquella en virtud de la cual dos o m\u00e1s personas que reciban, recauden, manejen, administren, cuiden, custodien, controlen, distribuyan, inviertan, aprueben, autoricen, paguen o fiscalicen fondos o bienes p\u00fablicos est\u00e1n obligadas solidariamente a resarcir la lesi\u00f3n patrimonial causada al estado.<\/li>\n<li style=\"text-align: justify;\"><strong><em>Responsabilidad subsidiaria:<\/em><\/strong> Es aquella en virtud de la cual la persona que recibe, recaude, maneje, administre, cuide, custodie, controle, distribuya, invierta, autorice, apruebe, pague o fiscalice fondos o bienes p\u00fablicos queda obligada a resarcir la lesi\u00f3n patrimonial causada al Estado por raz\u00f3n de que haya actuado con negligencia grave o haya permitido la lesi\u00f3n.<\/li>\n<\/ol>\n<\/li>\n<\/ol>\n<\/li>\n<\/ol>\n<\/div><\/section><\/p>\n\n<style type=\"text\/css\" data-created_by=\"avia_inline_auto\" id=\"style-css-av-av_one_half-53b0b300fb3685750664fb085c5ad19d\">\n.flex_column.av-av_one_half-53b0b300fb3685750664fb085c5ad19d{\nborder-radius:0px 0px 0px 0px;\npadding:0px 0px 0px 0px;\n}\n<\/style>\n<div  class='flex_column av-av_one_half-53b0b300fb3685750664fb085c5ad19d av_one_half  avia-builder-el-3  el_after_av_textblock  avia-builder-el-last  first flex_column_div av-zero-column-padding  column-top-margin'     ><\/div>\n","protected":false},"excerpt":{"rendered":"","protected":false},"author":1,"featured_media":0,"parent":0,"menu_order":0,"comment_status":"closed","ping_status":"closed","template":"","meta":{"_EventAllDay":false,"_EventTimezone":"","_EventStartDate":"","_EventEndDate":"","_EventStartDateUTC":"","_EventEndDateUTC":"","_EventShowMap":false,"_EventShowMapLink":false,"_EventURL":"","_EventCost":"","_EventCostDescription":"","_EventCurrencySymbol":"","_EventCurrencyCode":"","_EventCurrencyPosition":"","_EventDateTimeSeparator":"","_EventTimeRangeSeparator":"","_EventOrganizerID":[],"_EventVenueID":[],"_OrganizerEmail":"","_OrganizerPhone":"","_OrganizerWebsite":"","_VenueAddress":"","_VenueCity":"","_VenueCountry":"","_VenueProvince":"","_VenueState":"","_VenueZip":"","_VenuePhone":"","_VenueURL":"","_VenueStateProvince":"","_VenueLat":"","_VenueLng":"","_VenueShowMap":false,"_VenueShowMapLink":false,"footnotes":""},"class_list":["post-317","page","type-page","status-publish","hentry"],"_links":{"self":[{"href":"https:\/\/www.fiscaliadecuentas.gob.pa\/index.php?rest_route=\/wp\/v2\/pages\/317","targetHints":{"allow":["GET"]}}],"collection":[{"href":"https:\/\/www.fiscaliadecuentas.gob.pa\/index.php?rest_route=\/wp\/v2\/pages"}],"about":[{"href":"https:\/\/www.fiscaliadecuentas.gob.pa\/index.php?rest_route=\/wp\/v2\/types\/page"}],"author":[{"embeddable":true,"href":"https:\/\/www.fiscaliadecuentas.gob.pa\/index.php?rest_route=\/wp\/v2\/users\/1"}],"replies":[{"embeddable":true,"href":"https:\/\/www.fiscaliadecuentas.gob.pa\/index.php?rest_route=%2Fwp%2Fv2%2Fcomments&post=317"}],"version-history":[{"count":18,"href":"https:\/\/www.fiscaliadecuentas.gob.pa\/index.php?rest_route=\/wp\/v2\/pages\/317\/revisions"}],"predecessor-version":[{"id":16941,"href":"https:\/\/www.fiscaliadecuentas.gob.pa\/index.php?rest_route=\/wp\/v2\/pages\/317\/revisions\/16941"}],"wp:attachment":[{"href":"https:\/\/www.fiscaliadecuentas.gob.pa\/index.php?rest_route=%2Fwp%2Fv2%2Fmedia&parent=317"}],"curies":[{"name":"wp","href":"https:\/\/api.w.org\/{rel}","templated":true}]}}