{"id":32207,"date":"2023-07-04T08:56:57","date_gmt":"2023-07-04T13:56:57","guid":{"rendered":"https:\/\/www.fiscaliadecuentas.gob.pa\/?page_id=32207"},"modified":"2023-07-04T09:37:12","modified_gmt":"2023-07-04T14:37:12","slug":"ley-129-de-17-de-marzo-de-2020-2","status":"publish","type":"page","link":"https:\/\/www.fiscaliadecuentas.gob.pa\/?page_id=32207","title":{"rendered":"LEY 129 DE 17 DE MARZO DE 2020"},"content":{"rendered":"<div id='layer_slider_1'  class='avia-layerslider main_color avia-shadow  avia-builder-el-0  el_before_av_textblock  avia-builder-el-first  container_wrap sidebar_right'  style='height: 301px; max-width: 1310px; margin: 0 auto;'  ><\/div><div id='after_layer_slider_1'  class='main_color av_default_container_wrap container_wrap sidebar_right'  ><div class='container av-section-cont-open' ><div class='template-page content  av-content-small alpha units'><div class='post-entry post-entry-type-page post-entry-32207'><div class='entry-content-wrapper clearfix'>\n\n<style type=\"text\/css\" data-created_by=\"avia_inline_auto\" id=\"style-css-av-ljoczi89-b886f842d2ceefdfbba9aa0ccb762475\">\n#top .av_textblock_section.av-ljoczi89-b886f842d2ceefdfbba9aa0ccb762475 .avia_textblock{\ncolor:#7a7a7a;\n}\n<\/style>\n<section  class='av_textblock_section av-ljoczi89-b886f842d2ceefdfbba9aa0ccb762475 '   itemscope=\"itemscope\" itemtype=\"https:\/\/schema.org\/CreativeWork\" ><div class='avia_textblock av_inherit_color'  itemprop=\"text\" ><h1 style=\"color: #000000; font-size: 38px; text-shadow: rgba(0, 0, 0, 0.3) 0px 0px 10px; font-weight: bold; text-transform: none; padding: 0px; margin: 0px; line-height: 1; text-align: center;\">Ley 129 de 17 de marzo de 2020<\/h1>\n<\/div><\/section>\n\n<style type=\"text\/css\" data-created_by=\"avia_inline_auto\" id=\"style-css-av-av_hr-b31d4d992ae33e3db1b943c67e8f07cf\">\n#top .hr.hr-invisible.av-av_hr-b31d4d992ae33e3db1b943c67e8f07cf{\nheight:100px;\n}\n<\/style>\n<div  class='hr av-av_hr-b31d4d992ae33e3db1b943c67e8f07cf hr-invisible  avia-builder-el-2  el_after_av_textblock  el_before_av_one_full '><span class='hr-inner '><span class=\"hr-inner-style\"><\/span><\/span><\/div>\n<div  class='flex_column av-av_one_full-e35d4d7392d344ede5b92e9eb6686da9 av_one_full  avia-builder-el-3  el_after_av_hr  el_before_av_one_half  first flex_column_div  '     ><div  class='avia-icon-list-container av-ljoe50qu-47c9e5236f6e3893e9307020b73ec063  avia-builder-el-4  avia-builder-el-no-sibling '><ul class='avia-icon-list avia_animate_when_almost_visible avia-icon-list-left av-iconlist-big av-ljoe50qu-47c9e5236f6e3893e9307020b73ec063 avia-iconlist-animate'>\n<li><a href='https:\/\/www.fiscaliadecuentas.gob.pa\/wp-content\/uploads\/2023\/07\/LEY-129-DE-17-DE-MARZO-DE-2020.pdf' title='LEY 129 DE 17 DE MARZO DE 2020'  target=\"_blank\"  rel=\"noopener noreferrer\" class='iconlist_icon av-ljoe3tg2-bcb463a42d50663005d3c49e684f4bbf avia-font-fontawesome avia-iconfont avia-font-fontawesome'><span class='av-icon-char' data-av_icon='\uf1c1' data-av_iconfont='fontawesome' aria-hidden=\"true\"><\/span><\/a><article class=\"article-icon-entry \"  itemscope=\"itemscope\" itemtype=\"https:\/\/schema.org\/CreativeWork\" ><div class=\"iconlist_content_wrap\"><header class=\"entry-content-header\" aria-label=\"Icon: &lt;a href=&#039;https:\/\/www.fiscaliadecuentas.gob.pa\/wp-content\/uploads\/2023\/07\/LEY-129-DE-17-DE-MARZO-DE-2020.pdf&#039; title=&#039;LEY 129 DE 17 DE MARZO DE 2020&#039; target=&quot;_blank&quot;  rel=&quot;noopener noreferrer&quot;&gt;LEY 129 DE 17 DE MARZO DE 2020&lt;\/a&gt;\"><h4 class='av_iconlist_title iconlist_title  '  itemprop=\"headline\" ><a href='https:\/\/www.fiscaliadecuentas.gob.pa\/wp-content\/uploads\/2023\/07\/LEY-129-DE-17-DE-MARZO-DE-2020.pdf' title='LEY 129 DE 17 DE MARZO DE 2020' target=\"_blank\"  rel=\"noopener noreferrer\">LEY 129 DE 17 DE MARZO DE 2020<\/a><\/h4><\/header><div class='iconlist_content '  itemprop=\"text\" ><p><a href=\"https:\/\/www.fiscaliadecuentas.gob.pa\/wp-content\/uploads\/2023\/07\/LEY-129-DE-17-DE-MARZO-DE-2020.pdf\">Que crea el Sistema Privado y \u00danico de Registro de Beneficiarios Finales de Personas Jur\u00eddicas.<\/a><\/p>\n<\/div><\/div><footer class=\"entry-footer\"><\/footer><\/article><div class=\"iconlist-timeline\"><\/div><\/li>\n<\/ul><\/div><\/div><div  class='flex_column av-av_one_half-e35d4d7392d344ede5b92e9eb6686da9 av_one_half  avia-builder-el-5  el_after_av_one_full  el_before_av_one_half  first flex_column_div  column-top-margin'     ><div  class='avia-icon-list-container av-ljoe7d4j-3e755b66ec6f0a331ac0d52f84073fc0  avia-builder-el-6  avia-builder-el-no-sibling '><ul class='avia-icon-list avia_animate_when_almost_visible avia-icon-list-left av-iconlist-big av-ljoe7d4j-3e755b66ec6f0a331ac0d52f84073fc0 avia-iconlist-animate'>\n<li><a href='https:\/\/www.fiscaliadecuentas.gob.pa\/wp-content\/uploads\/2023\/07\/LEY-254-DE-11-DE-NOVIEMBRE-DE-2021.pdf' title='LEY 254 DE 11 DE NOVIEMBRE DE 2021'  target=\"_blank\"  rel=\"noopener noreferrer\" class='iconlist_icon av-ljoe79fq-322837a5a11f61f8a47d130fab94b01c avia-font-fontawesome avia-iconfont avia-font-fontawesome'><span class='av-icon-char' data-av_icon='\uf1c1' data-av_iconfont='fontawesome' aria-hidden=\"true\"><\/span><\/a><article class=\"article-icon-entry \"  itemscope=\"itemscope\" itemtype=\"https:\/\/schema.org\/CreativeWork\" ><div class=\"iconlist_content_wrap\"><header class=\"entry-content-header\" aria-label=\"Icon: &lt;a href=&#039;https:\/\/www.fiscaliadecuentas.gob.pa\/wp-content\/uploads\/2023\/07\/LEY-254-DE-11-DE-NOVIEMBRE-DE-2021.pdf&#039; title=&#039;LEY 254 DE 11 DE NOVIEMBRE DE 2021&#039; target=&quot;_blank&quot;  rel=&quot;noopener noreferrer&quot;&gt;LEY 254 DE 11 DE NOVIEMBRE DE 2021&lt;\/a&gt;\"><h4 class='av_iconlist_title iconlist_title  '  itemprop=\"headline\" ><a href='https:\/\/www.fiscaliadecuentas.gob.pa\/wp-content\/uploads\/2023\/07\/LEY-254-DE-11-DE-NOVIEMBRE-DE-2021.pdf' title='LEY 254 DE 11 DE NOVIEMBRE DE 2021' target=\"_blank\"  rel=\"noopener noreferrer\">LEY 254 DE 11 DE NOVIEMBRE DE 2021<\/a><\/h4><\/header><div class='iconlist_content '  itemprop=\"text\" ><p><a href=\"https:\/\/www.fiscaliadecuentas.gob.pa\/wp-content\/uploads\/2023\/07\/LEY-254-DE-11-DE-NOVIEMBRE-DE-2021.pdf\">Que introduce adecuaciones a la legislaci\u00f3n en materia de transparencia fiscal internacional y de prevenci\u00f3n de blanqueo de capitales, el financiamiento del terrorismo y el financiamiento de la proliferaci\u00f3n de armas de destrucci\u00f3n masiva.<\/a><\/p>\n<\/div><\/div><footer class=\"entry-footer\"><\/footer><\/article><div class=\"iconlist-timeline\"><\/div><\/li>\n<\/ul><\/div><\/div><div  class='flex_column av-av_one_half-42d37b427ea0fe62155da7ff29a9dab8 av_one_half  avia-builder-el-7  el_after_av_one_half  el_before_av_hr  flex_column_div  column-top-margin'     ><div  class='avia-icon-list-container av-ljoe8syq-a7ddeb419eae27f1de885af0cee51a0e  avia-builder-el-8  avia-builder-el-no-sibling '><ul class='avia-icon-list avia_animate_when_almost_visible avia-icon-list-left av-iconlist-big av-ljoe8syq-a7ddeb419eae27f1de885af0cee51a0e avia-iconlist-animate'>\n<li><a href='https:\/\/www.fiscaliadecuentas.gob.pa\/wp-content\/uploads\/2023\/07\/DECRETO-EJECUTIVO-NO.13-DE-25-DE-MARZO-DE-2022.pdf' title='DECRETO EJECUTIVO NO. 13 DE 25 DE MARZO DE 2022'  target=\"_blank\"  rel=\"noopener noreferrer\" class='iconlist_icon av-ljoe8qla-8ba8f71673d30c357fdb095e8e4aad8f avia-font-fontawesome avia-iconfont avia-font-fontawesome'><span class='av-icon-char' data-av_icon='\uf1c1' data-av_iconfont='fontawesome' aria-hidden=\"true\"><\/span><\/a><article class=\"article-icon-entry \"  itemscope=\"itemscope\" itemtype=\"https:\/\/schema.org\/CreativeWork\" ><div class=\"iconlist_content_wrap\"><header class=\"entry-content-header\" aria-label=\"Icon: &lt;a href=&#039;https:\/\/www.fiscaliadecuentas.gob.pa\/wp-content\/uploads\/2023\/07\/DECRETO-EJECUTIVO-NO.13-DE-25-DE-MARZO-DE-2022.pdf&#039; title=&#039;DECRETO EJECUTIVO NO. 13 DE 25 DE MARZO DE 2022&#039; target=&quot;_blank&quot;  rel=&quot;noopener noreferrer&quot;&gt;DECRETO EJECUTIVO NO. 13 DE 25 DE MARZO DE 2022&lt;\/a&gt;\"><h4 class='av_iconlist_title iconlist_title  '  itemprop=\"headline\" ><a href='https:\/\/www.fiscaliadecuentas.gob.pa\/wp-content\/uploads\/2023\/07\/DECRETO-EJECUTIVO-NO.13-DE-25-DE-MARZO-DE-2022.pdf' title='DECRETO EJECUTIVO NO. 13 DE 25 DE MARZO DE 2022' target=\"_blank\"  rel=\"noopener noreferrer\">DECRETO EJECUTIVO NO. 13 DE 25 DE MARZO DE 2022<\/a><\/h4><\/header><div class='iconlist_content '  itemprop=\"text\" ><p><a href=\"https:\/\/www.fiscaliadecuentas.gob.pa\/wp-content\/uploads\/2023\/07\/DECRETO-EJECUTIVO-NO.13-DE-25-DE-MARZO-DE-2022.pdf\">Que reglamenta la Ley 129 de 17 de marzo de 2020, por la cual se crea el Sistema Privado y \u00danico de Registro de Beneficiarios Finales de Personas Jur\u00eddicas.<\/a><\/p>\n<\/div><\/div><footer class=\"entry-footer\"><\/footer><\/article><div class=\"iconlist-timeline\"><\/div><\/li>\n<\/ul><\/div><\/div>\n<style type=\"text\/css\" data-created_by=\"avia_inline_auto\" id=\"style-css-av-av_hr-b31d4d992ae33e3db1b943c67e8f07cf\">\n#top .hr.hr-invisible.av-av_hr-b31d4d992ae33e3db1b943c67e8f07cf{\nheight:100px;\n}\n<\/style>\n<div  class='hr av-av_hr-b31d4d992ae33e3db1b943c67e8f07cf hr-invisible  avia-builder-el-9  el_after_av_one_half  el_before_av_one_half '><span class='hr-inner '><span class=\"hr-inner-style\"><\/span><\/span><\/div><\/p>\n\n<style type=\"text\/css\" data-created_by=\"avia_inline_auto\" id=\"style-css-av-av_one_half-53b0b300fb3685750664fb085c5ad19d\">\n.flex_column.av-av_one_half-53b0b300fb3685750664fb085c5ad19d{\nborder-radius:0px 0px 0px 0px;\npadding:0px 0px 0px 0px;\n}\n<\/style>\n<div  class='flex_column av-av_one_half-53b0b300fb3685750664fb085c5ad19d av_one_half  avia-builder-el-10  el_after_av_hr  avia-builder-el-last  first flex_column_div av-zero-column-padding  '     ><\/div>\n","protected":false},"excerpt":{"rendered":"","protected":false},"author":18,"featured_media":0,"parent":0,"menu_order":0,"comment_status":"closed","ping_status":"closed","template":"","meta":{"_EventAllDay":false,"_EventTimezone":"","_EventStartDate":"","_EventEndDate":"","_EventStartDateUTC":"","_EventEndDateUTC":"","_EventShowMap":false,"_EventShowMapLink":false,"_EventURL":"","_EventCost":"","_EventCostDescription":"","_EventCurrencySymbol":"","_EventCurrencyCode":"","_EventCurrencyPosition":"","_EventDateTimeSeparator":"","_EventTimeRangeSeparator":"","_EventOrganizerID":[],"_EventVenueID":[],"_OrganizerEmail":"","_OrganizerPhone":"","_OrganizerWebsite":"","_VenueAddress":"","_VenueCity":"","_VenueCountry":"","_VenueProvince":"","_VenueState":"","_VenueZip":"","_VenuePhone":"","_VenueURL":"","_VenueStateProvince":"","_VenueLat":"","_VenueLng":"","_VenueShowMap":false,"_VenueShowMapLink":false,"footnotes":""},"class_list":["post-32207","page","type-page","status-publish","hentry"],"_links":{"self":[{"href":"https:\/\/www.fiscaliadecuentas.gob.pa\/index.php?rest_route=\/wp\/v2\/pages\/32207","targetHints":{"allow":["GET"]}}],"collection":[{"href":"https:\/\/www.fiscaliadecuentas.gob.pa\/index.php?rest_route=\/wp\/v2\/pages"}],"about":[{"href":"https:\/\/www.fiscaliadecuentas.gob.pa\/index.php?rest_route=\/wp\/v2\/types\/page"}],"author":[{"embeddable":true,"href":"https:\/\/www.fiscaliadecuentas.gob.pa\/index.php?rest_route=\/wp\/v2\/users\/18"}],"replies":[{"embeddable":true,"href":"https:\/\/www.fiscaliadecuentas.gob.pa\/index.php?rest_route=%2Fwp%2Fv2%2Fcomments&post=32207"}],"version-history":[{"count":4,"href":"https:\/\/www.fiscaliadecuentas.gob.pa\/index.php?rest_route=\/wp\/v2\/pages\/32207\/revisions"}],"predecessor-version":[{"id":32222,"href":"https:\/\/www.fiscaliadecuentas.gob.pa\/index.php?rest_route=\/wp\/v2\/pages\/32207\/revisions\/32222"}],"wp:attachment":[{"href":"https:\/\/www.fiscaliadecuentas.gob.pa\/index.php?rest_route=%2Fwp%2Fv2%2Fmedia&parent=32207"}],"curies":[{"name":"wp","href":"https:\/\/api.w.org\/{rel}","templated":true}]}}