{"id":34866,"date":"2021-02-04T08:05:58","date_gmt":"2021-02-04T13:05:58","guid":{"rendered":"https:\/\/www.fiscaliadecuentas.gob.pa\/?page_id=34866"},"modified":"2024-06-15T13:37:43","modified_gmt":"2024-06-15T18:37:43","slug":"resoluciones-de-la-fgc-2020-2-2-3-2","status":"publish","type":"page","link":"https:\/\/www.fiscaliadecuentas.gob.pa\/?page_id=34866","title":{"rendered":"Resoluciones de la FGC &#8211; 2024"},"content":{"rendered":"<div id='layer_slider_1'  class='avia-layerslider main_color avia-shadow  avia-builder-el-0  el_before_av_textblock  avia-builder-el-first  container_wrap sidebar_right'  style='height: 301px; max-width: 1310px; margin: 0 auto;'  ><\/div><div id='after_layer_slider_1'  class='main_color av_default_container_wrap container_wrap sidebar_right'  ><div class='container av-section-cont-open' ><div class='template-page content  av-content-small alpha units'><div class='post-entry post-entry-type-page post-entry-34866'><div class='entry-content-wrapper clearfix'>\n<section  class='av_textblock_section av-l7ruzviv-f97ee6f19f9e6876d62a0d125e393049 '   itemscope=\"itemscope\" itemtype=\"https:\/\/schema.org\/CreativeWork\" ><div class='avia_textblock'  itemprop=\"text\" ><h2 style=\"color: #7a7a7a; font-size: 38px; text-align: center; font-style: Sans-serif; text-shadow: 0px 0px 10px rgba(0, 0, 0, 0.3);\"><strong>Resoluciones de la FGC &#8211; 2024<\/strong><\/h2>\n<\/div><\/section>\n\n<style type=\"text\/css\" data-created_by=\"avia_inline_auto\" id=\"style-css-av-32oqfl0-af5b8aee02d1dd677661e206923ebf00\">\n#top .hr.hr-invisible.av-32oqfl0-af5b8aee02d1dd677661e206923ebf00{\nheight:50px;\n}\n<\/style>\n<div  class='hr av-32oqfl0-af5b8aee02d1dd677661e206923ebf00 hr-invisible  avia-builder-el-2  el_after_av_textblock  el_before_av_one_half '><span class='hr-inner '><span class=\"hr-inner-style\"><\/span><\/span><\/div>\n<div  class='flex_column av-9vr004-732744b1f7832252c7412bd71edce401 av_one_half  avia-builder-el-3  el_after_av_hr  el_before_av_one_half  first flex_column_div  '     ><div  class='avia-icon-list-container av-lxggmtgj-cfd58d1cd0817717582126287066aec6  avia-builder-el-4  avia-builder-el-no-sibling '><ul class='avia-icon-list avia_animate_when_almost_visible avia-icon-list-left av-iconlist-big av-lxggmtgj-cfd58d1cd0817717582126287066aec6 avia-iconlist-animate'>\n<li><a href='https:\/\/www.fiscaliadecuentas.gob.pa\/wp-content\/uploads\/2024\/01\/Res-8_2024_Mision-FGC.pdf' title='RESOLUCI\u00d3N N.\u00ba FGC 008-24 DE 17 DE ENERO DE 2024'  target=\"_blank\"  rel=\"noopener noreferrer\" class='iconlist_icon av-av_iconlist_item-8622ea0ac21f1b6afe7d64496333dbd7 avia-font-fontawesome avia-iconfont avia-font-fontawesome'><span class='av-icon-char' data-av_icon='\uf1c1' data-av_iconfont='fontawesome' aria-hidden=\"true\"><\/span><\/a><article class=\"article-icon-entry \"  itemscope=\"itemscope\" itemtype=\"https:\/\/schema.org\/CreativeWork\" ><div class=\"iconlist_content_wrap\"><header class=\"entry-content-header\" aria-label=\"Icon: &lt;a href=&#039;https:\/\/www.fiscaliadecuentas.gob.pa\/wp-content\/uploads\/2024\/01\/Res-8_2024_Mision-FGC.pdf&#039; title=&#039;RESOLUCI\u00d3N N.\u00ba FGC 008-24 DE 17 DE ENERO DE 2024&#039; target=&quot;_blank&quot;  rel=&quot;noopener noreferrer&quot;&gt;RESOLUCI\u00d3N N.\u00ba FGC 008-24 DE 17 DE ENERO DE 2024&lt;\/a&gt;\"><h4 class='av_iconlist_title iconlist_title  '  itemprop=\"headline\" ><a href='https:\/\/www.fiscaliadecuentas.gob.pa\/wp-content\/uploads\/2024\/01\/Res-8_2024_Mision-FGC.pdf' title='RESOLUCI\u00d3N N.\u00ba FGC 008-24 DE 17 DE ENERO DE 2024' target=\"_blank\"  rel=\"noopener noreferrer\">RESOLUCI\u00d3N N.\u00ba FGC 008-24 DE 17 DE ENERO DE 2024<\/a><\/h4><\/header><div class='iconlist_content '  itemprop=\"text\" ><p style=\"text-align: justify;\">Por la cual se aprueba la nueva misi\u00f3n de la Fiscal\u00eda General de Cuentas.<\/p>\n<\/div><\/div><footer class=\"entry-footer\"><\/footer><\/article><div class=\"iconlist-timeline\"><\/div><\/li>\n<li><a href='https:\/\/www.fiscaliadecuentas.gob.pa\/wp-content\/uploads\/2024\/04\/RESOLUCION-N.%C2%B0-FGC-28-2024-Modifica-el-Reglamento-Interno.pdf' title='RESOLUCI\u00d3N N.\u00b0 FGC-28-2024 DE 11 DE ABRIL DE 2024'  target=\"_blank\"  rel=\"noopener noreferrer\" class='iconlist_icon av-av_iconlist_item-b91899352fb5b043b438a91cb54759ee avia-font-fontawesome avia-iconfont avia-font-fontawesome'><span class='av-icon-char' data-av_icon='\uf1c1' data-av_iconfont='fontawesome' aria-hidden=\"true\"><\/span><\/a><article class=\"article-icon-entry \"  itemscope=\"itemscope\" itemtype=\"https:\/\/schema.org\/CreativeWork\" ><div class=\"iconlist_content_wrap\"><header class=\"entry-content-header\" aria-label=\"Icon: &lt;a href=&#039;https:\/\/www.fiscaliadecuentas.gob.pa\/wp-content\/uploads\/2024\/04\/RESOLUCION-N.%C2%B0-FGC-28-2024-Modifica-el-Reglamento-Interno.pdf&#039; title=&#039;RESOLUCI\u00d3N N.\u00b0 FGC-28-2024 DE 11 DE ABRIL DE 2024&#039; target=&quot;_blank&quot;  rel=&quot;noopener noreferrer&quot;&gt;RESOLUCI\u00d3N N.\u00b0 FGC-28-2024 DE 11 DE ABRIL DE 2024&lt;\/a&gt;\"><h4 class='av_iconlist_title iconlist_title  '  itemprop=\"headline\" ><a href='https:\/\/www.fiscaliadecuentas.gob.pa\/wp-content\/uploads\/2024\/04\/RESOLUCION-N.%C2%B0-FGC-28-2024-Modifica-el-Reglamento-Interno.pdf' title='RESOLUCI\u00d3N N.\u00b0 FGC-28-2024 DE 11 DE ABRIL DE 2024' target=\"_blank\"  rel=\"noopener noreferrer\">RESOLUCI\u00d3N N.\u00b0 FGC-28-2024 DE 11 DE ABRIL DE 2024<\/a><\/h4><\/header><div class='iconlist_content '  itemprop=\"text\" ><p style=\"text-align: justify;\">Que, a trav\u00e9s de la Resoluci\u00f3n N.\u00b0 FGC-068-2023 de 27 de noviembre de 2023, se subroga el Texto \u00danico del Reglamento Interno de la Fiscal\u00eda General de Cuentas, mismo que entr\u00f3 a regir a partir de su publicaci\u00f3n en la Gaceta Oficial Digital N.\u00b0 29924-A de martes 5 de diciembre de 2023.<\/p>\n<\/div><\/div><footer class=\"entry-footer\"><\/footer><\/article><div class=\"iconlist-timeline\"><\/div><\/li>\n<li><a href='https:\/\/www.fiscaliadecuentas.gob.pa\/wp-content\/uploads\/2024\/05\/Resolucion-32-de-2024-pago-de-la-prima-de-antiguedad.pdf' title='RESOLUCI\u00d3N FGC-32-2024 DE 24 DE ABRIL DE 2024'  target=\"_blank\"  rel=\"noopener noreferrer\" class='iconlist_icon av-av_iconlist_item-3820796ece180e2484a4a703752379aa avia-font-fontawesome avia-iconfont avia-font-fontawesome'><span class='av-icon-char' data-av_icon='\uf1c1' data-av_iconfont='fontawesome' aria-hidden=\"true\"><\/span><\/a><article class=\"article-icon-entry \"  itemscope=\"itemscope\" itemtype=\"https:\/\/schema.org\/CreativeWork\" ><div class=\"iconlist_content_wrap\"><header class=\"entry-content-header\" aria-label=\"Icon: &lt;a href=&#039;https:\/\/www.fiscaliadecuentas.gob.pa\/wp-content\/uploads\/2024\/05\/Resolucion-32-de-2024-pago-de-la-prima-de-antiguedad.pdf&#039; title=&#039;RESOLUCI\u00d3N FGC-32-2024 DE 24 DE ABRIL DE 2024&#039; target=&quot;_blank&quot;  rel=&quot;noopener noreferrer&quot;&gt;RESOLUCI\u00d3N FGC-32-2024 DE 24 DE ABRIL DE 2024&lt;\/a&gt;\"><h4 class='av_iconlist_title iconlist_title  '  itemprop=\"headline\" ><a href='https:\/\/www.fiscaliadecuentas.gob.pa\/wp-content\/uploads\/2024\/05\/Resolucion-32-de-2024-pago-de-la-prima-de-antiguedad.pdf' title='RESOLUCI\u00d3N FGC-32-2024 DE 24 DE ABRIL DE 2024' target=\"_blank\"  rel=\"noopener noreferrer\">RESOLUCI\u00d3N FGC-32-2024 DE 24 DE ABRIL DE 2024<\/a><\/h4><\/header><div class='iconlist_content '  itemprop=\"text\" ><p style=\"text-align: justify;\">Que autoriza dar inicio al tr\u00e1mite para el pago de la prima de antig\u00fcedad a los exservidores p\u00fablicos de la Fiscal\u00eda General de Cuentas que les corresponda el derecho. Gaceta Oficial Digital N.\u00b0 30025 de martes 7 de mayo de 2024.<\/p>\n<\/div><\/div><footer class=\"entry-footer\"><\/footer><\/article><div class=\"iconlist-timeline\"><\/div><\/li>\n<li><a href='https:\/\/www.fiscaliadecuentas.gob.pa\/wp-content\/uploads\/2024\/06\/RESOLUCION-FGC-45-2024.pdf' title='RESOLUCI\u00d3N FGC-45-2024 DE 16 DE MAYO DE 2024'  target=\"_blank\"  rel=\"noopener noreferrer\" class='iconlist_icon av-av_iconlist_item-ea062b7b3e9a4664e78091e2bbc1a92f avia-font-fontawesome avia-iconfont avia-font-fontawesome'><span class='av-icon-char' data-av_icon='\uf1c1' data-av_iconfont='fontawesome' aria-hidden=\"true\"><\/span><\/a><article class=\"article-icon-entry \"  itemscope=\"itemscope\" itemtype=\"https:\/\/schema.org\/CreativeWork\" ><div class=\"iconlist_content_wrap\"><header class=\"entry-content-header\" aria-label=\"Icon: &lt;a href=&#039;https:\/\/www.fiscaliadecuentas.gob.pa\/wp-content\/uploads\/2024\/06\/RESOLUCION-FGC-45-2024.pdf&#039; title=&#039;RESOLUCI\u00d3N FGC-45-2024 DE 16 DE MAYO DE 2024&#039; target=&quot;_blank&quot;  rel=&quot;noopener noreferrer&quot;&gt;RESOLUCI\u00d3N FGC-45-2024 DE 16 DE MAYO DE 2024&lt;\/a&gt;\"><h4 class='av_iconlist_title iconlist_title  '  itemprop=\"headline\" ><a href='https:\/\/www.fiscaliadecuentas.gob.pa\/wp-content\/uploads\/2024\/06\/RESOLUCION-FGC-45-2024.pdf' title='RESOLUCI\u00d3N FGC-45-2024 DE 16 DE MAYO DE 2024' target=\"_blank\"  rel=\"noopener noreferrer\">RESOLUCI\u00d3N FGC-45-2024 DE 16 DE MAYO DE 2024<\/a><\/h4><\/header><div class='iconlist_content '  itemprop=\"text\" ><p style=\"text-align: justify;\">Por la cual se adoptan medidas para la gesti\u00f3n oportuna, efectiva, eficaz y transparente para la reposici\u00f3n de bienes y reintegro de montos al Tesoro Nacional\u2026<\/p>\n<\/div><\/div><footer class=\"entry-footer\"><\/footer><\/article><div class=\"iconlist-timeline\"><\/div><\/li>\n<li><a href='https:\/\/www.fiscaliadecuentas.gob.pa\/wp-content\/uploads\/2024\/06\/RESOLUCION-FGC-47-2024.pdf' title='RESOLUCI\u00d3N FGC-47-2024 DE 17 DE MAYO DE 2024'  target=\"_blank\"  rel=\"noopener noreferrer\" class='iconlist_icon av-lxggmr0a-61922148b4df37f8a5ead9e4cf5e984a avia-font-fontawesome avia-iconfont avia-font-fontawesome'><span class='av-icon-char' data-av_icon='\uf1c1' data-av_iconfont='fontawesome' aria-hidden=\"true\"><\/span><\/a><article class=\"article-icon-entry \"  itemscope=\"itemscope\" itemtype=\"https:\/\/schema.org\/CreativeWork\" ><div class=\"iconlist_content_wrap\"><header class=\"entry-content-header\" aria-label=\"Icon: &lt;a href=&#039;https:\/\/www.fiscaliadecuentas.gob.pa\/wp-content\/uploads\/2024\/06\/RESOLUCION-FGC-47-2024.pdf&#039; title=&#039;RESOLUCI\u00d3N FGC-47-2024 DE 17 DE MAYO DE 2024&#039; target=&quot;_blank&quot;  rel=&quot;noopener noreferrer&quot;&gt;RESOLUCI\u00d3N FGC-47-2024 DE 17 DE MAYO DE 2024&lt;\/a&gt;\"><h4 class='av_iconlist_title iconlist_title  '  itemprop=\"headline\" ><a href='https:\/\/www.fiscaliadecuentas.gob.pa\/wp-content\/uploads\/2024\/06\/RESOLUCION-FGC-47-2024.pdf' title='RESOLUCI\u00d3N FGC-47-2024 DE 17 DE MAYO DE 2024' target=\"_blank\"  rel=\"noopener noreferrer\">RESOLUCI\u00d3N FGC-47-2024 DE 17 DE MAYO DE 2024<\/a><\/h4><\/header><div class='iconlist_content '  itemprop=\"text\" ><p style=\"text-align: justify;\">Que ordena a la Secretar\u00eda de Administraci\u00f3n y Finanzas llevar a cabo por conducto del Departamento de Bienes Patrimoniales el control y registro de bienes no depreciables con un valor de veinticinco balboas (B\/.5.00) a cien balboas (B\/.100.00).<\/p>\n<\/div><\/div><footer class=\"entry-footer\"><\/footer><\/article><div class=\"iconlist-timeline\"><\/div><\/li>\n<\/ul><\/div><\/div><div  class='flex_column av-idf6tu-8e62050bfdd25f9a2f6eb6c6aef25b6a av_one_half  avia-builder-el-5  el_after_av_one_half  el_before_av_hr  flex_column_div  '     ><div  class='avia-icon-list-container av-lxgghd83-57b4a7391f861fd4816250ee85609c65  avia-builder-el-6  avia-builder-el-no-sibling '><ul class='avia-icon-list avia_animate_when_almost_visible avia-icon-list-left av-iconlist-big av-lxgghd83-57b4a7391f861fd4816250ee85609c65 avia-iconlist-animate'>\n<li><a href='https:\/\/www.fiscaliadecuentas.gob.pa\/wp-content\/uploads\/2024\/04\/RESOLUCION-FGC-19-2024-PAGO-DE-DIETA.pdf' title='RESOLUCI\u00d3N FGC-19-2024 de 18 de marzo de 2024'  target=\"_blank\"  rel=\"noopener noreferrer\" class='iconlist_icon av-1jnknua-ab2749df7297538d3d689b11c9c71e08 avia-font-fontawesome avia-iconfont avia-font-fontawesome'><span class='av-icon-char' data-av_icon='\uf1c1' data-av_iconfont='fontawesome' aria-hidden=\"true\"><\/span><\/a><article class=\"article-icon-entry \"  itemscope=\"itemscope\" itemtype=\"https:\/\/schema.org\/CreativeWork\" ><div class=\"iconlist_content_wrap\"><header class=\"entry-content-header\" aria-label=\"Icon: &lt;a href=&#039;https:\/\/www.fiscaliadecuentas.gob.pa\/wp-content\/uploads\/2024\/04\/RESOLUCION-FGC-19-2024-PAGO-DE-DIETA.pdf&#039; title=&#039;RESOLUCI\u00d3N FGC-19-2024 de 18 de marzo de 2024&#039; target=&quot;_blank&quot;  rel=&quot;noopener noreferrer&quot;&gt;RESOLUCI\u00d3N FGC-19-2024 de 18 de marzo de 2024&lt;\/a&gt;\"><h4 class='av_iconlist_title iconlist_title  '  itemprop=\"headline\" ><a href='https:\/\/www.fiscaliadecuentas.gob.pa\/wp-content\/uploads\/2024\/04\/RESOLUCION-FGC-19-2024-PAGO-DE-DIETA.pdf' title='RESOLUCI\u00d3N FGC-19-2024 de 18 de marzo de 2024' target=\"_blank\"  rel=\"noopener noreferrer\">RESOLUCI\u00d3N FGC-19-2024 de 18 de marzo de 2024<\/a><\/h4><\/header><div class='iconlist_content '  itemprop=\"text\" ><p style=\"text-align: justify;\">Que reconoce el pago de la dieta a los miembros del Comit\u00e9 de Selecci\u00f3n y Administraci\u00f3n de Recurso Humano del Sistema de Carrera por M\u00e9ritos de la Fiscal\u00eda General de Cuentas.<\/p>\n<\/div><\/div><footer class=\"entry-footer\"><\/footer><\/article><div class=\"iconlist-timeline\"><\/div><\/li>\n<li><a href='https:\/\/www.fiscaliadecuentas.gob.pa\/wp-content\/uploads\/2024\/04\/RESOLUCION-23-DE-2024-FIRMA-ELECTRONICA.pdf' title='RESOLUCI\u00d3N N.\u00ba FGC 023-24 DE 1 DE ABRIL DE 2024'  target=\"_blank\"  rel=\"noopener noreferrer\" class='iconlist_icon av-1dlufwy-911fac92d05daf9d30669a1c2a56eb80 avia-font-fontawesome avia-iconfont avia-font-fontawesome'><span class='av-icon-char' data-av_icon='\uf1c1' data-av_iconfont='fontawesome' aria-hidden=\"true\"><\/span><\/a><article class=\"article-icon-entry \"  itemscope=\"itemscope\" itemtype=\"https:\/\/schema.org\/CreativeWork\" ><div class=\"iconlist_content_wrap\"><header class=\"entry-content-header\" aria-label=\"Icon: &lt;a href=&#039;https:\/\/www.fiscaliadecuentas.gob.pa\/wp-content\/uploads\/2024\/04\/RESOLUCION-23-DE-2024-FIRMA-ELECTRONICA.pdf&#039; title=&#039;RESOLUCI\u00d3N N.\u00ba FGC 023-24 DE 1 DE ABRIL DE 2024&#039; target=&quot;_blank&quot;  rel=&quot;noopener noreferrer&quot;&gt;RESOLUCI\u00d3N N.\u00ba FGC 023-24 DE 1 DE ABRIL DE 2024&lt;\/a&gt;\"><h4 class='av_iconlist_title iconlist_title  '  itemprop=\"headline\" ><a href='https:\/\/www.fiscaliadecuentas.gob.pa\/wp-content\/uploads\/2024\/04\/RESOLUCION-23-DE-2024-FIRMA-ELECTRONICA.pdf' title='RESOLUCI\u00d3N N.\u00ba FGC 023-24 DE 1 DE ABRIL DE 2024' target=\"_blank\"  rel=\"noopener noreferrer\">RESOLUCI\u00d3N N.\u00ba FGC 023-24 DE 1 DE ABRIL DE 2024<\/a><\/h4><\/header><div class='iconlist_content '  itemprop=\"text\" ><p style=\"text-align: justify;\">Por la cual se adiciona la Resoluci\u00f3n N.\u00b0 FGC-042-2022 de 29 de agosto de 2022, que adopta el uso de la firma electr\u00f3nica calificada y aprueban las pol\u00edticas de control y responsabilidad de los firmantes.<\/p>\n<\/div><\/div><footer class=\"entry-footer\"><\/footer><\/article><div class=\"iconlist-timeline\"><\/div><\/li>\n<li><a href='https:\/\/www.fiscaliadecuentas.gob.pa\/wp-content\/uploads\/2024\/05\/Resolucion-35-de-2024-ajustes-al-modelo-de-gestion.pdf' title='RESOLUCI\u00d3N FGC-35-2024 de 29 de abril de 2024'  target=\"_blank\"  rel=\"noopener noreferrer\" class='iconlist_icon av-2mv3ki-124ced3405d5afe9624d9f62d91bf88b avia-font-fontawesome avia-iconfont avia-font-fontawesome'><span class='av-icon-char' data-av_icon='\uf1c1' data-av_iconfont='fontawesome' aria-hidden=\"true\"><\/span><\/a><article class=\"article-icon-entry \"  itemscope=\"itemscope\" itemtype=\"https:\/\/schema.org\/CreativeWork\" ><div class=\"iconlist_content_wrap\"><header class=\"entry-content-header\" aria-label=\"Icon: &lt;a href=&#039;https:\/\/www.fiscaliadecuentas.gob.pa\/wp-content\/uploads\/2024\/05\/Resolucion-35-de-2024-ajustes-al-modelo-de-gestion.pdf&#039; title=&#039;RESOLUCI\u00d3N FGC-35-2024 de 29 de abril de 2024&#039; target=&quot;_blank&quot;  rel=&quot;noopener noreferrer&quot;&gt;RESOLUCI\u00d3N FGC-35-2024 de 29 de abril de 2024&lt;\/a&gt;\"><h4 class='av_iconlist_title iconlist_title  '  itemprop=\"headline\" ><a href='https:\/\/www.fiscaliadecuentas.gob.pa\/wp-content\/uploads\/2024\/05\/Resolucion-35-de-2024-ajustes-al-modelo-de-gestion.pdf' title='RESOLUCI\u00d3N FGC-35-2024 de 29 de abril de 2024' target=\"_blank\"  rel=\"noopener noreferrer\">RESOLUCI\u00d3N FGC-35-2024 de 29 de abril de 2024<\/a><\/h4><\/header><div class='iconlist_content '  itemprop=\"text\" ><p style=\"text-align: justify;\">Que incorpora ajustes al modelo de Gesti\u00f3n y Actuaci\u00f3n para la Investigaci\u00f3n Patrimonial. Gaceta Oficial Digital N.\u00b0 30025 de martes 7 de mayo de 2024.<\/p>\n<\/div><\/div><footer class=\"entry-footer\"><\/footer><\/article><div class=\"iconlist-timeline\"><\/div><\/li>\n<li><a href='https:\/\/www.fiscaliadecuentas.gob.pa\/wp-content\/uploads\/2024\/06\/RESOLUCION-FGC-46-2024.pdf' title='RESOLUCI\u00d3N FGC-46-2024 DE 16 DE MAYO DE 2024'  target=\"_blank\"  rel=\"noopener noreferrer\" class='iconlist_icon av-lxgghb2b-4629d9df5f8e13f7cc7c947e00fdb417 avia-font-fontawesome avia-iconfont avia-font-fontawesome'><span class='av-icon-char' data-av_icon='\uf1c1' data-av_iconfont='fontawesome' aria-hidden=\"true\"><\/span><\/a><article class=\"article-icon-entry \"  itemscope=\"itemscope\" itemtype=\"https:\/\/schema.org\/CreativeWork\" ><div class=\"iconlist_content_wrap\"><header class=\"entry-content-header\" aria-label=\"Icon: &lt;a href=&#039;https:\/\/www.fiscaliadecuentas.gob.pa\/wp-content\/uploads\/2024\/06\/RESOLUCION-FGC-46-2024.pdf&#039; title=&#039;RESOLUCI\u00d3N FGC-46-2024 DE 16 DE MAYO DE 2024&#039; target=&quot;_blank&quot;  rel=&quot;noopener noreferrer&quot;&gt;RESOLUCI\u00d3N FGC-46-2024 DE 16 DE MAYO DE 2024&lt;\/a&gt;\"><h4 class='av_iconlist_title iconlist_title  '  itemprop=\"headline\" ><a href='https:\/\/www.fiscaliadecuentas.gob.pa\/wp-content\/uploads\/2024\/06\/RESOLUCION-FGC-46-2024.pdf' title='RESOLUCI\u00d3N FGC-46-2024 DE 16 DE MAYO DE 2024' target=\"_blank\"  rel=\"noopener noreferrer\">RESOLUCI\u00d3N FGC-46-2024 DE 16 DE MAYO DE 2024<\/a><\/h4><\/header><div class='iconlist_content '  itemprop=\"text\" ><p style=\"text-align: justify;\">Que conforma la Comisi\u00f3n Interinstitucional de Inventario en la Fiscal\u00eda General de Cuentas.<\/p>\n<\/div><\/div><footer class=\"entry-footer\"><\/footer><\/article><div class=\"iconlist-timeline\"><\/div><\/li>\n<\/ul><\/div><\/div><\/p>\n\n<style type=\"text\/css\" data-created_by=\"avia_inline_auto\" id=\"style-css-av-1twkvqc-6b03c9a415765b90257c2b3379c2cc2e\">\n#top .hr.hr-invisible.av-1twkvqc-6b03c9a415765b90257c2b3379c2cc2e{\nheight:50px;\n}\n<\/style>\n<div  class='hr av-1twkvqc-6b03c9a415765b90257c2b3379c2cc2e hr-invisible  avia-builder-el-7  el_after_av_one_half  el_before_av_hr '><span class='hr-inner '><span class=\"hr-inner-style\"><\/span><\/span><\/div>\n\n<style type=\"text\/css\" data-created_by=\"avia_inline_auto\" id=\"style-css-av-10e2pk4-2208e9f3289bb4fc7104552ee1ac4586\">\n#top .hr.hr-invisible.av-10e2pk4-2208e9f3289bb4fc7104552ee1ac4586{\nheight:50px;\n}\n<\/style>\n<div  class='hr av-10e2pk4-2208e9f3289bb4fc7104552ee1ac4586 hr-invisible  avia-builder-el-8  el_after_av_hr  el_before_av_one_half '><span class='hr-inner '><span class=\"hr-inner-style\"><\/span><\/span><\/div>\n<div  class='flex_column av-2c0ric-277466e66dd75175d14c7153d647c202 av_one_half  avia-builder-el-9  el_after_av_hr  avia-builder-el-last  first flex_column_div  '     ><\/div>\n","protected":false},"excerpt":{"rendered":"","protected":false},"author":5,"featured_media":0,"parent":0,"menu_order":0,"comment_status":"closed","ping_status":"closed","template":"","meta":{"_EventAllDay":false,"_EventTimezone":"","_EventStartDate":"","_EventEndDate":"","_EventStartDateUTC":"","_EventEndDateUTC":"","_EventShowMap":false,"_EventShowMapLink":false,"_EventURL":"","_EventCost":"","_EventCostDescription":"","_EventCurrencySymbol":"","_EventCurrencyCode":"","_EventCurrencyPosition":"","_EventDateTimeSeparator":"","_EventTimeRangeSeparator":"","_EventOrganizerID":[],"_EventVenueID":[],"_OrganizerEmail":"","_OrganizerPhone":"","_OrganizerWebsite":"","_VenueAddress":"","_VenueCity":"","_VenueCountry":"","_VenueProvince":"","_VenueState":"","_VenueZip":"","_VenuePhone":"","_VenueURL":"","_VenueStateProvince":"","_VenueLat":"","_VenueLng":"","_VenueShowMap":false,"_VenueShowMapLink":false,"footnotes":""},"class_list":["post-34866","page","type-page","status-publish","hentry"],"_links":{"self":[{"href":"https:\/\/www.fiscaliadecuentas.gob.pa\/index.php?rest_route=\/wp\/v2\/pages\/34866","targetHints":{"allow":["GET"]}}],"collection":[{"href":"https:\/\/www.fiscaliadecuentas.gob.pa\/index.php?rest_route=\/wp\/v2\/pages"}],"about":[{"href":"https:\/\/www.fiscaliadecuentas.gob.pa\/index.php?rest_route=\/wp\/v2\/types\/page"}],"author":[{"embeddable":true,"href":"https:\/\/www.fiscaliadecuentas.gob.pa\/index.php?rest_route=\/wp\/v2\/users\/5"}],"replies":[{"embeddable":true,"href":"https:\/\/www.fiscaliadecuentas.gob.pa\/index.php?rest_route=%2Fwp%2Fv2%2Fcomments&post=34866"}],"version-history":[{"count":13,"href":"https:\/\/www.fiscaliadecuentas.gob.pa\/index.php?rest_route=\/wp\/v2\/pages\/34866\/revisions"}],"predecessor-version":[{"id":36847,"href":"https:\/\/www.fiscaliadecuentas.gob.pa\/index.php?rest_route=\/wp\/v2\/pages\/34866\/revisions\/36847"}],"wp:attachment":[{"href":"https:\/\/www.fiscaliadecuentas.gob.pa\/index.php?rest_route=%2Fwp%2Fv2%2Fmedia&parent=34866"}],"curies":[{"name":"wp","href":"https:\/\/api.w.org\/{rel}","templated":true}]}}