{"id":36066,"date":"2024-04-23T17:15:23","date_gmt":"2024-04-23T22:15:23","guid":{"rendered":"https:\/\/www.fiscaliadecuentas.gob.pa\/?page_id=36066"},"modified":"2024-04-23T17:50:55","modified_gmt":"2024-04-23T22:50:55","slug":"reglamento-interno-y-guia-del-conductor","status":"publish","type":"page","link":"https:\/\/www.fiscaliadecuentas.gob.pa\/?page_id=36066","title":{"rendered":"Reglamento Interno"},"content":{"rendered":"<div id='layer_slider_1'  class='avia-layerslider main_color avia-shadow  avia-builder-el-0  el_before_av_hr  avia-builder-el-first  container_wrap sidebar_right'  style='height: 301px; max-width: 1310px; margin: 0 auto;'  ><\/div><div id='after_layer_slider_1'  class='main_color av_default_container_wrap container_wrap sidebar_right'  ><div class='container av-section-cont-open' ><div class='template-page content  av-content-small alpha units'><div class='post-entry post-entry-type-page post-entry-36066'><div class='entry-content-wrapper clearfix'>\n\n<style type=\"text\/css\" data-created_by=\"avia_inline_auto\" id=\"style-css-av-av_hr-c212a6610ca2a1554649fe7cde83d8bf\">\n#top .hr.hr-invisible.av-av_hr-c212a6610ca2a1554649fe7cde83d8bf{\nheight:50px;\n}\n<\/style>\n<div  class='hr av-av_hr-c212a6610ca2a1554649fe7cde83d8bf hr-invisible  avia-builder-el-1  el_after_av_layerslider  el_before_av_textblock  avia-builder-el-first '><span class='hr-inner '><span class=\"hr-inner-style\"><\/span><\/span><\/div>\n<section  class='av_textblock_section av-lvcyqmem-2d9040f4de6f17a02f55f9f7937f4e74 '   itemscope=\"itemscope\" itemtype=\"https:\/\/schema.org\/CreativeWork\" ><div class='avia_textblock'  itemprop=\"text\" ><h1 style=\"text-align: center; text-shadow: rgba(0, 0, 0, 0.3) 0px 0px 10px;\"><span style=\"color: #7a7a7a;\"><span style=\"font-size: 38px;\">Reglamento Interno<\/span><\/span><\/h1>\n<\/div><\/section>\n\n<style type=\"text\/css\" data-created_by=\"avia_inline_auto\" id=\"style-css-av-av_hr-c212a6610ca2a1554649fe7cde83d8bf\">\n#top .hr.hr-invisible.av-av_hr-c212a6610ca2a1554649fe7cde83d8bf{\nheight:50px;\n}\n<\/style>\n<div  class='hr av-av_hr-c212a6610ca2a1554649fe7cde83d8bf hr-invisible  avia-builder-el-3  el_after_av_textblock  el_before_av_one_half '><span class='hr-inner '><span class=\"hr-inner-style\"><\/span><\/span><\/div>\n<div  class='flex_column av-av_one_half-e35d4d7392d344ede5b92e9eb6686da9 av_one_half  avia-builder-el-4  el_after_av_hr  el_before_av_one_half  first flex_column_div  '     ><div  class='avia-icon-list-container av-lvcyyun6-5605ba56550e9b05dc4da12d6f204d95  avia-builder-el-5  avia-builder-el-no-sibling '><ul class='avia-icon-list avia_animate_when_almost_visible avia-icon-list-left av-iconlist-big av-lvcyyun6-5605ba56550e9b05dc4da12d6f204d95 avia-iconlist-animate'>\n<li><a href='https:\/\/www.fiscaliadecuentas.gob.pa\/wp-content\/uploads\/2023\/12\/Reglamento-Interno-de-la-Fiscalia-General-de-Cuentas-actualizado-a-diciembre-de-2023.pdf' title='RESOLUCI\u00d3N FGC-68-2023 de 27 de noviembre de 2023'  target=\"_blank\"  rel=\"noopener noreferrer\" class='iconlist_icon av-lvcyytmr-2fcd26812174ec62ff9bb5db1e12a9ab avia-font-fontawesome avia-iconfont avia-font-fontawesome'><span class='av-icon-char' data-av_icon='\uf1c1' data-av_iconfont='fontawesome' aria-hidden=\"true\"><\/span><\/a><article class=\"article-icon-entry \"  itemscope=\"itemscope\" itemtype=\"https:\/\/schema.org\/CreativeWork\" ><div class=\"iconlist_content_wrap\"><header class=\"entry-content-header\" aria-label=\"Icon: &lt;a href=&#039;https:\/\/www.fiscaliadecuentas.gob.pa\/wp-content\/uploads\/2023\/12\/Reglamento-Interno-de-la-Fiscalia-General-de-Cuentas-actualizado-a-diciembre-de-2023.pdf&#039; title=&#039;RESOLUCI\u00d3N FGC-68-2023 de 27 de noviembre de 2023&#039; target=&quot;_blank&quot;  rel=&quot;noopener noreferrer&quot;&gt;RESOLUCI\u00d3N FGC-68-2023 de 27 de noviembre de 2023&lt;\/a&gt;\"><h4 class='av_iconlist_title iconlist_title  '  itemprop=\"headline\" ><a href='https:\/\/www.fiscaliadecuentas.gob.pa\/wp-content\/uploads\/2023\/12\/Reglamento-Interno-de-la-Fiscalia-General-de-Cuentas-actualizado-a-diciembre-de-2023.pdf' title='RESOLUCI\u00d3N FGC-68-2023 de 27 de noviembre de 2023' target=\"_blank\"  rel=\"noopener noreferrer\">RESOLUCI\u00d3N FGC-68-2023 de 27 de noviembre de 2023<\/a><\/h4><\/header><div class='iconlist_content '  itemprop=\"text\" ><p style=\"text-align: justify;\">Por la cual se subroga el Texto \u00danico del Reglamento Interno de la Fiscal\u00eda General de Cuentas.<\/p>\n<\/div><\/div><footer class=\"entry-footer\"><\/footer><\/article><div class=\"iconlist-timeline\"><\/div><\/li>\n<\/ul><\/div><\/div><div  class='flex_column av-av_one_half-42d37b427ea0fe62155da7ff29a9dab8 av_one_half  avia-builder-el-6  el_after_av_one_half  el_before_av_hr  flex_column_div  '     ><div  class='avia-icon-list-container av-lvczamgx-101a049afedc3d8fa713a67b9a6da8dd  avia-builder-el-7  avia-builder-el-no-sibling '><ul class='avia-icon-list avia_animate_when_almost_visible avia-icon-list-left av-iconlist-big av-lvczamgx-101a049afedc3d8fa713a67b9a6da8dd avia-iconlist-animate'>\n<li><a href='https:\/\/www.fiscaliadecuentas.gob.pa\/wp-content\/uploads\/2024\/04\/RESOLUCION-N.\u00b0-FGC-28-2024-Modifica-el-Reglamento-Interno.pdf' title='RESOLUCI\u00d3N N.\u00b0 FGC-28-2024 de 11 de abril de 2024'  target=\"_blank\"  rel=\"noopener noreferrer\" class='iconlist_icon av-lvczalan-ab6f5a58132b6b23fcb143a7c9a3f4c2 avia-font-fontawesome avia-iconfont avia-font-fontawesome'><span class='av-icon-char' data-av_icon='\uf1c1' data-av_iconfont='fontawesome' aria-hidden=\"true\"><\/span><\/a><article class=\"article-icon-entry \"  itemscope=\"itemscope\" itemtype=\"https:\/\/schema.org\/CreativeWork\" ><div class=\"iconlist_content_wrap\"><header class=\"entry-content-header\" aria-label=\"Icon: &lt;a href=&#039;https:\/\/www.fiscaliadecuentas.gob.pa\/wp-content\/uploads\/2024\/04\/RESOLUCION-N.\u00b0-FGC-28-2024-Modifica-el-Reglamento-Interno.pdf&#039; title=&#039;RESOLUCI\u00d3N N.\u00b0 FGC-28-2024 de 11 de abril de 2024&#039; target=&quot;_blank&quot;  rel=&quot;noopener noreferrer&quot;&gt;RESOLUCI\u00d3N N.\u00b0 FGC-28-2024 de 11 de abril de 2024&lt;\/a&gt;\"><h4 class='av_iconlist_title iconlist_title  '  itemprop=\"headline\" ><a href='https:\/\/www.fiscaliadecuentas.gob.pa\/wp-content\/uploads\/2024\/04\/RESOLUCION-N.\u00b0-FGC-28-2024-Modifica-el-Reglamento-Interno.pdf' title='RESOLUCI\u00d3N N.\u00b0 FGC-28-2024 de 11 de abril de 2024' target=\"_blank\"  rel=\"noopener noreferrer\">RESOLUCI\u00d3N N.\u00b0 FGC-28-2024 de 11 de abril de 2024<\/a><\/h4><\/header><div class='iconlist_content '  itemprop=\"text\" ><p style=\"text-align: justify;\">Que, a trav\u00e9s de la Resoluci\u00f3n N.\u00b0 FGC-068-2023 de 27 de noviembre de 2023, se subroga el Texto \u00danico del Reglamento Interno de la Fiscal\u00eda General de Cuentas, mismo que entr\u00f3 a regir a partir de su publicaci\u00f3n en la Gaceta Oficial Digital N.\u00b0 29924-A de martes 5 de diciembre de 2023.<\/p>\n<\/div><\/div><footer class=\"entry-footer\"><\/footer><\/article><div class=\"iconlist-timeline\"><\/div><\/li>\n<\/ul><\/div><\/div>\n<style type=\"text\/css\" data-created_by=\"avia_inline_auto\" id=\"style-css-av-av_hr-c212a6610ca2a1554649fe7cde83d8bf\">\n#top .hr.hr-invisible.av-av_hr-c212a6610ca2a1554649fe7cde83d8bf{\nheight:50px;\n}\n<\/style>\n<div  class='hr av-av_hr-c212a6610ca2a1554649fe7cde83d8bf hr-invisible  avia-builder-el-8  el_after_av_one_half  el_before_av_one_half '><span class='hr-inner '><span class=\"hr-inner-style\"><\/span><\/span><\/div><\/p>\n<div  class='flex_column av-av_one_half-e35d4d7392d344ede5b92e9eb6686da9 av_one_half  avia-builder-el-9  el_after_av_hr  avia-builder-el-last  first flex_column_div  '     ><\/div>\n","protected":false},"excerpt":{"rendered":"","protected":false},"author":9,"featured_media":0,"parent":0,"menu_order":0,"comment_status":"closed","ping_status":"closed","template":"","meta":{"_EventAllDay":false,"_EventTimezone":"","_EventStartDate":"","_EventEndDate":"","_EventStartDateUTC":"","_EventEndDateUTC":"","_EventShowMap":false,"_EventShowMapLink":false,"_EventURL":"","_EventCost":"","_EventCostDescription":"","_EventCurrencySymbol":"","_EventCurrencyCode":"","_EventCurrencyPosition":"","_EventDateTimeSeparator":"","_EventTimeRangeSeparator":"","_EventOrganizerID":[],"_EventVenueID":[],"_OrganizerEmail":"","_OrganizerPhone":"","_OrganizerWebsite":"","_VenueAddress":"","_VenueCity":"","_VenueCountry":"","_VenueProvince":"","_VenueState":"","_VenueZip":"","_VenuePhone":"","_VenueURL":"","_VenueStateProvince":"","_VenueLat":"","_VenueLng":"","_VenueShowMap":false,"_VenueShowMapLink":false,"footnotes":""},"class_list":["post-36066","page","type-page","status-publish","hentry"],"_links":{"self":[{"href":"https:\/\/www.fiscaliadecuentas.gob.pa\/index.php?rest_route=\/wp\/v2\/pages\/36066","targetHints":{"allow":["GET"]}}],"collection":[{"href":"https:\/\/www.fiscaliadecuentas.gob.pa\/index.php?rest_route=\/wp\/v2\/pages"}],"about":[{"href":"https:\/\/www.fiscaliadecuentas.gob.pa\/index.php?rest_route=\/wp\/v2\/types\/page"}],"author":[{"embeddable":true,"href":"https:\/\/www.fiscaliadecuentas.gob.pa\/index.php?rest_route=\/wp\/v2\/users\/9"}],"replies":[{"embeddable":true,"href":"https:\/\/www.fiscaliadecuentas.gob.pa\/index.php?rest_route=%2Fwp%2Fv2%2Fcomments&post=36066"}],"version-history":[{"count":4,"href":"https:\/\/www.fiscaliadecuentas.gob.pa\/index.php?rest_route=\/wp\/v2\/pages\/36066\/revisions"}],"predecessor-version":[{"id":36080,"href":"https:\/\/www.fiscaliadecuentas.gob.pa\/index.php?rest_route=\/wp\/v2\/pages\/36066\/revisions\/36080"}],"wp:attachment":[{"href":"https:\/\/www.fiscaliadecuentas.gob.pa\/index.php?rest_route=%2Fwp%2Fv2%2Fmedia&parent=36066"}],"curies":[{"name":"wp","href":"https:\/\/api.w.org\/{rel}","templated":true}]}}