{"id":36123,"date":"2024-04-24T13:37:45","date_gmt":"2024-04-24T18:37:45","guid":{"rendered":"https:\/\/www.fiscaliadecuentas.gob.pa\/?page_id=36123"},"modified":"2024-04-24T14:32:57","modified_gmt":"2024-04-24T19:32:57","slug":"integridad","status":"publish","type":"page","link":"https:\/\/www.fiscaliadecuentas.gob.pa\/?page_id=36123","title":{"rendered":"Integridad"},"content":{"rendered":"<div id='layer_slider_1'  class='avia-layerslider main_color avia-shadow  avia-builder-el-0  el_before_av_hr  avia-builder-el-first  container_wrap sidebar_right'  style='height: 301px; max-width: 1310px; margin: 0 auto;'  ><\/div><div id='after_layer_slider_1'  class='main_color av_default_container_wrap container_wrap sidebar_right'  ><div class='container av-section-cont-open' ><div class='template-page content  av-content-small alpha units'><div class='post-entry post-entry-type-page post-entry-36123'><div class='entry-content-wrapper clearfix'>\n\n<style type=\"text\/css\" data-created_by=\"avia_inline_auto\" id=\"style-css-av-av_hr-c212a6610ca2a1554649fe7cde83d8bf\">\n#top .hr.hr-invisible.av-av_hr-c212a6610ca2a1554649fe7cde83d8bf{\nheight:50px;\n}\n<\/style>\n<div  class='hr av-av_hr-c212a6610ca2a1554649fe7cde83d8bf hr-invisible  avia-builder-el-1  el_after_av_layerslider  el_before_av_textblock  avia-builder-el-first '><span class='hr-inner '><span class=\"hr-inner-style\"><\/span><\/span><\/div>\n<section  class='av_textblock_section av-lve5ry8g-7c9f6ee8c16554d9334a1a8653fff615 '   itemscope=\"itemscope\" itemtype=\"https:\/\/schema.org\/CreativeWork\" ><div class='avia_textblock'  itemprop=\"text\" ><h1 style=\"text-align: center; text-shadow: rgba(0, 0, 0, 0.3) 0px 0px 10px;\"><span style=\"color: #7a7a7a;\"><span style=\"font-size: 38px;\">Integridad<\/span><\/span><\/h1>\n<\/div><\/section>\n\n<style type=\"text\/css\" data-created_by=\"avia_inline_auto\" id=\"style-css-av-av_hr-c212a6610ca2a1554649fe7cde83d8bf\">\n#top .hr.hr-invisible.av-av_hr-c212a6610ca2a1554649fe7cde83d8bf{\nheight:50px;\n}\n<\/style>\n<div  class='hr av-av_hr-c212a6610ca2a1554649fe7cde83d8bf hr-invisible  avia-builder-el-3  el_after_av_textblock  el_before_av_one_half '><span class='hr-inner '><span class=\"hr-inner-style\"><\/span><\/span><\/div>\n<div  class='flex_column av-av_one_half-e35d4d7392d344ede5b92e9eb6686da9 av_one_half  avia-builder-el-4  el_after_av_hr  el_before_av_one_half  first flex_column_div  '     ><div  class='avia-icon-list-container av-lve7l98q-4a418184731bbdea1e734c631978c71d  avia-builder-el-5  avia-builder-el-no-sibling '><ul class='avia-icon-list avia_animate_when_almost_visible avia-icon-list-left av-iconlist-big av-lve7l98q-4a418184731bbdea1e734c631978c71d avia-iconlist-animate'>\n<li><div class='iconlist_icon av-lve7l8sq-ad45fc820c7af99f0a3150998bdf4f1e avia-font-fontawesome avia-iconfont avia-font-fontawesome'><span class='av-icon-char' data-av_icon='\uf1c1' data-av_iconfont='fontawesome' aria-hidden=\"true\"><\/span><\/div><article class=\"article-icon-entry \"  itemscope=\"itemscope\" itemtype=\"https:\/\/schema.org\/CreativeWork\" ><div class=\"iconlist_content_wrap\"><header class=\"entry-content-header\" aria-label=\"Icon: 1.\tResoluci\u00f3n que Crea el Comit\u00e9 de Integridad\"><h4 class='av_iconlist_title iconlist_title  '  itemprop=\"headline\" >1.\tResoluci\u00f3n que Crea el Comit\u00e9 de Integridad<\/h4><\/header><div class='iconlist_content '  itemprop=\"text\" ><p style=\"text-align: justify;\">&#8211;<\/p>\n<\/div><\/div><footer class=\"entry-footer\"><\/footer><\/article><div class=\"iconlist-timeline\"><\/div><\/li>\n<li><a href='https:\/\/www.fiscaliadecuentas.gob.pa\/wp-content\/uploads\/2023\/12\/Reglamento-Interno-de-la-Fiscalia-General-de-Cuentas-actualizado-a-diciembre-de-2023.pdf' title='2.\tReglamento Interno'  target=\"_blank\"  rel=\"noopener noreferrer\" class='iconlist_icon av-av_iconlist_item-b85fcad124278e0b1211013a6056c03c avia-font-fontawesome avia-iconfont avia-font-fontawesome'><span class='av-icon-char' data-av_icon='\uf1c1' data-av_iconfont='fontawesome' aria-hidden=\"true\"><\/span><\/a><article class=\"article-icon-entry \"  itemscope=\"itemscope\" itemtype=\"https:\/\/schema.org\/CreativeWork\" ><div class=\"iconlist_content_wrap\"><header class=\"entry-content-header\" aria-label=\"Icon: &lt;a href=&#039;https:\/\/www.fiscaliadecuentas.gob.pa\/wp-content\/uploads\/2023\/12\/Reglamento-Interno-de-la-Fiscalia-General-de-Cuentas-actualizado-a-diciembre-de-2023.pdf&#039; title=&#039;2.\tReglamento Interno&#039; target=&quot;_blank&quot;  rel=&quot;noopener noreferrer&quot;&gt;2.\tReglamento Interno&lt;\/a&gt;\"><h4 class='av_iconlist_title iconlist_title  '  itemprop=\"headline\" ><a href='https:\/\/www.fiscaliadecuentas.gob.pa\/wp-content\/uploads\/2023\/12\/Reglamento-Interno-de-la-Fiscalia-General-de-Cuentas-actualizado-a-diciembre-de-2023.pdf' title='2.\tReglamento Interno' target=\"_blank\"  rel=\"noopener noreferrer\">2.\tReglamento Interno<\/a><\/h4><\/header><div class='iconlist_content '  itemprop=\"text\" ><p style=\"text-align: justify;\">RESOLUCI\u00d3N FGC-68-2023 de 27 de noviembre de 2023, <b>Por la cual se subroga el Texto \u00danico del Reglamento Interno de la Fiscal\u00eda General de Cuentas.<\/b><\/p>\n<\/div><\/div><footer class=\"entry-footer\"><\/footer><\/article><div class=\"iconlist-timeline\"><\/div><\/li>\n<li><a href='https:\/\/www.fiscaliadecuentas.gob.pa\/wp-content\/uploads\/2023\/12\/RESOLUCION-FGC-69-2023.pdf' title='3.\tResoluci\u00f3n que crea el Comit\u00e9 de Auditor\u00eda'  target=\"_blank\"  rel=\"noopener noreferrer\" class='iconlist_icon av-av_iconlist_item-95088ae0e48a49d460451e3b38a9b5fa avia-font-fontawesome avia-iconfont avia-font-fontawesome'><span class='av-icon-char' data-av_icon='\uf1c1' data-av_iconfont='fontawesome' aria-hidden=\"true\"><\/span><\/a><article class=\"article-icon-entry \"  itemscope=\"itemscope\" itemtype=\"https:\/\/schema.org\/CreativeWork\" ><div class=\"iconlist_content_wrap\"><header class=\"entry-content-header\" aria-label=\"Icon: &lt;a href=&#039;https:\/\/www.fiscaliadecuentas.gob.pa\/wp-content\/uploads\/2023\/12\/RESOLUCION-FGC-69-2023.pdf&#039; title=&#039;3.\tResoluci\u00f3n que crea el Comit\u00e9 de Auditor\u00eda&#039; target=&quot;_blank&quot;  rel=&quot;noopener noreferrer&quot;&gt;3.\tResoluci\u00f3n que crea el Comit\u00e9 de Auditor\u00eda&lt;\/a&gt;\"><h4 class='av_iconlist_title iconlist_title  '  itemprop=\"headline\" ><a href='https:\/\/www.fiscaliadecuentas.gob.pa\/wp-content\/uploads\/2023\/12\/RESOLUCION-FGC-69-2023.pdf' title='3.\tResoluci\u00f3n que crea el Comit\u00e9 de Auditor\u00eda' target=\"_blank\"  rel=\"noopener noreferrer\">3.\tResoluci\u00f3n que crea el Comit\u00e9 de Auditor\u00eda<\/a><\/h4><\/header><div class='iconlist_content '  itemprop=\"text\" ><p style=\"text-align: justify;\">RESOLUCI\u00d3N FGC-69-2023 de 7 de diciembre de 2023, <b>Por la cual se crea el Comit\u00e9 de Auditor\u00eda de la Fiscal\u00eda General de Cuentas.<\/b><\/p>\n<\/div><\/div><footer class=\"entry-footer\"><\/footer><\/article><div class=\"iconlist-timeline\"><\/div><\/li>\n<li><a href='https:\/\/www.fiscaliadecuentas.gob.pa\/wp-content\/uploads\/2020\/09\/FGC_Codigo_de_Etica.pdf' title='4.\tC\u00f3digo de \u00e9tica de la FGC'  target=\"_blank\"  rel=\"noopener noreferrer\" class='iconlist_icon av-av_iconlist_item-0a0f7d0f44aceaf57ada9b00abb10212 avia-font-fontawesome avia-iconfont avia-font-fontawesome'><span class='av-icon-char' data-av_icon='\uf1c1' data-av_iconfont='fontawesome' aria-hidden=\"true\"><\/span><\/a><article class=\"article-icon-entry \"  itemscope=\"itemscope\" itemtype=\"https:\/\/schema.org\/CreativeWork\" ><div class=\"iconlist_content_wrap\"><header class=\"entry-content-header\" aria-label=\"Icon: &lt;a href=&#039;https:\/\/www.fiscaliadecuentas.gob.pa\/wp-content\/uploads\/2020\/09\/FGC_Codigo_de_Etica.pdf&#039; title=&#039;4.\tC\u00f3digo de \u00e9tica de la FGC&#039; target=&quot;_blank&quot;  rel=&quot;noopener noreferrer&quot;&gt;4.\tC\u00f3digo de \u00e9tica de la FGC&lt;\/a&gt;\"><h4 class='av_iconlist_title iconlist_title  '  itemprop=\"headline\" ><a href='https:\/\/www.fiscaliadecuentas.gob.pa\/wp-content\/uploads\/2020\/09\/FGC_Codigo_de_Etica.pdf' title='4.\tC\u00f3digo de \u00e9tica de la FGC' target=\"_blank\"  rel=\"noopener noreferrer\">4.\tC\u00f3digo de \u00e9tica de la FGC<\/a><\/h4><\/header><div class='iconlist_content '  itemprop=\"text\" ><p style=\"text-align: justify;\">RESOLUCI\u00d3N N.\u00b0 FGC-058-20 de 3 de septiembre de 2020, <b>QUE ADOPTA EL C\u00d3DIGO DE \u00c9TICA DE LA FISCAL\u00cdA GENERAL DE CUENTAS.<\/b><\/p>\n<\/div><\/div><footer class=\"entry-footer\"><\/footer><\/article><div class=\"iconlist-timeline\"><\/div><\/li>\n<\/ul><\/div><\/div><div  class='flex_column av-av_one_half-42d37b427ea0fe62155da7ff29a9dab8 av_one_half  avia-builder-el-6  el_after_av_one_half  el_before_av_hr  flex_column_div  '     ><div  class='avia-icon-list-container av-lve6n34p-672ea6b9ffd429f84c4d651c41c8f995  avia-builder-el-7  avia-builder-el-no-sibling '><ul class='avia-icon-list avia_animate_when_almost_visible avia-icon-list-left av-iconlist-big av-lve6n34p-672ea6b9ffd429f84c4d651c41c8f995 avia-iconlist-animate'>\n<li><a href='https:\/\/www.fiscaliadecuentas.gob.pa\/wp-content\/uploads\/2020\/09\/FGC_Codigo_de_Etica.pdf' title='5.\tC\u00f3digo de \u00e9tica de los Servidores P\u00fablicos'  target=\"_blank\"  rel=\"noopener noreferrer\" class='iconlist_icon av-lve6mwb7-b13372e650b0ea083100534e43555406 avia-font-fontawesome avia-iconfont avia-font-fontawesome'><span class='av-icon-char' data-av_icon='\uf1c1' data-av_iconfont='fontawesome' aria-hidden=\"true\"><\/span><\/a><article class=\"article-icon-entry \"  itemscope=\"itemscope\" itemtype=\"https:\/\/schema.org\/CreativeWork\" ><div class=\"iconlist_content_wrap\"><header class=\"entry-content-header\" aria-label=\"Icon: &lt;a href=&#039;https:\/\/www.fiscaliadecuentas.gob.pa\/wp-content\/uploads\/2020\/09\/FGC_Codigo_de_Etica.pdf&#039; title=&#039;5.\tC\u00f3digo de \u00e9tica de los Servidores P\u00fablicos&#039; target=&quot;_blank&quot;  rel=&quot;noopener noreferrer&quot;&gt;5.\tC\u00f3digo de \u00e9tica de los Servidores P\u00fablicos&lt;\/a&gt;\"><h4 class='av_iconlist_title iconlist_title  '  itemprop=\"headline\" ><a href='https:\/\/www.fiscaliadecuentas.gob.pa\/wp-content\/uploads\/2020\/09\/FGC_Codigo_de_Etica.pdf' title='5.\tC\u00f3digo de \u00e9tica de los Servidores P\u00fablicos' target=\"_blank\"  rel=\"noopener noreferrer\">5.\tC\u00f3digo de \u00e9tica de los Servidores P\u00fablicos<\/a><\/h4><\/header><div class='iconlist_content '  itemprop=\"text\" ><p style=\"text-align: justify;\">Resoluci\u00f3n N.\u00b0 FGC-058-20 de 3 de septiembre de 2020, <b>QUE ADOPTA EL C\u00d3DIGO DE \u00c9TICA DE LA FISCAL\u00cdA GENERAL DE CUENTAS.<\/b><\/p>\n<\/div><\/div><footer class=\"entry-footer\"><\/footer><\/article><div class=\"iconlist-timeline\"><\/div><\/li>\n<li><a href='https:\/\/www.fiscaliadecuentas.gob.pa\/?3d-flip-book=revista-codigo-de-cultura-institucional' title='6.\tC\u00f3digo de Cultura'  target=\"_blank\"  rel=\"noopener noreferrer\" class='iconlist_icon av-av_iconlist_item-403f0718126232dd5c6442fd31cf7979 avia-font-fontawesome avia-iconfont avia-font-fontawesome'><span class='av-icon-char' data-av_icon='\uf1c1' data-av_iconfont='fontawesome' aria-hidden=\"true\"><\/span><\/a><article class=\"article-icon-entry av-iconlist-empty\"  itemscope=\"itemscope\" itemtype=\"https:\/\/schema.org\/CreativeWork\" ><div class=\"iconlist_content_wrap\"><header class=\"entry-content-header\" aria-label=\"Icon: &lt;a href=&#039;https:\/\/www.fiscaliadecuentas.gob.pa\/?3d-flip-book=revista-codigo-de-cultura-institucional&#039; title=&#039;6.\tC\u00f3digo de Cultura&#039; target=&quot;_blank&quot;  rel=&quot;noopener noreferrer&quot;&gt;6.\tC\u00f3digo de Cultura&lt;\/a&gt;\"><h4 class='av_iconlist_title iconlist_title  '  itemprop=\"headline\" ><a href='https:\/\/www.fiscaliadecuentas.gob.pa\/?3d-flip-book=revista-codigo-de-cultura-institucional' title='6.\tC\u00f3digo de Cultura' target=\"_blank\"  rel=\"noopener noreferrer\">6.\tC\u00f3digo de Cultura<\/a><\/h4><\/header><div class='iconlist_content '  itemprop=\"text\" ><\/div><\/div><footer class=\"entry-footer\"><\/footer><\/article><div class=\"iconlist-timeline\"><\/div><\/li>\n<\/ul><\/div><\/div>\n<style type=\"text\/css\" data-created_by=\"avia_inline_auto\" id=\"style-css-av-av_hr-c212a6610ca2a1554649fe7cde83d8bf\">\n#top .hr.hr-invisible.av-av_hr-c212a6610ca2a1554649fe7cde83d8bf{\nheight:50px;\n}\n<\/style>\n<div  class='hr av-av_hr-c212a6610ca2a1554649fe7cde83d8bf hr-invisible  avia-builder-el-8  el_after_av_one_half  el_before_av_one_half '><span class='hr-inner '><span class=\"hr-inner-style\"><\/span><\/span><\/div><\/p>\n<div  class='flex_column av-av_one_half-e35d4d7392d344ede5b92e9eb6686da9 av_one_half  avia-builder-el-9  el_after_av_hr  avia-builder-el-last  first flex_column_div  '     ><\/div>\n","protected":false},"excerpt":{"rendered":"","protected":false},"author":9,"featured_media":0,"parent":0,"menu_order":0,"comment_status":"closed","ping_status":"closed","template":"","meta":{"_EventAllDay":false,"_EventTimezone":"","_EventStartDate":"","_EventEndDate":"","_EventStartDateUTC":"","_EventEndDateUTC":"","_EventShowMap":false,"_EventShowMapLink":false,"_EventURL":"","_EventCost":"","_EventCostDescription":"","_EventCurrencySymbol":"","_EventCurrencyCode":"","_EventCurrencyPosition":"","_EventDateTimeSeparator":"","_EventTimeRangeSeparator":"","_EventOrganizerID":[],"_EventVenueID":[],"_OrganizerEmail":"","_OrganizerPhone":"","_OrganizerWebsite":"","_VenueAddress":"","_VenueCity":"","_VenueCountry":"","_VenueProvince":"","_VenueState":"","_VenueZip":"","_VenuePhone":"","_VenueURL":"","_VenueStateProvince":"","_VenueLat":"","_VenueLng":"","_VenueShowMap":false,"_VenueShowMapLink":false,"footnotes":""},"class_list":["post-36123","page","type-page","status-publish","hentry"],"_links":{"self":[{"href":"https:\/\/www.fiscaliadecuentas.gob.pa\/index.php?rest_route=\/wp\/v2\/pages\/36123","targetHints":{"allow":["GET"]}}],"collection":[{"href":"https:\/\/www.fiscaliadecuentas.gob.pa\/index.php?rest_route=\/wp\/v2\/pages"}],"about":[{"href":"https:\/\/www.fiscaliadecuentas.gob.pa\/index.php?rest_route=\/wp\/v2\/types\/page"}],"author":[{"embeddable":true,"href":"https:\/\/www.fiscaliadecuentas.gob.pa\/index.php?rest_route=\/wp\/v2\/users\/9"}],"replies":[{"embeddable":true,"href":"https:\/\/www.fiscaliadecuentas.gob.pa\/index.php?rest_route=%2Fwp%2Fv2%2Fcomments&post=36123"}],"version-history":[{"count":13,"href":"https:\/\/www.fiscaliadecuentas.gob.pa\/index.php?rest_route=\/wp\/v2\/pages\/36123\/revisions"}],"predecessor-version":[{"id":37154,"href":"https:\/\/www.fiscaliadecuentas.gob.pa\/index.php?rest_route=\/wp\/v2\/pages\/36123\/revisions\/37154"}],"wp:attachment":[{"href":"https:\/\/www.fiscaliadecuentas.gob.pa\/index.php?rest_route=%2Fwp%2Fv2%2Fmedia&parent=36123"}],"curies":[{"name":"wp","href":"https:\/\/api.w.org\/{rel}","templated":true}]}}