{"id":6908,"date":"2020-05-08T11:44:44","date_gmt":"2020-05-08T16:44:44","guid":{"rendered":"https:\/\/www.fiscaliadecuentas.gob.pa\/?page_id=6908"},"modified":"2020-05-08T11:44:45","modified_gmt":"2020-05-08T16:44:45","slug":"waleska-r-hormechea-beluche","status":"publish","type":"page","link":"https:\/\/www.fiscaliadecuentas.gob.pa\/?page_id=6908","title":{"rendered":"Waleska R. Hormechea Beluche"},"content":{"rendered":"\n<h2 class=\"wp-block-heading\">Waleska R. Hormechea Beluche<\/h2>\n\n\n\n<h4 class=\"wp-block-heading\">FISCAL GENERAL DE CUENTAS<\/h4>\n\n\n\n<p class=\"has-text-align-justify\" style=\"font-size: 15px;\">Profesional del derecho, con m\u00e1s de 30 a\u00f1os de experiencia, egresada de la Universidad Santa Mar\u00eda La Antigua (1987); Posee maestr\u00eda en Sistema Penal Acusatorio (2017); Derecho Penal y Derecho Procesal Penal (2015); Derecho Procesal (2004) y Estudios Criminol\u00f3gicos (2002). Postgrado en Derecho Procesal Penal con menci\u00f3n en los principios constitucionales que fundamentan el Sistema Acusatorio (2014); Sistema Penal Acusatorio (2014); Estudios Criminol\u00f3gicos (2000). Diplomado en Gesti\u00f3n Acad\u00e9mica y Curr\u00edculo (2014); Derechos Humanos I y II (2006); Elaboraci\u00f3n y Gesti\u00f3n de Proyectos (2007) y Mediaci\u00f3n, Conciliaci\u00f3n y Arbitraje (2008).<\/p>\n\n\n\n<p class=\"has-text-align-justify\" style=\"font-size: 15px;\">Docente universitaria con m\u00e1s de 20 a\u00f1os de experiencia y Postgrado en Docencia Superior (2013).<\/p>\n\n\n\n<p class=\"has-text-align-justify\" style=\"font-size: 15px;\">Ha participado en m\u00faltiples capacitaciones y pasant\u00edas nacionales e internacionales y ha sido miembro de distintas comisiones de trabajo relacionados con el mejoramiento de la administraci\u00f3n de justicia y reformas al C\u00f3digo Penal y Procesal Penal e implementaci\u00f3n del sistema penal acusatorio.<\/p>\n\n\n\n<p class=\"has-text-align-justify\" style=\"font-size: 15px;\">En su experiencia laboral ejerci\u00f3 como Directora de la Oficina Institucional contra la Trata de Personas del Ministerio de Seguridad P\u00fablica y Secretaria General de la Comisi\u00f3n Nacional contra la Trata de Personas; Asesora Judicial en la Secci\u00f3n de Asuntos Antinarc\u00f3ticos y Aplicaci\u00f3n de la Ley (INL) de la Embajada de Estados Unidos de Norteam\u00e9rica en Panam\u00e1 y Coordinadora de Reformas Judiciales del Proyecto Cultura de Legalidad \u2013 Iniciativa para el Estado de Derecho que adelant\u00f3 el Colegio de Abogados de Estados Unidos (ABAROLI) con fondos de la Secci\u00f3n INL de la Embajada de Estados Unidos.<\/p>\n\n\n\n<p class=\"has-text-align-justify\" style=\"font-size: 15px;\">Labor\u00f3 en el \u00d3rgano Judicial donde ejerci\u00f3 la judicatura por 18 a\u00f1os como Jueza Municipal Penal y Civil en el Distrito de Balboa, Col\u00f3n y San Miguelito. En el \u00e1rea administrativa ejerci\u00f3 como la primera Jefa de la Oficina de Descongesti\u00f3n Judicial.<\/p>\n\n\n\n<p class=\"has-text-align-justify\" style=\"font-size: 15px;\">Docente universitaria con una trayectoria activa de 20 a\u00f1os a nivel de licenciatura en la USMA y a nivel de maestr\u00eda en UDELAS y la USMA, adem\u00e1s en diversos diplomados en la USMA, UMECIT, COLUMBUS y UDELAS.<\/p>\n\n\n\n<p class=\"has-text-align-justify\" style=\"font-size: 15px;\">Miembro del Colegio Nacional de Abogados de Panam\u00e1 desde 1987.<\/p>\n\n\n\n<p class=\"has-text-align-justify\" style=\"font-size: 15px;\">Miembro de la Asociaci\u00f3n de Esposas de Banqueros desde 1992.<\/p>\n\n\n\n<p class=\"has-text-align-justify\" style=\"font-size: 15px;\">Ex miembro de la Asociaci\u00f3n Paname\u00f1a de Magistrados y Jueces de 1994 a 2010, donde fungi\u00f3 como Secretaria General del 2004 a 2010.<\/p>\n\n\n\n<p class=\"has-text-align-justify\" style=\"font-size: 15px;\">Coautora de varias obras jur\u00eddicas.<\/p>\n","protected":false},"excerpt":{"rendered":"<p>Waleska R. Hormechea Beluche FISCAL GENERAL DE CUENTAS Profesional del derecho, con m\u00e1s de 30 a\u00f1os de experiencia, egresada de la Universidad Santa Mar\u00eda La Antigua (1987); Posee maestr\u00eda en [&hellip;]<\/p>\n","protected":false},"author":9,"featured_media":0,"parent":0,"menu_order":0,"comment_status":"closed","ping_status":"closed","template":"","meta":{"_EventAllDay":false,"_EventTimezone":"","_EventStartDate":"","_EventEndDate":"","_EventStartDateUTC":"","_EventEndDateUTC":"","_EventShowMap":false,"_EventShowMapLink":false,"_EventURL":"","_EventCost":"","_EventCostDescription":"","_EventCurrencySymbol":"","_EventCurrencyCode":"","_EventCurrencyPosition":"","_EventDateTimeSeparator":"","_EventTimeRangeSeparator":"","_EventOrganizerID":[],"_EventVenueID":[],"_OrganizerEmail":"","_OrganizerPhone":"","_OrganizerWebsite":"","_VenueAddress":"","_VenueCity":"","_VenueCountry":"","_VenueProvince":"","_VenueState":"","_VenueZip":"","_VenuePhone":"","_VenueURL":"","_VenueStateProvince":"","_VenueLat":"","_VenueLng":"","_VenueShowMap":false,"_VenueShowMapLink":false,"footnotes":""},"class_list":["post-6908","page","type-page","status-publish","hentry"],"_links":{"self":[{"href":"https:\/\/www.fiscaliadecuentas.gob.pa\/index.php?rest_route=\/wp\/v2\/pages\/6908","targetHints":{"allow":["GET"]}}],"collection":[{"href":"https:\/\/www.fiscaliadecuentas.gob.pa\/index.php?rest_route=\/wp\/v2\/pages"}],"about":[{"href":"https:\/\/www.fiscaliadecuentas.gob.pa\/index.php?rest_route=\/wp\/v2\/types\/page"}],"author":[{"embeddable":true,"href":"https:\/\/www.fiscaliadecuentas.gob.pa\/index.php?rest_route=\/wp\/v2\/users\/9"}],"replies":[{"embeddable":true,"href":"https:\/\/www.fiscaliadecuentas.gob.pa\/index.php?rest_route=%2Fwp%2Fv2%2Fcomments&post=6908"}],"version-history":[{"count":2,"href":"https:\/\/www.fiscaliadecuentas.gob.pa\/index.php?rest_route=\/wp\/v2\/pages\/6908\/revisions"}],"predecessor-version":[{"id":6910,"href":"https:\/\/www.fiscaliadecuentas.gob.pa\/index.php?rest_route=\/wp\/v2\/pages\/6908\/revisions\/6910"}],"wp:attachment":[{"href":"https:\/\/www.fiscaliadecuentas.gob.pa\/index.php?rest_route=%2Fwp%2Fv2%2Fmedia&parent=6908"}],"curies":[{"name":"wp","href":"https:\/\/api.w.org\/{rel}","templated":true}]}}